{"id":67132,"date":"2025-01-22T16:17:36","date_gmt":"2025-01-22T16:17:36","guid":{"rendered":"https:\/\/brandss.com.py\/index\/?post_type=product&#038;p=67132"},"modified":"2025-01-22T16:17:53","modified_gmt":"2025-01-22T16:17:53","slug":"tosatadora-dsp-electrica","status":"publish","type":"product","link":"https:\/\/brandss.com.py\/index\/producto\/tosatadora-dsp-electrica\/","title":{"rendered":"TOSATADORA DSP ELECTRICA"},"content":{"rendered":"<h1><img loading=\"lazy\" decoding=\"async\" class=\"\" src=\"https:\/\/encrypted-tbn0.gstatic.com\/images?q=tbn:ANd9GcTorcnxcoamfDSrgnvIycaEOfg3tfqBetVpzaYlX3N86kNK4oP8pHtD6AcPlxlz2otISsU&amp;usqp=CAU\" width=\"208\" height=\"106\" \/><\/h1>\n<h1>kc2038<\/h1>\n<p>Disfruta de tostadas perfectamente doradas con la tostadora DSP KC2038, dise\u00f1ada para ofrecer un tostado uniforme y r\u00e1pido. Su dise\u00f1o compacto y elegante la hace ideal para cualquier cocina, mientras que sus ajustes de temperatura permiten personalizar el nivel de tostado a tu gusto. Adem\u00e1s, cuenta con ranuras anchas para distintos tipos de pan y una bandeja recogemigas para una limpieza f\u00e1cil.<\/p>\n<h3><strong>Caracter\u00edsticas:<\/strong><\/h3>\n<ul>\n<li><strong>Marca:<\/strong> DSP<\/li>\n<li><strong>Modelo:<\/strong> KC2038<\/li>\n<li><strong>Potencia eficiente<\/strong> para un tostado r\u00e1pido y uniforme<\/li>\n<li><strong>Ranuras anchas<\/strong> para diferentes tipos de pan<\/li>\n<li><strong>Ajuste de niveles de tostado<\/strong> para personalizar el dorado<\/li>\n<li><strong>Funci\u00f3n de descongelado y recalentado<\/strong><\/li>\n<li><strong>Bandeja recogemigas extra\u00edble<\/strong> para f\u00e1cil limpieza<\/li>\n<li><strong>Dise\u00f1o compacto y elegante<\/strong><\/li>\n<\/ul>\n<h3><strong>El paquete incluye:<\/strong><\/h3>\n<ul>\n<li>1 x Tostadora DSP KC2038<\/li>\n<li>1 x Manual de instrucciones<\/li>\n<\/ul>\n<p><strong>Tipo de producto:<\/strong> Tostadora el\u00e9ctrica<\/p>\n","protected":false},"excerpt":{"rendered":"<p>kc2038 Disfruta de tostadas perfectamente doradas con la tostadora DSP KC2038, dise\u00f1ada para ofrecer un tostado uniforme y r\u00e1pido. Su<\/p>\n","protected":false},"featured_media":67134,"comment_status":"open","ping_status":"closed","template":"","meta":{"nf_dc_page":""},"product_brand":[],"product_cat":[83],"product_tag":[],"class_list":{"0":"post-67132","1":"product","2":"type-product","3":"status-publish","4":"has-post-thumbnail","6":"product_cat-hogar","8":"first","9":"instock","10":"shipping-taxable","11":"purchasable","12":"product-type-simple"},"_links":{"self":[{"href":"https:\/\/brandss.com.py\/index\/wp-json\/wp\/v2\/product\/67132","targetHints":{"allow":["GET"]}}],"collection":[{"href":"https:\/\/brandss.com.py\/index\/wp-json\/wp\/v2\/product"}],"about":[{"href":"https:\/\/brandss.com.py\/index\/wp-json\/wp\/v2\/types\/product"}],"replies":[{"embeddable":true,"href":"https:\/\/brandss.com.py\/index\/wp-json\/wp\/v2\/comments?post=67132"}],"version-history":[{"count":1,"href":"https:\/\/brandss.com.py\/index\/wp-json\/wp\/v2\/product\/67132\/revisions"}],"predecessor-version":[{"id":67138,"href":"https:\/\/brandss.com.py\/index\/wp-json\/wp\/v2\/product\/67132\/revisions\/67138"}],"wp:featuredmedia":[{"embeddable":true,"href":"https:\/\/brandss.com.py\/index\/wp-json\/wp\/v2\/media\/67134"}],"wp:attachment":[{"href":"https:\/\/brandss.com.py\/index\/wp-json\/wp\/v2\/media?parent=67132"}],"wp:term":[{"taxonomy":"product_brand","embeddable":true,"href":"https:\/\/brandss.com.py\/index\/wp-json\/wp\/v2\/product_brand?post=67132"},{"taxonomy":"product_cat","embeddable":true,"href":"https:\/\/brandss.com.py\/index\/wp-json\/wp\/v2\/product_cat?post=67132"},{"taxonomy":"product_tag","embeddable":true,"href":"https:\/\/brandss.com.py\/index\/wp-json\/wp\/v2\/product_tag?post=67132"}],"curies":[{"name":"wp","href":"https:\/\/api.w.org\/{rel}","templated":true}]}}