{"id":67157,"date":"2025-01-22T18:13:15","date_gmt":"2025-01-22T18:13:15","guid":{"rendered":"https:\/\/brandss.com.py\/index\/?post_type=product&#038;p=67157"},"modified":"2025-01-22T18:13:45","modified_gmt":"2025-01-22T18:13:45","slug":"vestido-femenino-nike-sportswear-air-plus-size-mangas-largas","status":"publish","type":"product","link":"https:\/\/brandss.com.py\/index\/producto\/vestido-femenino-nike-sportswear-air-plus-size-mangas-largas\/","title":{"rendered":"VESTIDO FEMENINO NIKE SPORTSWEAR AIR PLUS SIZE MANGAS LARGAS"},"content":{"rendered":"<p><img loading=\"lazy\" decoding=\"async\" class=\"\" src=\"https:\/\/encrypted-tbn0.gstatic.com\/images?q=tbn:ANd9GcQp-Z5H8Lrp8q79zl6eN531tj0Jt9QmPcVaxg&amp;s\" alt=\"Logo Nike PNG transparente - StickPNG\" width=\"77\" height=\"77\" \/><\/p>\n<h1>SPORTSWEAR AIR PLUS SIZE<\/h1>\n<p><strong>TEJIDO PARA COMODIDAD. AJUSTADO PARA LA AVENTURA. <\/strong><\/p>\n<p>Dise\u00f1ado teniendo en cuenta las temperaturas m\u00e1s fr\u00edas, el vestido Nike Air presenta un cuello alto y mangas largas para una mayor cobertura y calidez. Confeccionado con un tejido de punto suave y el\u00e1stico de dos colores, esta silueta ajustada al cuerpo llega a la mitad del muslo. Los detalles de costura princesa en el panel frontal brindan un aspecto elegante que puedes usar de manera elegante o informal.<\/p>\n<p><strong>Tejido de punto de dos colores:<\/strong> suave y el\u00e1stico, este tejido acanalado tiene una textura ligera y una elasticidad sutil para ayudarte a moverte sin distracciones.<\/p>\n<p><strong>Ajuste ce\u00f1ido al cuerpo:<\/strong> este ajuste ce\u00f1ido al cuerpo llega a la mitad del muslo y presenta una abertura en el muslo izquierdo para mayor movilidad y estilo.<\/p>\n<p>Ajuste ce\u00f1ido para una sensaci\u00f3n ce\u00f1ida al cuerpo.<\/p>\n<p>36 % algod\u00f3n\/35 % poli\u00e9ster\/24 % modal\/5 % elastano.<\/p>\n<p>Lavado a m\u00e1quina.<\/p>\n<p>Importado.<\/p>\n<p>Modelo: DM9192-601<\/p>\n<p>Color: Oxford rosa<\/p>\n<p>&nbsp;<\/p>\n","protected":false},"excerpt":{"rendered":"<p>SPORTSWEAR AIR PLUS SIZE TEJIDO PARA COMODIDAD. AJUSTADO PARA LA AVENTURA. Dise\u00f1ado teniendo en cuenta las temperaturas m\u00e1s fr\u00edas, el<\/p>\n","protected":false},"featured_media":67158,"comment_status":"open","ping_status":"closed","template":"","meta":{"nf_dc_page":""},"product_brand":[],"product_cat":[73],"product_tag":[],"class_list":{"0":"post-67157","1":"product","2":"type-product","3":"status-publish","4":"has-post-thumbnail","6":"product_cat-femenino","8":"first","9":"instock","10":"shipping-taxable","11":"purchasable","12":"product-type-simple"},"_links":{"self":[{"href":"https:\/\/brandss.com.py\/index\/wp-json\/wp\/v2\/product\/67157","targetHints":{"allow":["GET"]}}],"collection":[{"href":"https:\/\/brandss.com.py\/index\/wp-json\/wp\/v2\/product"}],"about":[{"href":"https:\/\/brandss.com.py\/index\/wp-json\/wp\/v2\/types\/product"}],"replies":[{"embeddable":true,"href":"https:\/\/brandss.com.py\/index\/wp-json\/wp\/v2\/comments?post=67157"}],"version-history":[{"count":1,"href":"https:\/\/brandss.com.py\/index\/wp-json\/wp\/v2\/product\/67157\/revisions"}],"predecessor-version":[{"id":67163,"href":"https:\/\/brandss.com.py\/index\/wp-json\/wp\/v2\/product\/67157\/revisions\/67163"}],"wp:featuredmedia":[{"embeddable":true,"href":"https:\/\/brandss.com.py\/index\/wp-json\/wp\/v2\/media\/67158"}],"wp:attachment":[{"href":"https:\/\/brandss.com.py\/index\/wp-json\/wp\/v2\/media?parent=67157"}],"wp:term":[{"taxonomy":"product_brand","embeddable":true,"href":"https:\/\/brandss.com.py\/index\/wp-json\/wp\/v2\/product_brand?post=67157"},{"taxonomy":"product_cat","embeddable":true,"href":"https:\/\/brandss.com.py\/index\/wp-json\/wp\/v2\/product_cat?post=67157"},{"taxonomy":"product_tag","embeddable":true,"href":"https:\/\/brandss.com.py\/index\/wp-json\/wp\/v2\/product_tag?post=67157"}],"curies":[{"name":"wp","href":"https:\/\/api.w.org\/{rel}","templated":true}]}}