{"id":67164,"date":"2025-01-22T18:37:56","date_gmt":"2025-01-22T18:37:56","guid":{"rendered":"https:\/\/brandss.com.py\/index\/?post_type=product&#038;p=67164"},"modified":"2025-01-22T18:39:45","modified_gmt":"2025-01-22T18:39:45","slug":"vestido-deportivo-femenino-nike-dri-fit-ace-de-golf-sin-mangas","status":"publish","type":"product","link":"https:\/\/brandss.com.py\/index\/producto\/vestido-deportivo-femenino-nike-dri-fit-ace-de-golf-sin-mangas\/","title":{"rendered":"VESTIDO DEPORTIVO FEMENINO NIKE DRI-FIT ACE DE GOLF SIN MANGAS"},"content":{"rendered":"<p><img loading=\"lazy\" decoding=\"async\" class=\"\" src=\"https:\/\/encrypted-tbn0.gstatic.com\/images?q=tbn:ANd9GcQp-Z5H8Lrp8q79zl6eN531tj0Jt9QmPcVaxg&amp;s\" alt=\"Logo Nike PNG transparente - StickPNG\" width=\"90\" height=\"90\" \/><\/p>\n<h1>DRI-FIT ACE DE GOLF<\/h1>\n<p><span>Con pliegues fluidos y muchos bolsillos, el vestido Nike Dri-FIT Ace es tu nueva opci\u00f3n para los d\u00edas c\u00e1lidos en el campo. La tela liviana y el\u00e1stica tiene perforaciones en los costados que mejoran el flujo de aire para ayudarte a mantenerte fresco cuando la ronda se intensifica.<\/span><\/p>\n<p><strong><span>Beneficios<\/span><\/strong><\/p>\n<ul>\n<li><span>La tecnolog\u00eda Nike Dri-FIT aleja el sudor de la piel para una evaporaci\u00f3n m\u00e1s r\u00e1pida, lo que ayuda a mantenerte seco y c\u00f3modo.<\/span><\/li>\n<li><span>Los pliegues en la espalda fluyen y se ensanchan mientras te mueves.<\/span><\/li>\n<li><span>2 bolsillos laterales y 1 bolsillo trasero te brindan espacio para guardar una tarjeta de puntuaci\u00f3n, tees y m\u00e1s.<\/span><\/li>\n<li><span>Los bolsillos est\u00e1n forrados con malla para reducir el volumen.<\/span><\/li>\n<li><span>Ajuste est\u00e1ndar para una sensaci\u00f3n relajada y c\u00f3moda.<\/span><\/li>\n<li><span>Cuerpo: 84 % poli\u00e9ster \/ 16 % elastano<\/span><\/li>\n<li><span>Paneles: 86 % poli\u00e9ster \/ 14 % elastano<\/span><\/li>\n<li><span>Malla: 100 % poli\u00e9ster<\/span><\/li>\n<li><span>Lavado a m\u00e1quina.<\/span><\/li>\n<li>Color: Arctic Orange<\/li>\n<li>Modelo: DH2437-800<\/li>\n<\/ul>\n","protected":false},"excerpt":{"rendered":"<p>DRI-FIT ACE DE GOLF Con pliegues fluidos y muchos bolsillos, el vestido Nike Dri-FIT Ace es tu nueva opci\u00f3n para<\/p>\n","protected":false},"featured_media":67165,"comment_status":"open","ping_status":"closed","template":"","meta":{"nf_dc_page":""},"product_brand":[],"product_cat":[73],"product_tag":[],"class_list":{"0":"post-67164","1":"product","2":"type-product","3":"status-publish","4":"has-post-thumbnail","6":"product_cat-femenino","8":"first","9":"instock","10":"shipping-taxable","11":"purchasable","12":"product-type-simple"},"_links":{"self":[{"href":"https:\/\/brandss.com.py\/index\/wp-json\/wp\/v2\/product\/67164","targetHints":{"allow":["GET"]}}],"collection":[{"href":"https:\/\/brandss.com.py\/index\/wp-json\/wp\/v2\/product"}],"about":[{"href":"https:\/\/brandss.com.py\/index\/wp-json\/wp\/v2\/types\/product"}],"replies":[{"embeddable":true,"href":"https:\/\/brandss.com.py\/index\/wp-json\/wp\/v2\/comments?post=67164"}],"version-history":[{"count":1,"href":"https:\/\/brandss.com.py\/index\/wp-json\/wp\/v2\/product\/67164\/revisions"}],"predecessor-version":[{"id":67172,"href":"https:\/\/brandss.com.py\/index\/wp-json\/wp\/v2\/product\/67164\/revisions\/67172"}],"wp:featuredmedia":[{"embeddable":true,"href":"https:\/\/brandss.com.py\/index\/wp-json\/wp\/v2\/media\/67165"}],"wp:attachment":[{"href":"https:\/\/brandss.com.py\/index\/wp-json\/wp\/v2\/media?parent=67164"}],"wp:term":[{"taxonomy":"product_brand","embeddable":true,"href":"https:\/\/brandss.com.py\/index\/wp-json\/wp\/v2\/product_brand?post=67164"},{"taxonomy":"product_cat","embeddable":true,"href":"https:\/\/brandss.com.py\/index\/wp-json\/wp\/v2\/product_cat?post=67164"},{"taxonomy":"product_tag","embeddable":true,"href":"https:\/\/brandss.com.py\/index\/wp-json\/wp\/v2\/product_tag?post=67164"}],"curies":[{"name":"wp","href":"https:\/\/api.w.org\/{rel}","templated":true}]}}