{"id":67180,"date":"2025-01-23T11:33:58","date_gmt":"2025-01-23T11:33:58","guid":{"rendered":"https:\/\/brandss.com.py\/index\/?post_type=product&#038;p=67180"},"modified":"2025-01-23T11:34:59","modified_gmt":"2025-01-23T11:34:59","slug":"camiseta-deportivo-femenino-fila-thermo-slim-mangas-largas","status":"publish","type":"product","link":"https:\/\/brandss.com.py\/index\/producto\/camiseta-deportivo-femenino-fila-thermo-slim-mangas-largas\/","title":{"rendered":"CAMISETA DEPORTIVO FEMENINO FILA THERMO SLIM MANGAS LARGAS"},"content":{"rendered":"<p><img loading=\"lazy\" decoding=\"async\" class=\"\" src=\"https:\/\/1000marcas.net\/wp-content\/uploads\/2019\/12\/logo-Fila.png\" alt=\"Logo de Fila: la historia y el significado del logotipo, la marca y el  s\u00edmbolo. | png, vector\" width=\"119\" height=\"67\" \/><\/p>\n<h1>THERMO SLIM<\/h1>\n<p>Experimenta el m\u00e1ximo rendimiento con nuestra camiseta manga larga, ideal para tus actividades f\u00edsicas intensas. Confeccionada con malla de poli\u00e9ster con elastano y forro polar interno, esta pieza ofrece un aislamiento t\u00e9rmico superior para garantizar tu comodidad incluso durante los entrenamientos m\u00e1s exigentes. El corte entallado proporciona un ajuste perfecto al cuerpo, mientras que el cuello redondo y las costuras sin roces garantizan una total libertad de movimientos. Con el lateral adelantado y detalles exclusivos como el collar cobre personalizado con Fila Performa y el logo Fila Letter en la parte superior delantera, ir\u00e1s elegante y preparada para cualquier desaf\u00edo. Disponible en Brands, la tienda que entiende y valora tu potencial.<\/p>\n<p>Composici\u00f3n: Elastano, Poli\u00e9ster.<\/p>\n<p>Color: Blanco.<\/p>\n<p>Modelo: F12AT00559-100.<\/p>\n","protected":false},"excerpt":{"rendered":"<p>THERMO SLIM Experimenta el m\u00e1ximo rendimiento con nuestra camiseta manga larga, ideal para tus actividades f\u00edsicas intensas. Confeccionada con malla<\/p>\n","protected":false},"featured_media":67181,"comment_status":"open","ping_status":"closed","template":"","meta":{"nf_dc_page":""},"product_brand":[],"product_cat":[73],"product_tag":[],"class_list":{"0":"post-67180","1":"product","2":"type-product","3":"status-publish","4":"has-post-thumbnail","6":"product_cat-femenino","8":"first","9":"instock","10":"shipping-taxable","11":"purchasable","12":"product-type-simple"},"_links":{"self":[{"href":"https:\/\/brandss.com.py\/index\/wp-json\/wp\/v2\/product\/67180","targetHints":{"allow":["GET"]}}],"collection":[{"href":"https:\/\/brandss.com.py\/index\/wp-json\/wp\/v2\/product"}],"about":[{"href":"https:\/\/brandss.com.py\/index\/wp-json\/wp\/v2\/types\/product"}],"replies":[{"embeddable":true,"href":"https:\/\/brandss.com.py\/index\/wp-json\/wp\/v2\/comments?post=67180"}],"version-history":[{"count":1,"href":"https:\/\/brandss.com.py\/index\/wp-json\/wp\/v2\/product\/67180\/revisions"}],"predecessor-version":[{"id":67187,"href":"https:\/\/brandss.com.py\/index\/wp-json\/wp\/v2\/product\/67180\/revisions\/67187"}],"wp:featuredmedia":[{"embeddable":true,"href":"https:\/\/brandss.com.py\/index\/wp-json\/wp\/v2\/media\/67181"}],"wp:attachment":[{"href":"https:\/\/brandss.com.py\/index\/wp-json\/wp\/v2\/media?parent=67180"}],"wp:term":[{"taxonomy":"product_brand","embeddable":true,"href":"https:\/\/brandss.com.py\/index\/wp-json\/wp\/v2\/product_brand?post=67180"},{"taxonomy":"product_cat","embeddable":true,"href":"https:\/\/brandss.com.py\/index\/wp-json\/wp\/v2\/product_cat?post=67180"},{"taxonomy":"product_tag","embeddable":true,"href":"https:\/\/brandss.com.py\/index\/wp-json\/wp\/v2\/product_tag?post=67180"}],"curies":[{"name":"wp","href":"https:\/\/api.w.org\/{rel}","templated":true}]}}