{"id":67188,"date":"2025-01-23T12:16:16","date_gmt":"2025-01-23T12:16:16","guid":{"rendered":"https:\/\/brandss.com.py\/index\/?post_type=product&#038;p=67188"},"modified":"2025-01-23T12:17:07","modified_gmt":"2025-01-23T12:17:07","slug":"short-deportivo-femenino-fila-future-sports-flow","status":"publish","type":"product","link":"https:\/\/brandss.com.py\/index\/producto\/short-deportivo-femenino-fila-future-sports-flow\/","title":{"rendered":"SHORT DEPORTIVO FEMENINO FILA FUTURE SPORTS FLOW"},"content":{"rendered":"<p><img loading=\"lazy\" decoding=\"async\" class=\"\" src=\"https:\/\/1000marcas.net\/wp-content\/uploads\/2019\/12\/logo-Fila.png\" alt=\"Logo de Fila: la historia y el significado del logotipo, la marca y el  s\u00edmbolo. | png, vector\" width=\"89\" height=\"50\" \/><\/p>\n<h1>FUTURE SPORTS FLOW<\/h1>\n<div class=\"flex flex-col gap-1\"><span class=\"text-[#19191a] text-xs\"><span>Pantal\u00f3n corto de mujer confeccionado en malla de poliamida elastizada con brillo y cortes laterales en el bajo en malla de poliamida con elastano, que ofrece mayor transpirabilidad. Dise\u00f1o slim fit, ajustado al cuerpo, con cintura alta y sin gancho, que proporciona seguridad y menor fricci\u00f3n durante el entrenamiento. Producto ecol\u00f3gico con certificado Oeko-Tex, que acredita la no utilizaci\u00f3n de productos qu\u00edmicos nocivos en su fabricaci\u00f3n.<\/span><\/span><\/div>\n<div><\/div>\n<div class=\"flex flex-col gap-1\"><span class=\"text-[#19191a] text-xs\"><span>Su tejido contiene 2 tecnolog\u00edas:<\/span><\/span><\/div>\n<div><\/div>\n<div class=\"flex flex-col gap-1\"><span class=\"text-[#19191a] text-xs\"><span><strong>PERFORMA:<\/strong>\u00a0que ofrece la compresi\u00f3n perfecta para libertad de movimiento y rendimiento, sin perder comodidad.<\/span><\/span><\/div>\n<div class=\"flex flex-col gap-1\"><span class=\"text-[#19191a] text-xs\"><span><strong>FLOW:<\/strong>\u00a0que proporciona un secado r\u00e1pido, manteniendo el cuerpo a la temperatura ideal para la pr\u00e1ctica deportiva.<\/span><\/span><\/div>\n<div><\/div>\n<div class=\"flex flex-col gap-1\"><span class=\"text-[#19191a] text-xs\"><span>Tiene cinturilla de 5 cm con el\u00e1stico interno cosido, bolsillo lateral izquierdo con aplique Fila Stripes, refuerzo entre piernas para mayor comodidad y cortes laterales.<\/span><\/span><\/div>\n<div><\/div>\n<div class=\"flex flex-col gap-1\"><span class=\"text-[#19191a] text-xs\"><span>Longitud total: 39 cm.<\/span><\/span><\/div>\n<div><\/div>\n<div class=\"flex flex-col gap-1\"><span class=\"text-[#19191a] text-xs font-bold\"><span>Categor\u00eda: <\/span><\/span><span class=\"text-[#19191a] text-xs\"><span>ropa deportiva<\/span><\/span><\/div>\n<div><\/div>\n<div class=\"flex flex-col gap-1\"><span class=\"text-[#19191a] text-xs font-bold\"><span>G\u00e9nero: <\/span><\/span><span class=\"text-[#19191a] text-xs\"><span>Femenino<\/span><\/span><\/div>\n<div><\/div>\n<div class=\"flex flex-col gap-1\"><span class=\"text-[#19191a] text-xs font-bold\"><span>Detalles del producto:<br \/>\n<\/span><\/span><span class=\"text-[#19191a] text-xs\"><span><br \/>\n-Cuerpo: 73%\u00a0 Poliamida,\u00a0 27%\u00a0 Elastano<br \/>\n-Corte lateral: 90%\u00a0 Poliamida, 10%\u00a0 Elastano<\/span><\/span><\/div>\n<div><\/div>\n<div><span class=\"text-[#19191a] text-xs font-bold\">Color: <\/span><span class=\"text-[#19191a] text-xs\">Vino<\/span><\/div>\n<p><span class=\"text-[#aaa] text-sm\"><span>Modelo: F12AT00877_769<\/span><\/span><\/p>\n","protected":false},"excerpt":{"rendered":"<p>FUTURE SPORTS FLOW Pantal\u00f3n corto de mujer confeccionado en malla de poliamida elastizada con brillo y cortes laterales en el<\/p>\n","protected":false},"featured_media":67189,"comment_status":"open","ping_status":"closed","template":"","meta":{"nf_dc_page":""},"product_brand":[],"product_cat":[73],"product_tag":[],"class_list":{"0":"post-67188","1":"product","2":"type-product","3":"status-publish","4":"has-post-thumbnail","6":"product_cat-femenino","8":"first","9":"instock","10":"shipping-taxable","11":"purchasable","12":"product-type-simple"},"_links":{"self":[{"href":"https:\/\/brandss.com.py\/index\/wp-json\/wp\/v2\/product\/67188","targetHints":{"allow":["GET"]}}],"collection":[{"href":"https:\/\/brandss.com.py\/index\/wp-json\/wp\/v2\/product"}],"about":[{"href":"https:\/\/brandss.com.py\/index\/wp-json\/wp\/v2\/types\/product"}],"replies":[{"embeddable":true,"href":"https:\/\/brandss.com.py\/index\/wp-json\/wp\/v2\/comments?post=67188"}],"version-history":[{"count":1,"href":"https:\/\/brandss.com.py\/index\/wp-json\/wp\/v2\/product\/67188\/revisions"}],"predecessor-version":[{"id":67194,"href":"https:\/\/brandss.com.py\/index\/wp-json\/wp\/v2\/product\/67188\/revisions\/67194"}],"wp:featuredmedia":[{"embeddable":true,"href":"https:\/\/brandss.com.py\/index\/wp-json\/wp\/v2\/media\/67189"}],"wp:attachment":[{"href":"https:\/\/brandss.com.py\/index\/wp-json\/wp\/v2\/media?parent=67188"}],"wp:term":[{"taxonomy":"product_brand","embeddable":true,"href":"https:\/\/brandss.com.py\/index\/wp-json\/wp\/v2\/product_brand?post=67188"},{"taxonomy":"product_cat","embeddable":true,"href":"https:\/\/brandss.com.py\/index\/wp-json\/wp\/v2\/product_cat?post=67188"},{"taxonomy":"product_tag","embeddable":true,"href":"https:\/\/brandss.com.py\/index\/wp-json\/wp\/v2\/product_tag?post=67188"}],"curies":[{"name":"wp","href":"https:\/\/api.w.org\/{rel}","templated":true}]}}