{"id":67207,"date":"2025-01-23T13:28:36","date_gmt":"2025-01-23T13:28:36","guid":{"rendered":"https:\/\/brandss.com.py\/index\/?post_type=product&#038;p=67207"},"modified":"2025-01-23T13:29:42","modified_gmt":"2025-01-23T13:29:42","slug":"short-deportivo-femenino-fila-block-sports-2","status":"publish","type":"product","link":"https:\/\/brandss.com.py\/index\/producto\/short-deportivo-femenino-fila-block-sports-2\/","title":{"rendered":"SHORT DEPORTIVO FEMENINO FILA BLOCK SPORTS"},"content":{"rendered":"<p><img loading=\"lazy\" decoding=\"async\" class=\"\" src=\"https:\/\/1000marcas.net\/wp-content\/uploads\/2019\/12\/logo-Fila.png\" alt=\"Logo de Fila: la historia y el significado del logotipo, la marca y el  s\u00edmbolo. | png, vector\" width=\"137\" height=\"77\" \/><\/p>\n<h1>BLOCK SPORTS<\/h1>\n<div class=\"flex flex-col gap-1\"><span class=\"text-[#19191a] text-xs\"><span>Pantal\u00f3n corto de mujer confeccionado en forro polar de poli\u00e9ster con elastano. Modelado regular. Tiene cinturilla con el\u00e1stico interno, dobladillo redondeado con abertura lateral, costuras pespunteadas, corte lateral en contraste y el logo Fila Letter aplicado en el lado izquierdo cerca del dobladillo.<\/span><\/span><\/div>\n<div><\/div>\n<div class=\"flex flex-col gap-1\"><span class=\"text-[#19191a] text-xs font-bold\"><span>Categor\u00eda: <\/span><\/span><span class=\"text-[#19191a] text-xs\"><span>ropa deportiva<\/span><\/span><\/div>\n<div class=\"flex flex-col gap-1\"><span class=\"text-[#19191a] text-xs font-bold\"><span>Color: <\/span><\/span><span class=\"text-[#19191a] text-xs\"><span>Verde oliva\/Verde pastel claro<\/span><\/span><\/div>\n<div class=\"flex flex-col gap-1\"><span class=\"text-[#19191a] text-xs font-bold\"><span>G\u00e9nero: <\/span><\/span><span class=\"text-[#19191a] text-xs\"><span>Femenino<\/span><\/span><\/div>\n<div class=\"flex flex-col gap-1\"><span class=\"text-[#19191a] text-xs font-bold\"><span>Detalles del producto: <\/span><\/span><span class=\"text-[#19191a] text-xs\"><span>92%\u00a0 Poli\u00e9ster,\u00a0 8% Elastano<\/span><\/span><\/div>\n<div class=\"flex flex-col gap-1\"><span class=\"text-[#aaa] text-sm\"><span>Modelo: F12AT00516_3470<\/span><\/span><\/div>\n","protected":false},"excerpt":{"rendered":"<p>BLOCK SPORTS Pantal\u00f3n corto de mujer confeccionado en forro polar de poli\u00e9ster con elastano. Modelado regular. Tiene cinturilla con el\u00e1stico<\/p>\n","protected":false},"featured_media":67208,"comment_status":"open","ping_status":"closed","template":"","meta":{"nf_dc_page":""},"product_brand":[],"product_cat":[73],"product_tag":[],"class_list":{"0":"post-67207","1":"product","2":"type-product","3":"status-publish","4":"has-post-thumbnail","6":"product_cat-femenino","8":"first","9":"instock","10":"shipping-taxable","11":"purchasable","12":"product-type-simple"},"_links":{"self":[{"href":"https:\/\/brandss.com.py\/index\/wp-json\/wp\/v2\/product\/67207","targetHints":{"allow":["GET"]}}],"collection":[{"href":"https:\/\/brandss.com.py\/index\/wp-json\/wp\/v2\/product"}],"about":[{"href":"https:\/\/brandss.com.py\/index\/wp-json\/wp\/v2\/types\/product"}],"replies":[{"embeddable":true,"href":"https:\/\/brandss.com.py\/index\/wp-json\/wp\/v2\/comments?post=67207"}],"version-history":[{"count":1,"href":"https:\/\/brandss.com.py\/index\/wp-json\/wp\/v2\/product\/67207\/revisions"}],"predecessor-version":[{"id":67211,"href":"https:\/\/brandss.com.py\/index\/wp-json\/wp\/v2\/product\/67207\/revisions\/67211"}],"wp:featuredmedia":[{"embeddable":true,"href":"https:\/\/brandss.com.py\/index\/wp-json\/wp\/v2\/media\/67208"}],"wp:attachment":[{"href":"https:\/\/brandss.com.py\/index\/wp-json\/wp\/v2\/media?parent=67207"}],"wp:term":[{"taxonomy":"product_brand","embeddable":true,"href":"https:\/\/brandss.com.py\/index\/wp-json\/wp\/v2\/product_brand?post=67207"},{"taxonomy":"product_cat","embeddable":true,"href":"https:\/\/brandss.com.py\/index\/wp-json\/wp\/v2\/product_cat?post=67207"},{"taxonomy":"product_tag","embeddable":true,"href":"https:\/\/brandss.com.py\/index\/wp-json\/wp\/v2\/product_tag?post=67207"}],"curies":[{"name":"wp","href":"https:\/\/api.w.org\/{rel}","templated":true}]}}