{"id":67212,"date":"2025-01-23T14:31:38","date_gmt":"2025-01-23T14:31:38","guid":{"rendered":"https:\/\/brandss.com.py\/index\/?post_type=product&#038;p=67212"},"modified":"2025-01-23T14:32:44","modified_gmt":"2025-01-23T14:32:44","slug":"short-deportivo-femenino-fila-seven-stripes-fit-2","status":"publish","type":"product","link":"https:\/\/brandss.com.py\/index\/producto\/short-deportivo-femenino-fila-seven-stripes-fit-2\/","title":{"rendered":"SHORT DEPORTIVO FEMENINO FILA SEVEN STRIPES FIT"},"content":{"rendered":"<p><img loading=\"lazy\" decoding=\"async\" class=\"\" src=\"https:\/\/1000marcas.net\/wp-content\/uploads\/2019\/12\/logo-Fila.png\" alt=\"Logo de Fila: la historia y el significado del logotipo, la marca y el  s\u00edmbolo. | png, vector\" width=\"140\" height=\"79\" \/><\/p>\n<h1>SEVEN STRIPES FIT<\/h1>\n<div class=\"flex flex-col gap-1\">Mejora tu rutina de ejercicios con los pantalones cortos tipo legging para mujer FILA Seven Stripes Fit. Confeccionada en malla de poliamida texturizada transpirable con elastano, la prenda presenta un corte entallado, de largo corto y cintura alta. El tejido presenta tecnolog\u00edas de secado r\u00e1pido y estabilidad t\u00e9rmica.<\/div>\n<div><\/div>\n<div class=\"flex flex-col gap-1\">Longitud total: 36 cm.<\/div>\n<div><\/div>\n<div class=\"flex flex-col gap-1\"><span class=\"text-[#19191a] text-xs font-bold\"><span>Categor\u00eda: <\/span><\/span><span class=\"text-[#19191a] text-xs\"><span>Ropa deportiva.<\/span><\/span><\/div>\n<div><\/div>\n<div class=\"flex flex-col gap-1\"><span class=\"text-[#19191a] text-xs font-bold\"><span>G\u00e9nero: <\/span><\/span><span class=\"text-[#19191a] text-xs\"><span>Feminino<\/span><\/span><\/div>\n<div><\/div>\n<div class=\"flex flex-col gap-1\"><span class=\"text-[#19191a] text-xs font-bold\"><span>Detalles del producto:<\/span><\/span><span class=\"text-[#19191a] text-xs\"><span> 86% Poliamida, 14% Elastano<\/span><\/span><\/div>\n<p><span class=\"text-[#aaa] text-sm\"><span>Modelo: F12AT00888_3596<\/span><\/span><\/p>\n","protected":false},"excerpt":{"rendered":"<p>SEVEN STRIPES FIT Mejora tu rutina de ejercicios con los pantalones cortos tipo legging para mujer FILA Seven Stripes Fit.<\/p>\n","protected":false},"featured_media":67221,"comment_status":"open","ping_status":"closed","template":"","meta":{"nf_dc_page":""},"product_brand":[],"product_cat":[73],"product_tag":[],"class_list":{"0":"post-67212","1":"product","2":"type-product","3":"status-publish","4":"has-post-thumbnail","6":"product_cat-femenino","8":"first","9":"instock","10":"shipping-taxable","11":"purchasable","12":"product-type-simple"},"_links":{"self":[{"href":"https:\/\/brandss.com.py\/index\/wp-json\/wp\/v2\/product\/67212","targetHints":{"allow":["GET"]}}],"collection":[{"href":"https:\/\/brandss.com.py\/index\/wp-json\/wp\/v2\/product"}],"about":[{"href":"https:\/\/brandss.com.py\/index\/wp-json\/wp\/v2\/types\/product"}],"replies":[{"embeddable":true,"href":"https:\/\/brandss.com.py\/index\/wp-json\/wp\/v2\/comments?post=67212"}],"version-history":[{"count":1,"href":"https:\/\/brandss.com.py\/index\/wp-json\/wp\/v2\/product\/67212\/revisions"}],"predecessor-version":[{"id":67224,"href":"https:\/\/brandss.com.py\/index\/wp-json\/wp\/v2\/product\/67212\/revisions\/67224"}],"wp:featuredmedia":[{"embeddable":true,"href":"https:\/\/brandss.com.py\/index\/wp-json\/wp\/v2\/media\/67221"}],"wp:attachment":[{"href":"https:\/\/brandss.com.py\/index\/wp-json\/wp\/v2\/media?parent=67212"}],"wp:term":[{"taxonomy":"product_brand","embeddable":true,"href":"https:\/\/brandss.com.py\/index\/wp-json\/wp\/v2\/product_brand?post=67212"},{"taxonomy":"product_cat","embeddable":true,"href":"https:\/\/brandss.com.py\/index\/wp-json\/wp\/v2\/product_cat?post=67212"},{"taxonomy":"product_tag","embeddable":true,"href":"https:\/\/brandss.com.py\/index\/wp-json\/wp\/v2\/product_tag?post=67212"}],"curies":[{"name":"wp","href":"https:\/\/api.w.org\/{rel}","templated":true}]}}