{"id":67238,"date":"2025-01-23T16:17:38","date_gmt":"2025-01-23T16:17:38","guid":{"rendered":"https:\/\/brandss.com.py\/index\/?post_type=product&#038;p=67238"},"modified":"2025-01-23T16:19:01","modified_gmt":"2025-01-23T16:19:01","slug":"legging-deportivo-femenino-fila-seven-stripes-fit","status":"publish","type":"product","link":"https:\/\/brandss.com.py\/index\/producto\/legging-deportivo-femenino-fila-seven-stripes-fit\/","title":{"rendered":"LEGGING DEPORTIVO FEMENINO FILA SEVEN STRIPES FIT"},"content":{"rendered":"<p><img loading=\"lazy\" decoding=\"async\" class=\"\" src=\"https:\/\/1000marcas.net\/wp-content\/uploads\/2019\/12\/logo-Fila.png\" alt=\"Logo de Fila: la historia y el significado del logotipo, la marca y el  s\u00edmbolo. | png, vector\" width=\"101\" height=\"57\" \/><\/p>\n<h1>SEVEN STRIPES FIT<\/h1>\n<div class=\"flex flex-col gap-1\"><span class=\"text-[#19191a] text-xs\"><span>Legging de mujer confeccionado en malla transpirable de poliamida texturizada con elastano en el cuerpo y malla transpirable lisa de poliamida con elastano en los cortes laterales. Corte slim, ajustado al cuerpo, con cintura alta. Su tejido contiene tecnolog\u00eda FLOW, que proporciona un secado r\u00e1pido y mantiene el cuerpo a la temperatura ideal para practicar deporte. Tiene una cinturilla alargada de 7 cm sin el\u00e1stico, cortes laterales con ribetes en contraste, costuras Flats Seam (sin fricci\u00f3n con el cuerpo), estampado Fila Seven Bars en los cortes laterales cerca del dobladillo y logo Fila Letter en forma centralizada en la espalda. pretina. <\/span><\/span><\/div>\n<div><\/div>\n<div class=\"flex flex-col gap-1\"><span class=\"text-[#19191a] text-xs\"><span>Longitud total: 90 cm.<\/span><\/span><\/div>\n<div class=\"flex flex-col gap-1\"><span class=\"text-[#19191a] text-xs font-bold\"><span>Categor\u00eda: <\/span><\/span><span class=\"text-[#19191a] text-xs\"><span>ropa deportiva.<\/span><\/span><\/div>\n<div class=\"flex flex-col gap-1\"><span class=\"text-[#19191a] text-xs font-bold\"><span>Color: <\/span><\/span><span class=\"text-[#19191a] text-xs\"><span>Caqui\/Grafito\/Naranja.<\/span><\/span><\/div>\n<div class=\"flex flex-col gap-1\"><span class=\"text-[#19191a] text-xs font-bold\"><span>G\u00e9nero: <\/span><\/span><span class=\"text-[#19191a] text-xs\"><span>Femenino.<\/span><\/span><\/div>\n<div class=\"flex flex-col gap-1\"><span class=\"text-[#19191a] text-xs font-bold\"><span>Composici\u00f3n:<\/span><\/span><span class=\"text-[#19191a] text-xs\"><span> 86% Poliamida, 14% Elastano.<\/span><\/span><\/div>\n<div class=\"flex flex-col gap-1\"><span class=\"text-[#aaa] text-sm\"><span>Modelo: F12AT00889_3597.<\/span><\/span><\/div>\n","protected":false},"excerpt":{"rendered":"<p>SEVEN STRIPES FIT Legging de mujer confeccionado en malla transpirable de poliamida texturizada con elastano en el cuerpo y malla<\/p>\n","protected":false},"featured_media":67239,"comment_status":"open","ping_status":"closed","template":"","meta":{"nf_dc_page":""},"product_brand":[],"product_cat":[73],"product_tag":[],"class_list":{"0":"post-67238","1":"product","2":"type-product","3":"status-publish","4":"has-post-thumbnail","6":"product_cat-femenino","8":"first","9":"instock","10":"shipping-taxable","11":"purchasable","12":"product-type-simple"},"_links":{"self":[{"href":"https:\/\/brandss.com.py\/index\/wp-json\/wp\/v2\/product\/67238","targetHints":{"allow":["GET"]}}],"collection":[{"href":"https:\/\/brandss.com.py\/index\/wp-json\/wp\/v2\/product"}],"about":[{"href":"https:\/\/brandss.com.py\/index\/wp-json\/wp\/v2\/types\/product"}],"replies":[{"embeddable":true,"href":"https:\/\/brandss.com.py\/index\/wp-json\/wp\/v2\/comments?post=67238"}],"version-history":[{"count":1,"href":"https:\/\/brandss.com.py\/index\/wp-json\/wp\/v2\/product\/67238\/revisions"}],"predecessor-version":[{"id":67242,"href":"https:\/\/brandss.com.py\/index\/wp-json\/wp\/v2\/product\/67238\/revisions\/67242"}],"wp:featuredmedia":[{"embeddable":true,"href":"https:\/\/brandss.com.py\/index\/wp-json\/wp\/v2\/media\/67239"}],"wp:attachment":[{"href":"https:\/\/brandss.com.py\/index\/wp-json\/wp\/v2\/media?parent=67238"}],"wp:term":[{"taxonomy":"product_brand","embeddable":true,"href":"https:\/\/brandss.com.py\/index\/wp-json\/wp\/v2\/product_brand?post=67238"},{"taxonomy":"product_cat","embeddable":true,"href":"https:\/\/brandss.com.py\/index\/wp-json\/wp\/v2\/product_cat?post=67238"},{"taxonomy":"product_tag","embeddable":true,"href":"https:\/\/brandss.com.py\/index\/wp-json\/wp\/v2\/product_tag?post=67238"}],"curies":[{"name":"wp","href":"https:\/\/api.w.org\/{rel}","templated":true}]}}