{"id":67258,"date":"2025-01-23T17:03:27","date_gmt":"2025-01-23T17:03:27","guid":{"rendered":"https:\/\/brandss.com.py\/index\/?post_type=product&#038;p=67258"},"modified":"2026-04-11T13:25:20","modified_gmt":"2026-04-11T13:25:20","slug":"vestido-deportivo-femenino-lets-gym-grace-mangas-cortas","status":"publish","type":"product","link":"https:\/\/brandss.com.py\/index\/producto\/vestido-deportivo-femenino-lets-gym-grace-mangas-cortas\/","title":{"rendered":"VESTIDO DEPORTIVO FEMENINO LET&#8217;S GYM GRACE MANGAS CORTAS"},"content":{"rendered":"<p><img loading=\"lazy\" decoding=\"async\" class=\"\" src=\"https:\/\/assets.jumpseller.com\/store\/letsgym\/themes\/812094\/settings\/3b9dc58209d499f9673a\/logo_letsgym_horizontal_semfundo%202.jpg?1735362613\" alt=\"PRODUCTOS\" width=\"99\" height=\"29\" \/><\/p>\n<h1>GRACE<\/h1>\n<p>\u00a1El vestido Grace aporta un estilo sofisticado! Confeccionada en tejido ligero con protecci\u00f3n UV50+, es c\u00f3moda y elegante. El cuello del polo aporta un toque moderno y el pantal\u00f3n corto interior ofrece m\u00e1s comodidad y practicidad. Completo con una pegatina exclusiva de la marca, es ideal para un look cl\u00e1sico y actual. Perfecto para diversos deportes y actividades f\u00edsicas. No tiene copa removible.<\/p>\n<p>Beneficios:<\/p>\n<p>Gran elasticidad.<\/p>\n<p>Confort.<\/p>\n<p>Protecci\u00f3n UV50+.<\/p>\n<p>Tela: Light.<\/p>\n<p>Composici\u00f3n: 92% Poliamida y 08% Elastano.<\/p>\n<p>Color: Blanco.<\/p>\n<p>Modelo: 2560BR.<\/p>\n<p>Marca Let&#8217;s Gym.<\/p>\n<p>Colecci\u00f3n: PREPPY<\/p>\n","protected":false},"excerpt":{"rendered":"<p>GRACE \u00a1El vestido Grace aporta un estilo sofisticado! Confeccionada en tejido ligero con protecci\u00f3n UV50+, es c\u00f3moda y elegante. El<\/p>\n","protected":false},"featured_media":67259,"comment_status":"open","ping_status":"closed","template":"","meta":{"nf_dc_page":""},"product_brand":[],"product_cat":[73],"product_tag":[],"class_list":{"0":"post-67258","1":"product","2":"type-product","3":"status-publish","4":"has-post-thumbnail","6":"product_cat-femenino","8":"first","9":"outofstock","10":"shipping-taxable","11":"purchasable","12":"product-type-simple"},"_links":{"self":[{"href":"https:\/\/brandss.com.py\/index\/wp-json\/wp\/v2\/product\/67258","targetHints":{"allow":["GET"]}}],"collection":[{"href":"https:\/\/brandss.com.py\/index\/wp-json\/wp\/v2\/product"}],"about":[{"href":"https:\/\/brandss.com.py\/index\/wp-json\/wp\/v2\/types\/product"}],"replies":[{"embeddable":true,"href":"https:\/\/brandss.com.py\/index\/wp-json\/wp\/v2\/comments?post=67258"}],"version-history":[{"count":1,"href":"https:\/\/brandss.com.py\/index\/wp-json\/wp\/v2\/product\/67258\/revisions"}],"predecessor-version":[{"id":67262,"href":"https:\/\/brandss.com.py\/index\/wp-json\/wp\/v2\/product\/67258\/revisions\/67262"}],"wp:featuredmedia":[{"embeddable":true,"href":"https:\/\/brandss.com.py\/index\/wp-json\/wp\/v2\/media\/67259"}],"wp:attachment":[{"href":"https:\/\/brandss.com.py\/index\/wp-json\/wp\/v2\/media?parent=67258"}],"wp:term":[{"taxonomy":"product_brand","embeddable":true,"href":"https:\/\/brandss.com.py\/index\/wp-json\/wp\/v2\/product_brand?post=67258"},{"taxonomy":"product_cat","embeddable":true,"href":"https:\/\/brandss.com.py\/index\/wp-json\/wp\/v2\/product_cat?post=67258"},{"taxonomy":"product_tag","embeddable":true,"href":"https:\/\/brandss.com.py\/index\/wp-json\/wp\/v2\/product_tag?post=67258"}],"curies":[{"name":"wp","href":"https:\/\/api.w.org\/{rel}","templated":true}]}}