{"id":67285,"date":"2025-01-23T18:04:16","date_gmt":"2025-01-23T18:04:16","guid":{"rendered":"https:\/\/brandss.com.py\/index\/?post_type=product&#038;p=67285"},"modified":"2025-01-23T18:08:11","modified_gmt":"2025-01-23T18:08:11","slug":"shorts-deportivo-femenino-new-balance-sport-essentials","status":"publish","type":"product","link":"https:\/\/brandss.com.py\/index\/producto\/shorts-deportivo-femenino-new-balance-sport-essentials\/","title":{"rendered":"SHORTS DEPORTIVO FEMENINO NEW BALANCE SPORT ESSENTIALS"},"content":{"rendered":"<p><img loading=\"lazy\" decoding=\"async\" class=\"\" src=\"https:\/\/upload.wikimedia.org\/wikipedia\/commons\/thumb\/e\/ea\/New_Balance_logo.svg\/2560px-New_Balance_logo.svg.png\" alt=\"Archivo:New Balance logo.svg - Wikipedia, la enciclopedia libre\" width=\"87\" height=\"48\" \/><\/p>\n<h1>SPORT ESSENTIALS<\/h1>\n<p>Este pantal\u00f3n corto tejido cuenta con tecnolog\u00eda que absorbe la humedad para ayudarte a mantenerte seco.<\/p>\n<p>Caracter\u00edsticas<\/p>\n<div id=\"&quot;mountHere&quot;\" class=\"&quot;frame-root&quot;\">\n<div id=\"&quot;mountHere&quot;\" class=\"&quot;frame-root&quot;\">\n<div id=\"&quot;mountHere&quot;\" class=\"&quot;frame-root&quot;\">\n<div id=\"&quot;mountHere&quot;\" class=\"&quot;frame-root&quot;\">\n<ul>\n<li id=\"&quot;mountHere&quot;\" class=\"&quot;frame-root&quot;\">Bolsillos para las manos.<\/li>\n<li class=\"&quot;frame-root&quot;\">Forro transpirable incorporado con tecnolog\u00eda que absorbe la humedad NB DRY.<\/li>\n<li class=\"&quot;frame-root&quot;\">Logotipo de Flying NB.<\/li>\n<li class=\"&quot;frame-root&quot;\">Importado.<\/li>\n<li class=\"&quot;frame-root&quot;\">Color: Icewine.<\/li>\n<li class=\"&quot;frame-root&quot;\">Modelo: WS41226ICW-2880.<\/li>\n<\/ul>\n<\/div>\n<\/div>\n<\/div>\n<\/div>\n","protected":false},"excerpt":{"rendered":"<p>SPORT ESSENTIALS Este pantal\u00f3n corto tejido cuenta con tecnolog\u00eda que absorbe la humedad para ayudarte a mantenerte seco. Caracter\u00edsticas Bolsillos<\/p>\n","protected":false},"featured_media":67286,"comment_status":"open","ping_status":"closed","template":"","meta":{"nf_dc_page":""},"product_brand":[],"product_cat":[73],"product_tag":[],"class_list":{"0":"post-67285","1":"product","2":"type-product","3":"status-publish","4":"has-post-thumbnail","6":"product_cat-femenino","8":"first","9":"instock","10":"shipping-taxable","11":"purchasable","12":"product-type-simple"},"_links":{"self":[{"href":"https:\/\/brandss.com.py\/index\/wp-json\/wp\/v2\/product\/67285","targetHints":{"allow":["GET"]}}],"collection":[{"href":"https:\/\/brandss.com.py\/index\/wp-json\/wp\/v2\/product"}],"about":[{"href":"https:\/\/brandss.com.py\/index\/wp-json\/wp\/v2\/types\/product"}],"replies":[{"embeddable":true,"href":"https:\/\/brandss.com.py\/index\/wp-json\/wp\/v2\/comments?post=67285"}],"version-history":[{"count":1,"href":"https:\/\/brandss.com.py\/index\/wp-json\/wp\/v2\/product\/67285\/revisions"}],"predecessor-version":[{"id":67290,"href":"https:\/\/brandss.com.py\/index\/wp-json\/wp\/v2\/product\/67285\/revisions\/67290"}],"wp:featuredmedia":[{"embeddable":true,"href":"https:\/\/brandss.com.py\/index\/wp-json\/wp\/v2\/media\/67286"}],"wp:attachment":[{"href":"https:\/\/brandss.com.py\/index\/wp-json\/wp\/v2\/media?parent=67285"}],"wp:term":[{"taxonomy":"product_brand","embeddable":true,"href":"https:\/\/brandss.com.py\/index\/wp-json\/wp\/v2\/product_brand?post=67285"},{"taxonomy":"product_cat","embeddable":true,"href":"https:\/\/brandss.com.py\/index\/wp-json\/wp\/v2\/product_cat?post=67285"},{"taxonomy":"product_tag","embeddable":true,"href":"https:\/\/brandss.com.py\/index\/wp-json\/wp\/v2\/product_tag?post=67285"}],"curies":[{"name":"wp","href":"https:\/\/api.w.org\/{rel}","templated":true}]}}