{"id":67302,"date":"2025-01-23T18:30:39","date_gmt":"2025-01-23T18:30:39","guid":{"rendered":"https:\/\/brandss.com.py\/index\/?post_type=product&#038;p=67302"},"modified":"2025-01-23T18:31:39","modified_gmt":"2025-01-23T18:31:39","slug":"camiseta-deportivo-femenino-new-balance-sports-essentials-heathertech-mangas-cortas","status":"publish","type":"product","link":"https:\/\/brandss.com.py\/index\/producto\/camiseta-deportivo-femenino-new-balance-sports-essentials-heathertech-mangas-cortas\/","title":{"rendered":"CAMISETA DEPORTIVO FEMENINO NEW BALANCE SPORTS ESSENTIALS HEATHERTECH MANGAS CORTAS"},"content":{"rendered":"<p><img loading=\"lazy\" decoding=\"async\" class=\"\" src=\"https:\/\/upload.wikimedia.org\/wikipedia\/commons\/thumb\/e\/ea\/New_Balance_logo.svg\/2560px-New_Balance_logo.svg.png\" alt=\"Archivo:New Balance logo.svg - Wikipedia, la enciclopedia libre\" width=\"82\" height=\"45\" \/><\/p>\n<h1>SPORTS ESSENTIALS HEATHERTECH<\/h1>\n<p><span>Una camiseta de New Balance que se adapta a las camisetas de entrenamiento y el deporte, las tecnolog\u00edas perjudiciales, NB DRY, se transporta a trav\u00e9s de un bolso para llevar con \u00e9l en un gimnasio.<\/span><\/p>\n<ul>\n<li><span>Tecnolog\u00eda NB DRY.<\/span><\/li>\n<li>C\u00f3modo.<\/li>\n<li>Se ajusta al tama\u00f1o real.<\/li>\n<li>65% poli\u00e9ster original, 35% algod\u00f3n.<\/li>\n<li><label class=\"w-full text-left label product-variant-label\" aria-hidden=\"true\"><span class=\"uppercase font-medium font-vitesse\"><span>Color:\u00a0<\/span><\/span><span class=\"ml-1.5 font-vitesse-book\"><span>Negro<\/span><\/span><\/label><\/li>\n<li><label class=\"w-full text-left label product-variant-label\" aria-hidden=\"true\"><span class=\"uppercase font-medium font-vitesse\"><span>Modelo: <\/span><\/span><span class=\"ml-1.5 font-vitesse-book\"><span>WT41190-BK<\/span><\/span><\/label><\/li>\n<\/ul>\n","protected":false},"excerpt":{"rendered":"<p>SPORTS ESSENTIALS HEATHERTECH Una camiseta de New Balance que se adapta a las camisetas de entrenamiento y el deporte, las<\/p>\n","protected":false},"featured_media":67304,"comment_status":"open","ping_status":"closed","template":"","meta":{"nf_dc_page":""},"product_brand":[],"product_cat":[73],"product_tag":[],"class_list":{"0":"post-67302","1":"product","2":"type-product","3":"status-publish","4":"has-post-thumbnail","6":"product_cat-femenino","8":"first","9":"instock","10":"shipping-taxable","11":"purchasable","12":"product-type-simple"},"_links":{"self":[{"href":"https:\/\/brandss.com.py\/index\/wp-json\/wp\/v2\/product\/67302","targetHints":{"allow":["GET"]}}],"collection":[{"href":"https:\/\/brandss.com.py\/index\/wp-json\/wp\/v2\/product"}],"about":[{"href":"https:\/\/brandss.com.py\/index\/wp-json\/wp\/v2\/types\/product"}],"replies":[{"embeddable":true,"href":"https:\/\/brandss.com.py\/index\/wp-json\/wp\/v2\/comments?post=67302"}],"version-history":[{"count":1,"href":"https:\/\/brandss.com.py\/index\/wp-json\/wp\/v2\/product\/67302\/revisions"}],"predecessor-version":[{"id":67310,"href":"https:\/\/brandss.com.py\/index\/wp-json\/wp\/v2\/product\/67302\/revisions\/67310"}],"wp:featuredmedia":[{"embeddable":true,"href":"https:\/\/brandss.com.py\/index\/wp-json\/wp\/v2\/media\/67304"}],"wp:attachment":[{"href":"https:\/\/brandss.com.py\/index\/wp-json\/wp\/v2\/media?parent=67302"}],"wp:term":[{"taxonomy":"product_brand","embeddable":true,"href":"https:\/\/brandss.com.py\/index\/wp-json\/wp\/v2\/product_brand?post=67302"},{"taxonomy":"product_cat","embeddable":true,"href":"https:\/\/brandss.com.py\/index\/wp-json\/wp\/v2\/product_cat?post=67302"},{"taxonomy":"product_tag","embeddable":true,"href":"https:\/\/brandss.com.py\/index\/wp-json\/wp\/v2\/product_tag?post=67302"}],"curies":[{"name":"wp","href":"https:\/\/api.w.org\/{rel}","templated":true}]}}