{"id":67357,"date":"2025-01-24T14:12:23","date_gmt":"2025-01-24T14:12:23","guid":{"rendered":"https:\/\/brandss.com.py\/index\/?post_type=product&#038;p=67357"},"modified":"2025-12-11T14:06:08","modified_gmt":"2025-12-11T14:06:08","slug":"perfume-femenino-grandeur-elite-my-life-edp-100ml","status":"publish","type":"product","link":"https:\/\/brandss.com.py\/index\/producto\/perfume-femenino-grandeur-elite-my-life-edp-100ml\/","title":{"rendered":"PERFUME FEMENINO GRANDEUR ELITE MY LIFE EDP 100ML"},"content":{"rendered":"<p><img loading=\"lazy\" decoding=\"async\" class=\"\" src=\"https:\/\/perfumescorp.com\/cdn\/shop\/collections\/grandeur-Logo-Brand.webp?v=1698005233&amp;width=750\" alt=\"Grandeur Perfumes - Unveiling Sensual and Unique Fragrances \u2013 Perfumes Corp\" width=\"115\" height=\"61\" \/><\/p>\n<h1>MY LIFE<\/h1>\n<p>My Life by Grandeur Elite es una inspiradora fragrancia que capta la esencia de vivir vibrante y \u00e9xito personal. Hecho para aquellos que celebran cada momento con entusiasmo y gracia, esta fragancia es un tributo a una vida bien viva y un futuro lleno de posibilidad.<\/p>\n<p><strong>La fragancia: <\/strong><\/p>\n<p>My Life by Grandeur Elite encarna la alegr\u00eda de abrazar cada d\u00eda con pasi\u00f3n y prop\u00f3sito. Esta fragancia est\u00e1 dise\u00f1ada para aquellos que viven con negrita e inspira a otros con su presencia vibrante. No es solo un esencia, sino una declaraci\u00f3n de qui\u00e9n eres y qui\u00e9n te aspiras a ser. <img loading=\"lazy\" decoding=\"async\" class=\"alignleft\" src=\"https:\/\/m.media-amazon.com\/images\/I\/61d2AL88M4L._AC_SL1270_.jpg\" width=\"697\" height=\"568\" \/><\/p>\n<p><strong>Embalaje: <\/strong><\/p>\n<p>Presentado en una botella elegante y moderna con un toque minimalista, My Life presenta un aspecto cl\u00e1sico pero contempor\u00e1neo. El elegante embalaje refleja la naturaleza lujosa y sofisticada de la fragrancia, lo que lo convierte en una adici\u00f3n elegante a cualquier colecci\u00f3n.<\/p>\n<p><strong>Ideal para:<\/strong><\/p>\n<p>Uso diario: perfecto para actividades diarias, desde reuniones de oficina hasta salidas informales.<\/p>\n<p><strong>Ocasiones especiales:<\/strong><\/p>\n<p>Ideal para eventos donde quieras hacer una impresi\u00f3n memorable. Inspiraci\u00f3n diaria: una fragancia vers\u00e1til que a\u00f1ade un toque de elegancia y confianza a tu vida diaria.<\/p>\n<p><strong>Experiencia My Life:<\/strong><\/p>\n<p>Celebra tu viaje con My Life. Esta fragancia capta la esencia de vivir plenamente y abrazar cada oportunidad con estilo y gracia. Deje que mi vida de Grandeur Elite sea tu compa\u00f1era por el camino para lograr \u00e9xito y alegr\u00eda.<\/p>\n<p>El perfume My Life de Grandeur Elite es una fragancia de la familia olfativa \u00e1mbar floral para mujeres.<\/p>\n<ul>\n<li><strong>Notas de salida:<\/strong>\u00a0Flor de azahar del naranjo y naranja amarga<\/li>\n<li><strong>Notas de coraz\u00f3n:<\/strong>\u00a0Nardo de la India y nardos<\/li>\n<li><strong>Notas de fondo:<\/strong>\u00a0Vainilla de Madagascar y s\u00e1ndalo<\/li>\n<\/ul>\n","protected":false},"excerpt":{"rendered":"<p>MY LIFE My Life by Grandeur Elite es una inspiradora fragrancia que capta la esencia de vivir vibrante y \u00e9xito<\/p>\n","protected":false},"featured_media":67358,"comment_status":"open","ping_status":"closed","template":"","meta":{"nf_dc_page":""},"product_brand":[113],"product_cat":[84],"product_tag":[1898],"class_list":{"0":"post-67357","1":"product","2":"type-product","3":"status-publish","4":"has-post-thumbnail","6":"product_brand-grandeur","7":"product_cat-perfumeria","8":"product_tag-1898","10":"first","11":"instock","12":"shipping-taxable","13":"purchasable","14":"product-type-simple"},"_links":{"self":[{"href":"https:\/\/brandss.com.py\/index\/wp-json\/wp\/v2\/product\/67357","targetHints":{"allow":["GET"]}}],"collection":[{"href":"https:\/\/brandss.com.py\/index\/wp-json\/wp\/v2\/product"}],"about":[{"href":"https:\/\/brandss.com.py\/index\/wp-json\/wp\/v2\/types\/product"}],"replies":[{"embeddable":true,"href":"https:\/\/brandss.com.py\/index\/wp-json\/wp\/v2\/comments?post=67357"}],"version-history":[{"count":1,"href":"https:\/\/brandss.com.py\/index\/wp-json\/wp\/v2\/product\/67357\/revisions"}],"predecessor-version":[{"id":67362,"href":"https:\/\/brandss.com.py\/index\/wp-json\/wp\/v2\/product\/67357\/revisions\/67362"}],"wp:featuredmedia":[{"embeddable":true,"href":"https:\/\/brandss.com.py\/index\/wp-json\/wp\/v2\/media\/67358"}],"wp:attachment":[{"href":"https:\/\/brandss.com.py\/index\/wp-json\/wp\/v2\/media?parent=67357"}],"wp:term":[{"taxonomy":"product_brand","embeddable":true,"href":"https:\/\/brandss.com.py\/index\/wp-json\/wp\/v2\/product_brand?post=67357"},{"taxonomy":"product_cat","embeddable":true,"href":"https:\/\/brandss.com.py\/index\/wp-json\/wp\/v2\/product_cat?post=67357"},{"taxonomy":"product_tag","embeddable":true,"href":"https:\/\/brandss.com.py\/index\/wp-json\/wp\/v2\/product_tag?post=67357"}],"curies":[{"name":"wp","href":"https:\/\/api.w.org\/{rel}","templated":true}]}}