{"id":67372,"date":"2025-01-24T16:34:04","date_gmt":"2025-01-24T16:34:04","guid":{"rendered":"https:\/\/brandss.com.py\/index\/?post_type=product&#038;p=67372"},"modified":"2025-12-11T14:06:57","modified_gmt":"2025-12-11T14:06:57","slug":"perfume-femenino-grandeur-elite-la-vie-femme-edp-100ml","status":"publish","type":"product","link":"https:\/\/brandss.com.py\/index\/producto\/perfume-femenino-grandeur-elite-la-vie-femme-edp-100ml\/","title":{"rendered":"PERFUME FEMENINO GRANDEUR ELITE LA VIE FEMME EDP 100ML"},"content":{"rendered":"<p><img loading=\"lazy\" decoding=\"async\" class=\"\" src=\"https:\/\/perfumescorp.com\/cdn\/shop\/collections\/grandeur-Logo-Brand.webp?v=1698005233&amp;width=750\" alt=\"Grandeur Perfumes - Unveiling Sensual and Unique Fragrances \u2013 Perfumes Corp\" width=\"132\" height=\"70\" \/><\/p>\n<h1>LA VIE FEMME<\/h1>\n<p>Experimente la esencia de la feminidad con el perfume La Vie Femme. Sus estimulantes notas de salida de bergamota, pimienta rosa y notas herbales crean un aura fresca y vigorizante. Las notas medias de rosa de Grasse y jazm\u00edn sambac a\u00f1aden un toque floral y elegante. Finalmente, las notas de fondo de pachul\u00ed, iris, acorde gourmand y madera de \u00e1mbar crean una base c\u00e1lida y sensual. Abrace la belleza de la vida con La Vie Femme.<img loading=\"lazy\" decoding=\"async\" class=\"alignleft\" src=\"https:\/\/erp-image.sgliteasset.com\/_next\/image?url=https%3A%2F%2Fcdn1.sgliteasset.com%2Fshamperf%2Fimages%2Fproduct%2Fproduct-4309024%2FfVGoSujG66c5f06d6c571_1724248173.jpg&amp;w=1920&amp;q=100\" width=\"460\" height=\"460\" \/><\/p>\n<p>El secreto de los mejores perfumes es la combinaci\u00f3n perfecta de ingredientes potenciados entre s\u00ed y que nos permiten viajar a lugares \u00fanicos. Disfruta de esta fragancia en todo momento.<\/p>\n<p>&nbsp;<\/p>\n<h3>Notas Olfativas<\/h3>\n<p>&nbsp;<\/p>\n<p>El perfume La Vie Femme de Grandeur Elite es una fragancia de la familia olfativa \u00e1mbar floral para mujeres.<\/p>\n<ul>\n<li><strong>Notas de salida:<\/strong>\u00a0Frambuesa, pimienta rosa y bergamota<\/li>\n<li><strong>Notas de coraz\u00f3n:<\/strong>\u00a0Heliotropo, jazm\u00edn sambac y azahar<\/li>\n<li><strong>Notas de fondo:<\/strong>\u00a0Vainilla, iris, benju\u00ed, pachul\u00ed y s\u00e1ndalo<\/li>\n<\/ul>\n","protected":false},"excerpt":{"rendered":"<p>LA VIE FEMME Experimente la esencia de la feminidad con el perfume La Vie Femme. Sus estimulantes notas de salida<\/p>\n","protected":false},"featured_media":67373,"comment_status":"open","ping_status":"closed","template":"","meta":{"nf_dc_page":""},"product_brand":[113],"product_cat":[84],"product_tag":[1900],"class_list":{"0":"post-67372","1":"product","2":"type-product","3":"status-publish","4":"has-post-thumbnail","6":"product_brand-grandeur","7":"product_cat-perfumeria","8":"product_tag-1900","10":"first","11":"instock","12":"shipping-taxable","13":"purchasable","14":"product-type-simple"},"_links":{"self":[{"href":"https:\/\/brandss.com.py\/index\/wp-json\/wp\/v2\/product\/67372","targetHints":{"allow":["GET"]}}],"collection":[{"href":"https:\/\/brandss.com.py\/index\/wp-json\/wp\/v2\/product"}],"about":[{"href":"https:\/\/brandss.com.py\/index\/wp-json\/wp\/v2\/types\/product"}],"replies":[{"embeddable":true,"href":"https:\/\/brandss.com.py\/index\/wp-json\/wp\/v2\/comments?post=67372"}],"version-history":[{"count":1,"href":"https:\/\/brandss.com.py\/index\/wp-json\/wp\/v2\/product\/67372\/revisions"}],"predecessor-version":[{"id":67379,"href":"https:\/\/brandss.com.py\/index\/wp-json\/wp\/v2\/product\/67372\/revisions\/67379"}],"wp:featuredmedia":[{"embeddable":true,"href":"https:\/\/brandss.com.py\/index\/wp-json\/wp\/v2\/media\/67373"}],"wp:attachment":[{"href":"https:\/\/brandss.com.py\/index\/wp-json\/wp\/v2\/media?parent=67372"}],"wp:term":[{"taxonomy":"product_brand","embeddable":true,"href":"https:\/\/brandss.com.py\/index\/wp-json\/wp\/v2\/product_brand?post=67372"},{"taxonomy":"product_cat","embeddable":true,"href":"https:\/\/brandss.com.py\/index\/wp-json\/wp\/v2\/product_cat?post=67372"},{"taxonomy":"product_tag","embeddable":true,"href":"https:\/\/brandss.com.py\/index\/wp-json\/wp\/v2\/product_tag?post=67372"}],"curies":[{"name":"wp","href":"https:\/\/api.w.org\/{rel}","templated":true}]}}