{"id":67380,"date":"2025-01-24T16:52:40","date_gmt":"2025-01-24T16:52:40","guid":{"rendered":"https:\/\/brandss.com.py\/index\/?post_type=product&#038;p=67380"},"modified":"2026-03-11T14:15:24","modified_gmt":"2026-03-11T14:15:24","slug":"perfume-femenino-grandeur-elite-opulent-bloom-edp-100ml","status":"publish","type":"product","link":"https:\/\/brandss.com.py\/index\/producto\/perfume-femenino-grandeur-elite-opulent-bloom-edp-100ml\/","title":{"rendered":"PERFUME FEMENINO GRANDEUR ELITE OPULENT BLOOM EDP 100ML"},"content":{"rendered":"<p><img loading=\"lazy\" decoding=\"async\" class=\"\" src=\"https:\/\/perfumescorp.com\/cdn\/shop\/collections\/grandeur-Logo-Brand.webp?v=1698005233&amp;width=750\" alt=\"Grandeur Perfumes - Unveiling Sensual and Unique Fragrances \u2013 Perfumes Corp\" width=\"138\" height=\"73\" \/><\/p>\n<h1>OPULENT BLOOM<\/h1>\n<p>El perfume para mujer Grandeur Elite Opulent Bloom EDP 100mL es una fragancia lujosa que rezuma elegancia y feminidad. Con un generoso tama\u00f1o de 100 ml, esta Eau de Parfum combina exuberantes notas florales con matices frutales y un sutil toque especiado, creando una experiencia olfativa rica y cautivadora. Ideal para mujeres que desean dejar una huella poderosa, este perfume es perfecto para ocasiones especiales o para uso diario, aportando una sensaci\u00f3n de sofisticaci\u00f3n con cada pulverizaci\u00f3n. El refinado envase complementa perfectamente la esencia de la fragancia, destacando su car\u00e1cter exclusivo y opulento. La combinaci\u00f3n \u00fanica de aromas convierte a Opulent Bloom en una elecci\u00f3n indispensable para aquellas que buscan un perfume que refleje confianza y elegancia. D\u00e9jate envolver por la magia de Opulent Bloom y destaca en cualquier ocasi\u00f3n con esta fragancia de la marca Grandeur Elite. Experimenta la perfecta fusi\u00f3n de la familia olfativa floral y frutal, y disfruta de un aroma que perdura y encanta. \u00a1Opulent Bloom es m\u00e1s que un perfume, es una declaraci\u00f3n de estilo y distinci\u00f3n!<\/p>\n<h3>Notas Olfativas<\/h3>\n<p>Opulent Bloom de Grandeur Elite es una fragancia lujosa que se abre con una cautivadora mezcla de rosa y cassis, que ofrece una introducci\u00f3n rica y afrutada. El coraz\u00f3n de la fragancia revela un lujoso ramo de rosas entrelazadas con delicadas peon\u00edas, que aportan profundidad y elegancia floral. Por \u00faltimo, las notas de fondo de pachul\u00ed, almizcle, cachemira y vainilla crean una estela c\u00e1lida y sofisticada, que deja una impresi\u00f3n duradera de opulencia y refinamiento.<\/p>\n<p>Este aroma es una sinfon\u00eda armoniosa de notas florales y amaderadas, perfecta para quienes aprecian el lujo atemporal.<\/p>\n<ul>\n<li><strong>Notas de salida:\u00a0<\/strong>Rosa, cassis.<\/li>\n<li><strong>Notas de coraz\u00f3n:<\/strong> Rosa, peon\u00eda.<\/li>\n<li><strong>Notas de fondo:<\/strong> Pachul\u00ed, almizcle, cachemira y vainilla.<\/li>\n<\/ul>\n","protected":false},"excerpt":{"rendered":"<p>OPULENT BLOOM El perfume para mujer Grandeur Elite Opulent Bloom EDP 100mL es una fragancia lujosa que rezuma elegancia y<\/p>\n","protected":false},"featured_media":67381,"comment_status":"open","ping_status":"closed","template":"","meta":{"nf_dc_page":""},"product_brand":[113],"product_cat":[84],"product_tag":[1901],"class_list":{"0":"post-67380","1":"product","2":"type-product","3":"status-publish","4":"has-post-thumbnail","6":"product_brand-grandeur","7":"product_cat-perfumeria","8":"product_tag-1901","10":"first","11":"instock","12":"sale","13":"shipping-taxable","14":"purchasable","15":"product-type-simple"},"_links":{"self":[{"href":"https:\/\/brandss.com.py\/index\/wp-json\/wp\/v2\/product\/67380","targetHints":{"allow":["GET"]}}],"collection":[{"href":"https:\/\/brandss.com.py\/index\/wp-json\/wp\/v2\/product"}],"about":[{"href":"https:\/\/brandss.com.py\/index\/wp-json\/wp\/v2\/types\/product"}],"replies":[{"embeddable":true,"href":"https:\/\/brandss.com.py\/index\/wp-json\/wp\/v2\/comments?post=67380"}],"version-history":[{"count":1,"href":"https:\/\/brandss.com.py\/index\/wp-json\/wp\/v2\/product\/67380\/revisions"}],"predecessor-version":[{"id":67385,"href":"https:\/\/brandss.com.py\/index\/wp-json\/wp\/v2\/product\/67380\/revisions\/67385"}],"wp:featuredmedia":[{"embeddable":true,"href":"https:\/\/brandss.com.py\/index\/wp-json\/wp\/v2\/media\/67381"}],"wp:attachment":[{"href":"https:\/\/brandss.com.py\/index\/wp-json\/wp\/v2\/media?parent=67380"}],"wp:term":[{"taxonomy":"product_brand","embeddable":true,"href":"https:\/\/brandss.com.py\/index\/wp-json\/wp\/v2\/product_brand?post=67380"},{"taxonomy":"product_cat","embeddable":true,"href":"https:\/\/brandss.com.py\/index\/wp-json\/wp\/v2\/product_cat?post=67380"},{"taxonomy":"product_tag","embeddable":true,"href":"https:\/\/brandss.com.py\/index\/wp-json\/wp\/v2\/product_tag?post=67380"}],"curies":[{"name":"wp","href":"https:\/\/api.w.org\/{rel}","templated":true}]}}