{"id":67400,"date":"2025-01-24T17:31:00","date_gmt":"2025-01-24T17:31:00","guid":{"rendered":"https:\/\/brandss.com.py\/index\/?post_type=product&#038;p=67400"},"modified":"2025-12-11T14:08:19","modified_gmt":"2025-12-11T14:08:19","slug":"perfume-masculino-grandeur-elite-codice-profumo-edp-100ml","status":"publish","type":"product","link":"https:\/\/brandss.com.py\/index\/producto\/perfume-masculino-grandeur-elite-codice-profumo-edp-100ml\/","title":{"rendered":"PERFUME MASCULINO GRANDEUR ELITE CODICE PROFUMO EDP 100ML"},"content":{"rendered":"<p><img loading=\"lazy\" decoding=\"async\" class=\"\" src=\"https:\/\/perfumescorp.com\/cdn\/shop\/collections\/grandeur-Logo-Brand.webp?v=1698005233&amp;width=750\" alt=\"Grandeur Perfumes - Unveiling Sensual and Unique Fragrances \u2013 Perfumes Corp\" width=\"126\" height=\"67\" \/><\/p>\n<h1>CODICE PROFUMO<\/h1>\n<p>Codice Profumo de Grandeur es un Eau de Parfum de cuero c\u00edtrico para hombre. Codice Profumo es la elecci\u00f3n perfecta para un hombre moderno y carism\u00e1tico que no teme a los desaf\u00edos. El hormigueo inicial en forma de lim\u00f3n y bergamota aporta nueva energ\u00eda a tus venas. El coraz\u00f3n arom\u00e1tico se compone de acordes especiados de an\u00eds, cuyas notas se mezclan con la flor del olivo y la madera de gaiac. La base combina el irresistible aroma del cuero con haba tonka.<\/p>\n<p><img loading=\"lazy\" decoding=\"async\" class=\"alignleft\" src=\"https:\/\/gomagcdn.ro\/domains\/olfactiv.ro\/files\/product\/large\/parfum-codice-profumo-grandeur-elite-apa-de-parfum-100-ml-barbati-376651.jpg\" width=\"395\" height=\"290\" \/><\/p>\n<h3>Notas Olfativas<\/h3>\n<p>&nbsp;<\/p>\n<p><b>Las notas de salida: <\/b>mandarina verde, manzana verde y cardamomo.<\/p>\n<p><b>Las notas de coraz\u00f3n: <\/b>azahar, lavanda y nuez moscada.<\/p>\n<p><b>Las notas de fondo: <\/b>haba tonka, \u00e1mbar y cuero.<\/p>\n","protected":false},"excerpt":{"rendered":"<p>CODICE PROFUMO Codice Profumo de Grandeur es un Eau de Parfum de cuero c\u00edtrico para hombre. Codice Profumo es la<\/p>\n","protected":false},"featured_media":67402,"comment_status":"open","ping_status":"closed","template":"","meta":{"nf_dc_page":""},"product_brand":[113],"product_cat":[84],"product_tag":[1903],"class_list":{"0":"post-67400","1":"product","2":"type-product","3":"status-publish","4":"has-post-thumbnail","6":"product_brand-grandeur","7":"product_cat-perfumeria","8":"product_tag-1903","10":"first","11":"instock","12":"shipping-taxable","13":"purchasable","14":"product-type-simple"},"_links":{"self":[{"href":"https:\/\/brandss.com.py\/index\/wp-json\/wp\/v2\/product\/67400","targetHints":{"allow":["GET"]}}],"collection":[{"href":"https:\/\/brandss.com.py\/index\/wp-json\/wp\/v2\/product"}],"about":[{"href":"https:\/\/brandss.com.py\/index\/wp-json\/wp\/v2\/types\/product"}],"replies":[{"embeddable":true,"href":"https:\/\/brandss.com.py\/index\/wp-json\/wp\/v2\/comments?post=67400"}],"version-history":[{"count":1,"href":"https:\/\/brandss.com.py\/index\/wp-json\/wp\/v2\/product\/67400\/revisions"}],"predecessor-version":[{"id":67409,"href":"https:\/\/brandss.com.py\/index\/wp-json\/wp\/v2\/product\/67400\/revisions\/67409"}],"wp:featuredmedia":[{"embeddable":true,"href":"https:\/\/brandss.com.py\/index\/wp-json\/wp\/v2\/media\/67402"}],"wp:attachment":[{"href":"https:\/\/brandss.com.py\/index\/wp-json\/wp\/v2\/media?parent=67400"}],"wp:term":[{"taxonomy":"product_brand","embeddable":true,"href":"https:\/\/brandss.com.py\/index\/wp-json\/wp\/v2\/product_brand?post=67400"},{"taxonomy":"product_cat","embeddable":true,"href":"https:\/\/brandss.com.py\/index\/wp-json\/wp\/v2\/product_cat?post=67400"},{"taxonomy":"product_tag","embeddable":true,"href":"https:\/\/brandss.com.py\/index\/wp-json\/wp\/v2\/product_tag?post=67400"}],"curies":[{"name":"wp","href":"https:\/\/api.w.org\/{rel}","templated":true}]}}