{"id":67418,"date":"2025-01-24T17:52:25","date_gmt":"2025-01-24T17:52:25","guid":{"rendered":"https:\/\/brandss.com.py\/index\/?post_type=product&#038;p=67418"},"modified":"2025-12-11T14:08:46","modified_gmt":"2025-12-11T14:08:46","slug":"perfume-femenino-grandeur-elite-candy-white-edp-100ml","status":"publish","type":"product","link":"https:\/\/brandss.com.py\/index\/producto\/perfume-femenino-grandeur-elite-candy-white-edp-100ml\/","title":{"rendered":"PERFUME FEMENINO GRANDEUR ELITE CANDY WHITE EDP 100ML"},"content":{"rendered":"<p><img loading=\"lazy\" decoding=\"async\" class=\"\" src=\"https:\/\/perfumescorp.com\/cdn\/shop\/collections\/grandeur-Logo-Brand.webp?v=1698005233&amp;width=750\" alt=\"Grandeur Perfumes - Unveiling Sensual and Unique Fragrances \u2013 Perfumes Corp\" width=\"107\" height=\"57\" \/><\/p>\n<h1>CANDY WHITE<\/h1>\n<p>Este perfume de Grandeur es una interpretaci\u00f3n cautivadora y envolvente de la elegancia y el glamour. Con una mezcla exquisita de notas florales, amaderadas y orientales, esta fragancia seduce los sentidos con su sofisticaci\u00f3n y su car\u00e1cter distintivo. La esencia distintiva de Grandeur se manifiesta en una composici\u00f3n olfativa que evoca la pasi\u00f3n por el lujo y la exclusividad, dejando una estela inolvidable y envolvente que refleja el prestigio y la autenticidad de la marca.<img loading=\"lazy\" decoding=\"async\" class=\"alignleft\" src=\"https:\/\/chucheriaspr.com\/cdn\/shop\/files\/AF649C12-69A3-4E39-AA3A-D148E19E0CE4.jpg?v=1718836461&amp;width=823\" width=\"639\" height=\"706\" \/><\/p>\n<p>Descubre<span class=\"Apple-converted-space\">\u00a0<\/span>Candy White, una fragancia cautivadora de<span class=\"Apple-converted-space\">\u00a0<\/span>Grandeur, dise\u00f1ada para realzar cada instante con un toque de dulzura y sofisticaci\u00f3n. Este perfume combina armoniosamente notas suaves y envolventes que se adaptan a cualquier ocasi\u00f3n.<\/p>\n<p>&nbsp;<\/p>\n<h3>Notas Olfativas<\/h3>\n<p>&nbsp;<\/p>\n<p>El perfume\u00a0Candy White\u00a0de\u00a0Grandeur\u00a0es una fragancia de la familia olfativa floral frutal gourmand\u00a0para mujeres. Con una concentraci\u00f3n del tipo Eau de Parfum, ofrece una duradera y alta intensidad arom\u00e1tica en la piel. Sus notas est\u00e1n compuestas por los siguientes ingredientes.<\/p>\n<p>&nbsp;<\/p>\n<ul>\n<li><strong>Notas de salida:<\/strong>\u00a0Frutos rojos y melocot\u00f3n<\/li>\n<li><strong>Nota de coraz\u00f3n:\u00a0<\/strong>Violeta y vainilla<\/li>\n<li><strong>Notas de fondo:\u00a0<\/strong>Caramelo y flores blancas<\/li>\n<\/ul>\n","protected":false},"excerpt":{"rendered":"<p>CANDY WHITE Este perfume de Grandeur es una interpretaci\u00f3n cautivadora y envolvente de la elegancia y el glamour. Con una<\/p>\n","protected":false},"featured_media":67419,"comment_status":"open","ping_status":"closed","template":"","meta":{"nf_dc_page":""},"product_brand":[113],"product_cat":[84],"product_tag":[1904],"class_list":{"0":"post-67418","1":"product","2":"type-product","3":"status-publish","4":"has-post-thumbnail","6":"product_brand-grandeur","7":"product_cat-perfumeria","8":"product_tag-1904","10":"first","11":"instock","12":"shipping-taxable","13":"purchasable","14":"product-type-simple"},"_links":{"self":[{"href":"https:\/\/brandss.com.py\/index\/wp-json\/wp\/v2\/product\/67418","targetHints":{"allow":["GET"]}}],"collection":[{"href":"https:\/\/brandss.com.py\/index\/wp-json\/wp\/v2\/product"}],"about":[{"href":"https:\/\/brandss.com.py\/index\/wp-json\/wp\/v2\/types\/product"}],"replies":[{"embeddable":true,"href":"https:\/\/brandss.com.py\/index\/wp-json\/wp\/v2\/comments?post=67418"}],"version-history":[{"count":1,"href":"https:\/\/brandss.com.py\/index\/wp-json\/wp\/v2\/product\/67418\/revisions"}],"predecessor-version":[{"id":67425,"href":"https:\/\/brandss.com.py\/index\/wp-json\/wp\/v2\/product\/67418\/revisions\/67425"}],"wp:featuredmedia":[{"embeddable":true,"href":"https:\/\/brandss.com.py\/index\/wp-json\/wp\/v2\/media\/67419"}],"wp:attachment":[{"href":"https:\/\/brandss.com.py\/index\/wp-json\/wp\/v2\/media?parent=67418"}],"wp:term":[{"taxonomy":"product_brand","embeddable":true,"href":"https:\/\/brandss.com.py\/index\/wp-json\/wp\/v2\/product_brand?post=67418"},{"taxonomy":"product_cat","embeddable":true,"href":"https:\/\/brandss.com.py\/index\/wp-json\/wp\/v2\/product_cat?post=67418"},{"taxonomy":"product_tag","embeddable":true,"href":"https:\/\/brandss.com.py\/index\/wp-json\/wp\/v2\/product_tag?post=67418"}],"curies":[{"name":"wp","href":"https:\/\/api.w.org\/{rel}","templated":true}]}}