{"id":67431,"date":"2025-01-24T18:10:46","date_gmt":"2025-01-24T18:10:46","guid":{"rendered":"https:\/\/brandss.com.py\/index\/?post_type=product&#038;p=67431"},"modified":"2025-12-11T14:09:06","modified_gmt":"2025-12-11T14:09:06","slug":"perfume-femenino-grandeur-elite-private-pink-edp-100ml","status":"publish","type":"product","link":"https:\/\/brandss.com.py\/index\/producto\/perfume-femenino-grandeur-elite-private-pink-edp-100ml\/","title":{"rendered":"PERFUME FEMENINO GRANDEUR ELITE PRIVATE PINK EDP 100ML"},"content":{"rendered":"<p><img loading=\"lazy\" decoding=\"async\" class=\"\" src=\"https:\/\/perfumescorp.com\/cdn\/shop\/collections\/grandeur-Logo-Brand.webp?v=1698005233&amp;width=750\" alt=\"Grandeur Perfumes - Unveiling Sensual and Unique Fragrances \u2013 Perfumes Corp\" width=\"166\" height=\"88\" \/><\/p>\n<h1>PRIVATE PINK<\/h1>\n<p>Private Pink, la fragancia cautivadora que encarna la feminidad y la elegancia. Esta exquisita eau de parfum es una mezcla perfecta de notas florales, elaborada para cautivar tus sentidos y dejar una impresi\u00f3n duradera. Las notas altas de bergamota y frambuesa crean una apertura vibrante y fresca, mientras que las notas medias de rosa y jazm\u00edn a\u00f1aden un toque de romance y sofisticaci\u00f3n. Las notas de fondo de almizcle y vainilla a\u00f1aden profundidad y calidez, dando como resultado una fragancia fresca y sofisticada.<\/p>\n<p>Private Pink es el accesorio perfecto para cualquier ocasi\u00f3n, ya sea un d\u00eda informal o una velada especial. Su aroma duradero garantiza que seguir\u00e1s oliendo fresco y hermoso durante todo el d\u00eda. Experimente el encanto de Private Pink y del\u00e9itese con una fragancia verdaderamente excepcional.<\/p>\n<p>&nbsp;<\/p>\n<h3>Notas Olfativas<\/h3>\n<p>&nbsp;<\/p>\n<p>Private Pink Eau de Parfum de Grandeur Elite es una esencia seductora que combina sofisticaci\u00f3n y misterio. Las notas altas de pera, mora y bergamota abren un delicado bouquet floral, donde el jazm\u00edn y el musgo se encuentran con la esencia de mora. A medida que se asienta, se revela una base c\u00e1lida y sensual con ambrofix, vainilla bourbon y \u00e1mbar. Una elecci\u00f3n perfecta para la mujer elegante y segura.<\/p>\n<p><strong><span>Notas de salida:<\/span><\/strong><span>\u00a0pera, norel, bergamota.<\/span><br \/>\n<img loading=\"lazy\" decoding=\"async\" class=\"entered lazyloaded\" src=\"https:\/\/www.liva.ro\/wp-content\/uploads\/2020\/12\/para.jpg.webp\" alt=\"\" width=\"60\" height=\"60\" data-lazy-src=\"\/wp-content\/uploads\/2020\/12\/para.jpg.webp\" data-lazy-src-webp=\"\/wp-content\/uploads\/2020\/12\/para.jpg.webp\" data-ll-status=\"loaded\" \/>\u00a0<img loading=\"lazy\" decoding=\"async\" class=\"entered lazyloaded\" src=\"https:\/\/www.liva.ro\/wp-content\/uploads\/2020\/12\/bergamota.jpg.webp\" alt=\"\" width=\"60\" height=\"60\" data-lazy-src=\"\/wp-content\/uploads\/2020\/12\/bergamota.jpg.webp\" data-lazy-src-webp=\"\/wp-content\/uploads\/2020\/12\/bergamota.jpg.webp\" data-ll-status=\"loaded\" \/><br \/>\n<strong><span>Notas de coraz\u00f3n:<\/span><\/strong><span>\u00a0jazm\u00edn, almizcle, onagra<\/span><br \/>\n<img loading=\"lazy\" decoding=\"async\" class=\"entered lazyloaded\" src=\"https:\/\/www.liva.ro\/wp-content\/uploads\/2020\/12\/iasomie.jpg.webp\" alt=\"\" width=\"60\" height=\"60\" data-lazy-src=\"\/wp-content\/uploads\/2020\/12\/iasomie.jpg.webp\" data-lazy-src-webp=\"\/wp-content\/uploads\/2020\/12\/iasomie.jpg.webp\" data-ll-status=\"loaded\" \/>\u00a0<img loading=\"lazy\" decoding=\"async\" class=\"entered lazyloaded\" src=\"https:\/\/www.liva.ro\/wp-content\/uploads\/2020\/12\/muschi%20de%20stejar.jpg\" alt=\"\" width=\"60\" height=\"60\" data-lazy-src=\"\/wp-content\/uploads\/2020\/12\/muschi%20de%20stejar.jpg\" data-ll-status=\"loaded\" \/><br \/>\n<strong><span>Notas de fondo:<\/span><\/strong><span>\u00a0Ambrofix, vainilla Bourbon, \u00e1mbar<\/span><br \/>\n<img loading=\"lazy\" decoding=\"async\" class=\"entered lazyloaded\" src=\"https:\/\/www.liva.ro\/wp-content\/uploads\/2020\/12\/ambroxan.jpeg.webp\" alt=\"\" width=\"60\" height=\"60\" data-lazy-src=\"\/wp-content\/uploads\/2020\/12\/ambroxan.jpeg.webp\" data-lazy-src-webp=\"\/wp-content\/uploads\/2020\/12\/ambroxan.jpeg.webp\" data-ll-status=\"loaded\" \/>\u00a0<img loading=\"lazy\" decoding=\"async\" class=\"entered lazyloaded\" src=\"https:\/\/www.liva.ro\/wp-content\/uploads\/2020\/12\/vanilie.jpg.webp\" alt=\"\" width=\"60\" height=\"60\" data-lazy-src=\"\/wp-content\/uploads\/2020\/12\/vanilie.jpg.webp\" data-lazy-src-webp=\"\/wp-content\/uploads\/2020\/12\/vanilie.jpg.webp\" data-ll-status=\"loaded\" \/>\u00a0<img loading=\"lazy\" decoding=\"async\" class=\"entered lazyloaded\" src=\"https:\/\/www.liva.ro\/wp-content\/uploads\/2020\/12\/ambra.jpeg.webp\" alt=\"\" width=\"60\" height=\"60\" data-lazy-src=\"\/wp-content\/uploads\/2020\/12\/ambra.jpeg.webp\" data-lazy-src-webp=\"\/wp-content\/uploads\/2020\/12\/ambra.jpeg.webp\" data-ll-status=\"loaded\" \/><\/p>\n","protected":false},"excerpt":{"rendered":"<p>PRIVATE PINK Private Pink, la fragancia cautivadora que encarna la feminidad y la elegancia. Esta exquisita eau de parfum es<\/p>\n","protected":false},"featured_media":67438,"comment_status":"open","ping_status":"closed","template":"","meta":{"nf_dc_page":""},"product_brand":[113],"product_cat":[84],"product_tag":[1905],"class_list":{"0":"post-67431","1":"product","2":"type-product","3":"status-publish","4":"has-post-thumbnail","6":"product_brand-grandeur","7":"product_cat-perfumeria","8":"product_tag-1905","10":"first","11":"instock","12":"shipping-taxable","13":"purchasable","14":"product-type-simple"},"_links":{"self":[{"href":"https:\/\/brandss.com.py\/index\/wp-json\/wp\/v2\/product\/67431","targetHints":{"allow":["GET"]}}],"collection":[{"href":"https:\/\/brandss.com.py\/index\/wp-json\/wp\/v2\/product"}],"about":[{"href":"https:\/\/brandss.com.py\/index\/wp-json\/wp\/v2\/types\/product"}],"replies":[{"embeddable":true,"href":"https:\/\/brandss.com.py\/index\/wp-json\/wp\/v2\/comments?post=67431"}],"version-history":[{"count":1,"href":"https:\/\/brandss.com.py\/index\/wp-json\/wp\/v2\/product\/67431\/revisions"}],"predecessor-version":[{"id":67441,"href":"https:\/\/brandss.com.py\/index\/wp-json\/wp\/v2\/product\/67431\/revisions\/67441"}],"wp:featuredmedia":[{"embeddable":true,"href":"https:\/\/brandss.com.py\/index\/wp-json\/wp\/v2\/media\/67438"}],"wp:attachment":[{"href":"https:\/\/brandss.com.py\/index\/wp-json\/wp\/v2\/media?parent=67431"}],"wp:term":[{"taxonomy":"product_brand","embeddable":true,"href":"https:\/\/brandss.com.py\/index\/wp-json\/wp\/v2\/product_brand?post=67431"},{"taxonomy":"product_cat","embeddable":true,"href":"https:\/\/brandss.com.py\/index\/wp-json\/wp\/v2\/product_cat?post=67431"},{"taxonomy":"product_tag","embeddable":true,"href":"https:\/\/brandss.com.py\/index\/wp-json\/wp\/v2\/product_tag?post=67431"}],"curies":[{"name":"wp","href":"https:\/\/api.w.org\/{rel}","templated":true}]}}