{"id":67442,"date":"2025-01-24T18:29:27","date_gmt":"2025-01-24T18:29:27","guid":{"rendered":"https:\/\/brandss.com.py\/index\/?post_type=product&#038;p=67442"},"modified":"2025-12-11T14:09:31","modified_gmt":"2025-12-11T14:09:31","slug":"perfume-masculino-grandeur-elite-sincerity-edp-100ml","status":"publish","type":"product","link":"https:\/\/brandss.com.py\/index\/producto\/perfume-masculino-grandeur-elite-sincerity-edp-100ml\/","title":{"rendered":"PERFUME MASCULINO GRANDEUR ELITE SINCERITY EDP 100ML"},"content":{"rendered":"<p><img loading=\"lazy\" decoding=\"async\" class=\"\" src=\"https:\/\/perfumescorp.com\/cdn\/shop\/collections\/grandeur-Logo-Brand.webp?v=1698005233&amp;width=750\" alt=\"Grandeur Perfumes - Unveiling Sensual and Unique Fragrances \u2013 Perfumes Corp\" width=\"122\" height=\"65\" \/><\/p>\n<h1>SINCERITY<\/h1>\n<p>Experimente el atractivo seductor de Sweet Boozy Chocolates, perfecto para esas noches inolvidables o para ocasiones especiales. Esta fragancia es una sinfon\u00eda de ingredientes combinados armoniosamente, lo que da como resultado un aroma potente y duradero, adecuado para hombres.<img loading=\"lazy\" decoding=\"async\" class=\"alignleft\" src=\"https:\/\/http2.mlstatic.com\/D_NQ_NP_2X_870263-MLA77331520725_062024-F.webp\" width=\"643\" height=\"642\" \/><\/p>\n<p>Sincerity for him es un perfume masculino que desprende un aroma amaderado, floral y ambarino. Elaborado a la perfecci\u00f3n, este perfume ofrece una combinaci\u00f3n \u00fanica de notas que te har\u00e1n sentir seguro y renovado. Las notas amaderadas resaltan tu masculinidad, mientras que los acentos florales a\u00f1aden un encanto seductor a tu personalidad. Los matices ambarinos brindan la cantidad justa de calidez para que sea perfecto para cualquier ocasi\u00f3n. Sincerity for him se elabora utilizando \u00fanicamente ingredientes de primera calidad, lo que garantiza que dure todo el d\u00eda sin perder su intensidad ni fragancia. Es perfecto para salir por la noche o incluso como aroma diario. En conclusi\u00f3n, Sincerity para \u00e9l es un perfume irresistible que todo hombre necesita en su colecci\u00f3n.<\/p>\n<p>\u00a1Su combinaci\u00f3n \u00fanica de notas amaderadas, florales y ambarinas dejar\u00e1 a todos los que te rodean hechizados con su fragancia durante todo el d\u00eda sin falta!<\/p>\n<p>&nbsp;<\/p>\n<h3>Notas Olfativas<\/h3>\n<p>&nbsp;<\/p>\n<p>El perfume\u00a0Sincerity\u00a0de\u00a0Grandeur\u00a0es una fragancia de la familia olfativa oriental especiada\u00a0para hombres. Con una concentraci\u00f3n del tipo Eau de Parfum, ofrece una duradera y alta intensidad arom\u00e1tica en la piel. Sus notas est\u00e1n compuestas por los siguientes ingredientes.<\/p>\n<ul>\n<li><strong>Notas de salida:<\/strong> Pimienta negra, lavanda y bergamota.<\/li>\n<li><strong>Nota de coraz\u00f3n:\u00a0<\/strong>Ra\u00edz de orris , clavo y canela.<\/li>\n<li><strong>Notas de fondo:<\/strong> Vainilla negra, b\u00e1lsamo Tol\u00fa, haba tonka, benju\u00ed y pachuli.<\/li>\n<\/ul>\n","protected":false},"excerpt":{"rendered":"<p>SINCERITY Experimente el atractivo seductor de Sweet Boozy Chocolates, perfecto para esas noches inolvidables o para ocasiones especiales. Esta fragancia<\/p>\n","protected":false},"featured_media":67447,"comment_status":"open","ping_status":"closed","template":"","meta":{"nf_dc_page":""},"product_brand":[113],"product_cat":[84],"product_tag":[1906],"class_list":{"0":"post-67442","1":"product","2":"type-product","3":"status-publish","4":"has-post-thumbnail","6":"product_brand-grandeur","7":"product_cat-perfumeria","8":"product_tag-1906","10":"first","11":"instock","12":"shipping-taxable","13":"purchasable","14":"product-type-simple"},"_links":{"self":[{"href":"https:\/\/brandss.com.py\/index\/wp-json\/wp\/v2\/product\/67442","targetHints":{"allow":["GET"]}}],"collection":[{"href":"https:\/\/brandss.com.py\/index\/wp-json\/wp\/v2\/product"}],"about":[{"href":"https:\/\/brandss.com.py\/index\/wp-json\/wp\/v2\/types\/product"}],"replies":[{"embeddable":true,"href":"https:\/\/brandss.com.py\/index\/wp-json\/wp\/v2\/comments?post=67442"}],"version-history":[{"count":2,"href":"https:\/\/brandss.com.py\/index\/wp-json\/wp\/v2\/product\/67442\/revisions"}],"predecessor-version":[{"id":67452,"href":"https:\/\/brandss.com.py\/index\/wp-json\/wp\/v2\/product\/67442\/revisions\/67452"}],"wp:featuredmedia":[{"embeddable":true,"href":"https:\/\/brandss.com.py\/index\/wp-json\/wp\/v2\/media\/67447"}],"wp:attachment":[{"href":"https:\/\/brandss.com.py\/index\/wp-json\/wp\/v2\/media?parent=67442"}],"wp:term":[{"taxonomy":"product_brand","embeddable":true,"href":"https:\/\/brandss.com.py\/index\/wp-json\/wp\/v2\/product_brand?post=67442"},{"taxonomy":"product_cat","embeddable":true,"href":"https:\/\/brandss.com.py\/index\/wp-json\/wp\/v2\/product_cat?post=67442"},{"taxonomy":"product_tag","embeddable":true,"href":"https:\/\/brandss.com.py\/index\/wp-json\/wp\/v2\/product_tag?post=67442"}],"curies":[{"name":"wp","href":"https:\/\/api.w.org\/{rel}","templated":true}]}}