{"id":67460,"date":"2025-01-24T18:43:34","date_gmt":"2025-01-24T18:43:34","guid":{"rendered":"https:\/\/brandss.com.py\/index\/?post_type=product&#038;p=67460"},"modified":"2025-12-11T14:10:31","modified_gmt":"2025-12-11T14:10:31","slug":"perfume-femenino-grandeur-elite-lavish-edp-100ml","status":"publish","type":"product","link":"https:\/\/brandss.com.py\/index\/producto\/perfume-femenino-grandeur-elite-lavish-edp-100ml\/","title":{"rendered":"PERFUME FEMENINO GRANDEUR \u00c9LITE LAVISH EDP 100ML"},"content":{"rendered":"<p><img loading=\"lazy\" decoding=\"async\" class=\"\" src=\"https:\/\/perfumescorp.com\/cdn\/shop\/collections\/grandeur-Logo-Brand.webp?v=1698005233&amp;width=750\" alt=\"Grandeur Perfumes - Unveiling Sensual and Unique Fragrances \u2013 Perfumes Corp\" width=\"106\" height=\"56\" \/><\/p>\n<h1>LAVISH<\/h1>\n<p><span>Lavish es m\u00e1s que un aroma; es una experiencia. Imag\u00ednate hundirte en un sill\u00f3n lujoso en un bar clandestino con poca luz, con una copa de algo suave y ahumado en la mano. El aire est\u00e1 denso con el aroma embriagador de cuero a\u00f1ejo, madera pulida y un toque de algo salvaje e ind\u00f3mito. Esto es Lavish. Perfume femenino de 100 ml elaborado principalmente con: Cuero Azafr\u00e1n Lavanda Bergamota Canela Nuez moscada Las Notas de Salida son almendra, caf\u00e9, bergamota y lim\u00f3n; las Notas de Coraz\u00f3n son nardo, jazm\u00edn sambac, flor de naranja, lirio y rosa b\u00falgara; las Notas de Fondo son haba tonka, cacao, vainilla, pralin\u00e9, s\u00e1ndalo, almizcle, \u00e1mbar, madera de cachemira, canela, pachul\u00ed y cedro<\/span><br \/>\n<span>Este es un perfume en aerosol original de alta calidad, un poco de este perfume puede brindarte una sensaci\u00f3n de tranquilidad en tu cuerpo y mente y difundir el olor por un per\u00edodo m\u00e1s prolongado. Es el perfume del que puedes enamorarte al primer olor. Ofrece a los amantes de las fragancias un aroma divino delicadamente agradable y podr\u00eda ser un regalo de fragancia ideal. Tiene un aroma fuerte e intenso que perdura y te acompa\u00f1a durante todo el d\u00eda. Un aroma que parece demasiado bueno para ser verdad, este es un olor que se siente puramente imaginario. Compuesto por la calidad superior.<\/span><\/p>\n<p>&nbsp;<\/p>\n<h3>Notas Olfativas<\/h3>\n<p>&nbsp;<\/p>\n<p>El perfume Lavish de Grandeur Elite es una fragancia oriental para mujeres. Sus notas profundas y exquisitas dejan la piel deliciosamente perfumada.<\/p>\n<p><strong>Las notas de salida:\u00a0<\/strong> almendra, caf\u00e9, bergamota y lim\u00f3n.<\/p>\n<p><strong>Las notas de coraz\u00f3n:\u00a0<\/strong> nardos, jazm\u00edn sambac, flor de azahar del naranjo, lirio y rosa de Bulgaria.<\/p>\n<p><strong>Las notas de fondo:<\/strong> haba tonka, cacao, vainilla, pralin\u00e9, s\u00e1ndalo, almizcle, \u00e1mbar, madera de cachemira, canela, pachul\u00ed y cedro.<\/p>\n","protected":false},"excerpt":{"rendered":"<p>LAVISH Lavish es m\u00e1s que un aroma; es una experiencia. Imag\u00ednate hundirte en un sill\u00f3n lujoso en un bar clandestino<\/p>\n","protected":false},"featured_media":67465,"comment_status":"open","ping_status":"closed","template":"","meta":{"nf_dc_page":""},"product_brand":[113],"product_cat":[84],"product_tag":[1907],"class_list":{"0":"post-67460","1":"product","2":"type-product","3":"status-publish","4":"has-post-thumbnail","6":"product_brand-grandeur","7":"product_cat-perfumeria","8":"product_tag-1907","10":"first","11":"instock","12":"shipping-taxable","13":"purchasable","14":"product-type-simple"},"_links":{"self":[{"href":"https:\/\/brandss.com.py\/index\/wp-json\/wp\/v2\/product\/67460","targetHints":{"allow":["GET"]}}],"collection":[{"href":"https:\/\/brandss.com.py\/index\/wp-json\/wp\/v2\/product"}],"about":[{"href":"https:\/\/brandss.com.py\/index\/wp-json\/wp\/v2\/types\/product"}],"replies":[{"embeddable":true,"href":"https:\/\/brandss.com.py\/index\/wp-json\/wp\/v2\/comments?post=67460"}],"version-history":[{"count":3,"href":"https:\/\/brandss.com.py\/index\/wp-json\/wp\/v2\/product\/67460\/revisions"}],"predecessor-version":[{"id":94792,"href":"https:\/\/brandss.com.py\/index\/wp-json\/wp\/v2\/product\/67460\/revisions\/94792"}],"wp:featuredmedia":[{"embeddable":true,"href":"https:\/\/brandss.com.py\/index\/wp-json\/wp\/v2\/media\/67465"}],"wp:attachment":[{"href":"https:\/\/brandss.com.py\/index\/wp-json\/wp\/v2\/media?parent=67460"}],"wp:term":[{"taxonomy":"product_brand","embeddable":true,"href":"https:\/\/brandss.com.py\/index\/wp-json\/wp\/v2\/product_brand?post=67460"},{"taxonomy":"product_cat","embeddable":true,"href":"https:\/\/brandss.com.py\/index\/wp-json\/wp\/v2\/product_cat?post=67460"},{"taxonomy":"product_tag","embeddable":true,"href":"https:\/\/brandss.com.py\/index\/wp-json\/wp\/v2\/product_tag?post=67460"}],"curies":[{"name":"wp","href":"https:\/\/api.w.org\/{rel}","templated":true}]}}