{"id":67485,"date":"2025-01-25T10:47:24","date_gmt":"2025-01-25T10:47:24","guid":{"rendered":"https:\/\/brandss.com.py\/index\/?post_type=product&#038;p=67485"},"modified":"2025-12-11T14:10:56","modified_gmt":"2025-12-11T14:10:56","slug":"perfume-unisex-al-absar-oud-al-samaawat-edp-100ml","status":"publish","type":"product","link":"https:\/\/brandss.com.py\/index\/producto\/perfume-unisex-al-absar-oud-al-samaawat-edp-100ml\/","title":{"rendered":"PERFUME UNISEX AL ABSAR OUD AL SAMAAWAT EDP 100ML"},"content":{"rendered":"<p><img loading=\"lazy\" decoding=\"async\" class=\"\" src=\"https:\/\/res.cloudinary.com\/beleza-na-web\/image\/upload\/f_auto,fl_progressive,q_auto:best\/v1\/imagens\/brands\/al-absar_65d37f065d45932388405d4a\/logo_logo-alabsarsvg\" alt=\"PERFUME FEMENINO AL ABSAR BINT AL AMAL EDP 80ML - Brands\" width=\"149\" height=\"83\" \/><\/p>\n<h1>OUD AL SAMAAWAT<\/h1>\n<p>Sum\u00e9rgete en la elegancia y el lujo oriental con el perfume Al Absar. Esta fragancia distintiva es una celebraci\u00f3n de la tradici\u00f3n y la sofisticaci\u00f3n, cautivando los sentidos con una mezcla armoniosa de notas especiadas y amaderadas. Desde las notas altas que evocan exotismo y frescura hasta el coraz\u00f3n profundo y la base c\u00e1lida y envolvente, cada elemento de esta fragancia est\u00e1 meticulosamente elaborado para ofrecer una experiencia olfativa \u00fanica. Con su aroma duradero y su car\u00e1cter distintivo, Al Absar es m\u00e1s que una simple fragancia; Es una declaraci\u00f3n de estilo y exclusividad que deja una impresi\u00f3n imborrable en cada ocasi\u00f3n.<img decoding=\"async\" class=\"alignleft\" src=\"https:\/\/m.media-amazon.com\/images\/I\/51Lv01+ijEL.jpg\" \/><\/p>\n<p>Presenta una experiencia de fragancia refinada con este lujoso Eau de Parfum, presentado en una majestuosa botella roja con un elegante tap\u00f3n dorado y una placa con el nombre. Este cautivador aroma se abre con notas de almendra amarga, cereza negra y rosa, que conducen a un coraz\u00f3n de jarabe de griotte, jazm\u00edn y pistacho. Las notas de fondo de b\u00e1lsamo del Per\u00fa, tonka, vainilla y madera de cedro dejan un final memorable y sofisticado. Perfecto para ocasiones especiales o para la elegancia diaria, este perfume es una verdadera declaraci\u00f3n de clase y calidad. El envase elaborado con ingenio mejora la experiencia, lo que lo convierte en un regalo ideal.<\/p>\n<p><span class=\"a-list-item\"><span><em>PERFIL DE AROMA LUJOSO:<\/em><br \/>\nUna mezcla equilibrada de notas florales y amaderadas, con cereza, rosa, jazm\u00edn y madera de cedro.<\/span><\/span><\/p>\n<p><em><span class=\"a-list-item\">DISE\u00d1O EXQUISITO: <\/span><\/em><\/p>\n<p><span class=\"a-list-item\"><span>Envuelto en una botella de color rojo vibrante con una tapa dorada, complementada con una placa de identificaci\u00f3n de zamac.<\/span><\/span><\/p>\n<p><em><span class=\"a-list-item\">FRAGANCIA DE LARGA DURACI\u00d3N: <\/span><\/em><\/p>\n<p><span class=\"a-list-item\"><span>Elaborada para permanecer en la piel durante horas, adecuada tanto para usar de d\u00eda como de noche.<\/span><\/span><\/p>\n<p><em><span class=\"a-list-item\">INGREDIENTES PREMIUM: <\/span><\/em><\/p>\n<p><span class=\"a-list-item\"><span>Elementos de alta calidad que incluyen b\u00e1lsamo de Per\u00fa, tonka y vainilla para un aroma profundo y memorable.<\/span><\/span><\/p>\n<p><em><span class=\"a-list-item\">OPCI\u00d3N DE REGALO PERFECTA: <\/span><\/em><\/p>\n<p><span class=\"a-list-item\"><span>Bellamente empaquetado con una funda de dos piezas y una caja roja en relieve, ideal para regalar.<\/span><\/span><\/p>\n<h3>Notas Olfativas<\/h3>\n<p><strong>Notas altas:<\/strong> granada, almendra amarga, cereza negra y rosa.<\/p>\n<p><strong>Notas de Coraz\u00f3n:<\/strong> Mandarina, jarabe de griotte, jazm\u00edn y pistacho.<\/p>\n<p><strong>Notas de fondo:<\/strong> almizcle blanco, almizcle, b\u00e1lsamo del Per\u00fa, tonka, vainilla y madera de cedro.<\/p>\n","protected":false},"excerpt":{"rendered":"<p>OUD AL SAMAAWAT Sum\u00e9rgete en la elegancia y el lujo oriental con el perfume Al Absar. Esta fragancia distintiva es<\/p>\n","protected":false},"featured_media":67497,"comment_status":"open","ping_status":"closed","template":"","meta":{"nf_dc_page":""},"product_brand":[1846],"product_cat":[84],"product_tag":[1908],"class_list":{"0":"post-67485","1":"product","2":"type-product","3":"status-publish","4":"has-post-thumbnail","6":"product_brand-al-absar","7":"product_cat-perfumeria","8":"product_tag-1908","10":"first","11":"instock","12":"shipping-taxable","13":"purchasable","14":"product-type-simple"},"_links":{"self":[{"href":"https:\/\/brandss.com.py\/index\/wp-json\/wp\/v2\/product\/67485","targetHints":{"allow":["GET"]}}],"collection":[{"href":"https:\/\/brandss.com.py\/index\/wp-json\/wp\/v2\/product"}],"about":[{"href":"https:\/\/brandss.com.py\/index\/wp-json\/wp\/v2\/types\/product"}],"replies":[{"embeddable":true,"href":"https:\/\/brandss.com.py\/index\/wp-json\/wp\/v2\/comments?post=67485"}],"version-history":[{"count":1,"href":"https:\/\/brandss.com.py\/index\/wp-json\/wp\/v2\/product\/67485\/revisions"}],"predecessor-version":[{"id":67504,"href":"https:\/\/brandss.com.py\/index\/wp-json\/wp\/v2\/product\/67485\/revisions\/67504"}],"wp:featuredmedia":[{"embeddable":true,"href":"https:\/\/brandss.com.py\/index\/wp-json\/wp\/v2\/media\/67497"}],"wp:attachment":[{"href":"https:\/\/brandss.com.py\/index\/wp-json\/wp\/v2\/media?parent=67485"}],"wp:term":[{"taxonomy":"product_brand","embeddable":true,"href":"https:\/\/brandss.com.py\/index\/wp-json\/wp\/v2\/product_brand?post=67485"},{"taxonomy":"product_cat","embeddable":true,"href":"https:\/\/brandss.com.py\/index\/wp-json\/wp\/v2\/product_cat?post=67485"},{"taxonomy":"product_tag","embeddable":true,"href":"https:\/\/brandss.com.py\/index\/wp-json\/wp\/v2\/product_tag?post=67485"}],"curies":[{"name":"wp","href":"https:\/\/api.w.org\/{rel}","templated":true}]}}