{"id":67511,"date":"2025-01-25T11:33:32","date_gmt":"2025-01-25T11:33:32","guid":{"rendered":"https:\/\/brandss.com.py\/index\/?post_type=product&#038;p=67511"},"modified":"2025-12-11T14:11:23","modified_gmt":"2025-12-11T14:11:23","slug":"perfume-femenino-al-absar-freya-edp-100ml","status":"publish","type":"product","link":"https:\/\/brandss.com.py\/index\/producto\/perfume-femenino-al-absar-freya-edp-100ml\/","title":{"rendered":"PERFUME FEMENINO AL ABSAR FREYA EDP 100ML"},"content":{"rendered":"<p><img loading=\"lazy\" decoding=\"async\" class=\"\" src=\"https:\/\/res.cloudinary.com\/beleza-na-web\/image\/upload\/f_auto,fl_progressive,q_auto:best\/v1\/imagens\/brands\/al-absar_65d37f065d45932388405d4a\/logo_logo-alabsarsvg\" alt=\"PERFUME FEMENINO AL ABSAR BINT AL AMAL EDP 80ML - Brands\" width=\"112\" height=\"62\" \/><\/p>\n<h1>FREYA<\/h1>\n<p>Un perfume femenino que captura la esencia de la diosa n\u00f3rdica Freya, s\u00edmbolo de belleza, encanto y poder femenino. Esta fragancia es un homenaje a la feminidad, destilando elegancia y sofisticaci\u00f3n en cada pulverizaci\u00f3n. <span>El perfume se abre con notas frescas y vibrantes de\u00a0<\/span>frutas c\u00edtricas\u00a0y\u00a0flores delicadas, brindando una impresi\u00f3n vigorizante. En el coraz\u00f3n de la fragancia, un ramo de rosas,\u00a0jazmines\u00a0y\u00a0azucenas\u00a0se entrelazan para crear un aroma rom\u00e1ntico y envolvente. La base est\u00e1 compuesta por\u00a0acordes\u00a0amaderados y\u00a0\u00e1mbar<span>, aportando profundidad y durabilidad a la fragancia, dejando una estela sensual y sofisticada.<img loading=\"lazy\" decoding=\"async\" class=\"alignleft\" src=\"https:\/\/images.yampi.io\/unsafe\/fit-in\/1000x1000\/filters:background_color(white):upscale()\/https:\/\/images.yampi.me\/assets\/stores\/aviole\/uploads\/images\/freya-al-absar-perfume-feminino-eau-de-parfum-100ml-66d6f3c422f39-large.jpg\" width=\"694\" height=\"694\" \/><\/span><\/p>\n<p><span>El frasco de\u00a0<\/span>Freya Al Absar<span>\u00a0es una obra de arte en s\u00ed mismo, con un dise\u00f1o elegante y detalles dorados que evocan lujo y exclusividad. Este perfume es ideal para mujeres que quieren expresar su personalidad fuerte y a la vez delicada, siendo perfecto tanto para ocasiones especiales como para el d\u00eda a d\u00eda.<\/span><\/p>\n<p><span>Descubre\u00a0<\/span>Freya Al Absar<span>, el perfume de mujer que captura la esencia de la diosa n\u00f3rdica Freya, irradiando elegancia y sofisticaci\u00f3n con cada aplicaci\u00f3n.<\/span><\/p>\n<p><span>Siente la armon\u00eda entre notas frescas y florales que combinan a la perfecci\u00f3n con una base amaderada y \u00e1mbar, creando una fragancia irresistible y llamativa.<\/span><\/p>\n<p><span>Transforma tu vida cotidiana o momentos especiales con una fragancia que refleja tu fuerza y \u200b\u200bgracia, dejando una huella inolvidable dondequiera que vayas.<\/span><\/p>\n<p><span>Prueba\u00a0<\/span>Freya Al Absar<span>\u00a0y ll\u00e9vate a casa una obra maestra olfativa que eleva tu belleza y sofisticaci\u00f3n. Cons\u00edguelo ahora y siente el poder de Freya en cada gota.<\/span><\/p>\n<p>&nbsp;<\/p>\n<h3>Notas Olfativas<\/h3>\n<p>&nbsp;<\/p>\n<p><strong>Notas de salida:<\/strong> grosella negra, pera y bergamota.<\/p>\n<p><strong>Notas de coraz\u00f3n:<\/strong> flor de naranja, neroli y jazm\u00edn.<\/p>\n<p><strong>Notas de fondo:<\/strong> almizcle, \u00e1mbar gris y vainilla.<\/p>\n","protected":false},"excerpt":{"rendered":"<p>FREYA Un perfume femenino que captura la esencia de la diosa n\u00f3rdica Freya, s\u00edmbolo de belleza, encanto y poder femenino.<\/p>\n","protected":false},"featured_media":67518,"comment_status":"open","ping_status":"closed","template":"","meta":{"nf_dc_page":""},"product_brand":[1846],"product_cat":[84],"product_tag":[1909],"class_list":{"0":"post-67511","1":"product","2":"type-product","3":"status-publish","4":"has-post-thumbnail","6":"product_brand-al-absar","7":"product_cat-perfumeria","8":"product_tag-1909","10":"first","11":"instock","12":"shipping-taxable","13":"purchasable","14":"product-type-simple"},"_links":{"self":[{"href":"https:\/\/brandss.com.py\/index\/wp-json\/wp\/v2\/product\/67511","targetHints":{"allow":["GET"]}}],"collection":[{"href":"https:\/\/brandss.com.py\/index\/wp-json\/wp\/v2\/product"}],"about":[{"href":"https:\/\/brandss.com.py\/index\/wp-json\/wp\/v2\/types\/product"}],"replies":[{"embeddable":true,"href":"https:\/\/brandss.com.py\/index\/wp-json\/wp\/v2\/comments?post=67511"}],"version-history":[{"count":1,"href":"https:\/\/brandss.com.py\/index\/wp-json\/wp\/v2\/product\/67511\/revisions"}],"predecessor-version":[{"id":67524,"href":"https:\/\/brandss.com.py\/index\/wp-json\/wp\/v2\/product\/67511\/revisions\/67524"}],"wp:featuredmedia":[{"embeddable":true,"href":"https:\/\/brandss.com.py\/index\/wp-json\/wp\/v2\/media\/67518"}],"wp:attachment":[{"href":"https:\/\/brandss.com.py\/index\/wp-json\/wp\/v2\/media?parent=67511"}],"wp:term":[{"taxonomy":"product_brand","embeddable":true,"href":"https:\/\/brandss.com.py\/index\/wp-json\/wp\/v2\/product_brand?post=67511"},{"taxonomy":"product_cat","embeddable":true,"href":"https:\/\/brandss.com.py\/index\/wp-json\/wp\/v2\/product_cat?post=67511"},{"taxonomy":"product_tag","embeddable":true,"href":"https:\/\/brandss.com.py\/index\/wp-json\/wp\/v2\/product_tag?post=67511"}],"curies":[{"name":"wp","href":"https:\/\/api.w.org\/{rel}","templated":true}]}}