{"id":67512,"date":"2025-01-25T11:24:38","date_gmt":"2025-01-25T11:24:38","guid":{"rendered":"https:\/\/brandss.com.py\/index\/?post_type=product&#038;p=67512"},"modified":"2025-08-16T19:18:58","modified_gmt":"2025-08-16T19:18:58","slug":"casserola-dsp-beige-4-4l","status":"publish","type":"product","link":"https:\/\/brandss.com.py\/index\/producto\/casserola-dsp-beige-4-4l\/","title":{"rendered":"CACEROLA DSP BEIGE 4.4L"},"content":{"rendered":"<p><img loading=\"lazy\" decoding=\"async\" class=\"\" src=\"https:\/\/encrypted-tbn0.gstatic.com\/images?q=tbn:ANd9GcTorcnxcoamfDSrgnvIycaEOfg3tfqBetVpzaYlX3N86kNK4oP8pHtD6AcPlxlz2otISsU&amp;usqp=CAU\" width=\"116\" height=\"59\" \/><\/p>\n<h1>CA005-B24-627<\/h1>\n<div class=\"flex max-w-full flex-col flex-grow\">\n<div class=\"min-h-8 text-message flex w-full flex-col items-end gap-2 whitespace-normal break-words text-start [.text-message+&amp;]:mt-5\" dir=\"auto\" data-message-author-role=\"assistant\" data-message-id=\"240f36a6-7853-4af4-9256-9e784ade647a\" data-message-model-slug=\"gpt-4o\">\n<div class=\"flex w-full flex-col gap-1 empty:hidden first:pt-[3px]\">\n<div class=\"markdown prose w-full break-words dark:prose-invert light\">\n<p>\u00a0Es una cacerola de <strong>4.4 litros<\/strong>, dise\u00f1ada para cocinar con facilidad y precisi\u00f3n. Su estructura de <strong>aluminio de alta calidad<\/strong> con un <strong>recubrimiento antiadherente tipo piedra<\/strong> garantiza una distribuci\u00f3n uniforme del calor y evita que los alimentos se adhieran, facilitando tanto la cocci\u00f3n como la limpieza. Su elegante <strong>color beige<\/strong> aporta un toque sofisticado y moderno a cualquier cocina.<\/p>\n<h3><strong>Caracter\u00edsticas:<\/strong><\/h3>\n<ul>\n<li><strong>Marca:<\/strong> DSP<\/li>\n<li><strong>Modelo:<\/strong> CA005-B24-627<\/li>\n<li><strong>Capacidad:<\/strong> 4.4 litros<\/li>\n<li><strong>Material:<\/strong> Aluminio con revestimiento antiadherente tipo piedra<\/li>\n<li><strong>Tapa:<\/strong> Vidrio templado con salida de vapor<\/li>\n<li><strong>Asas:<\/strong> Resistentes al calor para un agarre seguro y c\u00f3modo<\/li>\n<li><strong>Dise\u00f1o:<\/strong> Sofisticado y moderno en color beige<\/li>\n<li><strong>Compatibilidad:<\/strong> Apta para cocinas de gas, el\u00e9ctricas, vitrocer\u00e1micas e inducci\u00f3n<\/li>\n<\/ul>\n<h3><strong>El paquete incluye:<\/strong><\/h3>\n<ul>\n<li>1 x Cacerola DSP CA005-B24-627 (4.4L)<\/li>\n<li>1 x Tapa de vidrio templado<\/li>\n<\/ul>\n<p><strong>Tipo de producto:<\/strong> Cacerola antiadherente<\/p>\n<p>\ud83d\udd25 <strong>Cocina con eficiencia y estilo con la DSP CA005-B24-627. Ideal para preparar tus recetas favoritas con comodidad y calidad!<\/strong> \ud83c\udf72\u2728<\/p>\n<\/div>\n<\/div>\n<\/div>\n<\/div>\n<div class=\"mb-2 flex gap-3 empty:hidden -ml-2\">\n<div class=\"items-center justify-start rounded-xl p-1 flex\">\n<div class=\"flex items-center\">\n<p>&nbsp;<\/p>\n<div class=\"flex\"><\/div>\n<p>&nbsp;<\/p>\n<div class=\"flex items-center pb-0\"><span class=\"overflow-hidden text-clip whitespace-nowrap text-sm\">4o<\/span><\/div>\n<\/div>\n<\/div>\n<\/div>\n<p>&nbsp;<\/p>\n","protected":false},"excerpt":{"rendered":"<p>CA005-B24-627 \u00a0Es una cacerola de 4.4 litros, dise\u00f1ada para cocinar con facilidad y precisi\u00f3n. Su estructura de aluminio de alta<\/p>\n","protected":false},"featured_media":67514,"comment_status":"open","ping_status":"closed","template":"","meta":{"nf_dc_page":""},"product_brand":[],"product_cat":[83],"product_tag":[],"class_list":{"0":"post-67512","1":"product","2":"type-product","3":"status-publish","4":"has-post-thumbnail","6":"product_cat-hogar","8":"first","9":"instock","10":"shipping-taxable","11":"purchasable","12":"product-type-simple"},"_links":{"self":[{"href":"https:\/\/brandss.com.py\/index\/wp-json\/wp\/v2\/product\/67512","targetHints":{"allow":["GET"]}}],"collection":[{"href":"https:\/\/brandss.com.py\/index\/wp-json\/wp\/v2\/product"}],"about":[{"href":"https:\/\/brandss.com.py\/index\/wp-json\/wp\/v2\/types\/product"}],"replies":[{"embeddable":true,"href":"https:\/\/brandss.com.py\/index\/wp-json\/wp\/v2\/comments?post=67512"}],"version-history":[{"count":4,"href":"https:\/\/brandss.com.py\/index\/wp-json\/wp\/v2\/product\/67512\/revisions"}],"predecessor-version":[{"id":67570,"href":"https:\/\/brandss.com.py\/index\/wp-json\/wp\/v2\/product\/67512\/revisions\/67570"}],"wp:featuredmedia":[{"embeddable":true,"href":"https:\/\/brandss.com.py\/index\/wp-json\/wp\/v2\/media\/67514"}],"wp:attachment":[{"href":"https:\/\/brandss.com.py\/index\/wp-json\/wp\/v2\/media?parent=67512"}],"wp:term":[{"taxonomy":"product_brand","embeddable":true,"href":"https:\/\/brandss.com.py\/index\/wp-json\/wp\/v2\/product_brand?post=67512"},{"taxonomy":"product_cat","embeddable":true,"href":"https:\/\/brandss.com.py\/index\/wp-json\/wp\/v2\/product_cat?post=67512"},{"taxonomy":"product_tag","embeddable":true,"href":"https:\/\/brandss.com.py\/index\/wp-json\/wp\/v2\/product_tag?post=67512"}],"curies":[{"name":"wp","href":"https:\/\/api.w.org\/{rel}","templated":true}]}}