{"id":67561,"date":"2025-01-25T13:03:52","date_gmt":"2025-01-25T13:03:52","guid":{"rendered":"https:\/\/brandss.com.py\/index\/?post_type=product&#038;p=67561"},"modified":"2025-01-25T13:06:18","modified_gmt":"2025-01-25T13:06:18","slug":"caserola-dsp-6-6l","status":"publish","type":"product","link":"https:\/\/brandss.com.py\/index\/producto\/caserola-dsp-6-6l\/","title":{"rendered":"CACEROLA DSP 6.6L"},"content":{"rendered":"<p><img decoding=\"async\" src=\"https:\/\/encrypted-tbn0.gstatic.com\/images?q=tbn:ANd9GcTorcnxcoamfDSrgnvIycaEOfg3tfqBetVpzaYlX3N86kNK4oP8pHtD6AcPlxlz2otISsU&amp;usqp=CAU\" \/><\/p>\n<h1><strong>CA005-B28PURP<\/strong><\/h1>\n<p><strong>CA005-B28PURP<\/strong><br \/>\nLa cacerola DSP de 6.6 litros es el aliado perfecto para preparar grandes comidas con facilidad y estilo. Fabricada con aluminio de alta calidad y un revestimiento antiadherente tipo piedra, ofrece una distribuci\u00f3n uniforme del calor y evita que los alimentos se peguen, facilitando tanto la cocci\u00f3n como la limpieza. Su acabado en color p\u00farpura no solo a\u00f1ade un toque \u00fanico y moderno a tu cocina, sino que tambi\u00e9n refleja tu buen gusto.<\/p>\n<p><strong>Caracter\u00edsticas:<\/strong><\/p>\n<ul>\n<li><strong>Marca:<\/strong> DSP<\/li>\n<li><strong>Modelo:<\/strong> CA005-B28PURP<\/li>\n<li><strong>Capacidad:<\/strong> 6,6 litros<\/li>\n<li><strong>Material:<\/strong> Aluminio con recubrimiento antiadherente tipo piedra.<\/li>\n<li><strong>Tapa:<\/strong> Vidrio templado con salida de vapor para un mejor control durante la cocci\u00f3n<\/li>\n<li><strong>Asas:<\/strong> Resistentes al calor, dise\u00f1adas para un agarre c\u00f3modo y seguro<\/li>\n<li><strong>Dise\u00f1o:<\/strong> Elegante y moderno en un vibrante color p\u00farpura.<\/li>\n<li><strong>Compatibilidad:<\/strong> Apta para cocinas de gas, el\u00e9ctricas, vitrocer\u00e1micas e inducci\u00f3n.<\/li>\n<\/ul>\n<p><strong>El paquete incluye:<\/strong><\/p>\n<ul>\n<li>1 x Cacerola DSP CA005-B28PURP (6,6L)<\/li>\n<li>1 x Tapa de vidrio templado<\/li>\n<\/ul>\n<p>Esta cacerola no solo ofrece funcionalidad y durabilidad, sino que tambi\u00e9n se convierte en el complemento ideal para quienes buscan cocinar con estilo y calidad.<\/p>\n","protected":false},"excerpt":{"rendered":"<p>CA005-B28PURP CA005-B28PURP La cacerola DSP de 6.6 litros es el aliado perfecto para preparar grandes comidas con facilidad y estilo.<\/p>\n","protected":false},"featured_media":67563,"comment_status":"open","ping_status":"closed","template":"","meta":{"nf_dc_page":""},"product_brand":[],"product_cat":[83],"product_tag":[],"class_list":{"0":"post-67561","1":"product","2":"type-product","3":"status-publish","4":"has-post-thumbnail","6":"product_cat-hogar","8":"first","9":"instock","10":"shipping-taxable","11":"purchasable","12":"product-type-simple"},"_links":{"self":[{"href":"https:\/\/brandss.com.py\/index\/wp-json\/wp\/v2\/product\/67561","targetHints":{"allow":["GET"]}}],"collection":[{"href":"https:\/\/brandss.com.py\/index\/wp-json\/wp\/v2\/product"}],"about":[{"href":"https:\/\/brandss.com.py\/index\/wp-json\/wp\/v2\/types\/product"}],"replies":[{"embeddable":true,"href":"https:\/\/brandss.com.py\/index\/wp-json\/wp\/v2\/comments?post=67561"}],"version-history":[{"count":2,"href":"https:\/\/brandss.com.py\/index\/wp-json\/wp\/v2\/product\/67561\/revisions"}],"predecessor-version":[{"id":67567,"href":"https:\/\/brandss.com.py\/index\/wp-json\/wp\/v2\/product\/67561\/revisions\/67567"}],"wp:featuredmedia":[{"embeddable":true,"href":"https:\/\/brandss.com.py\/index\/wp-json\/wp\/v2\/media\/67563"}],"wp:attachment":[{"href":"https:\/\/brandss.com.py\/index\/wp-json\/wp\/v2\/media?parent=67561"}],"wp:term":[{"taxonomy":"product_brand","embeddable":true,"href":"https:\/\/brandss.com.py\/index\/wp-json\/wp\/v2\/product_brand?post=67561"},{"taxonomy":"product_cat","embeddable":true,"href":"https:\/\/brandss.com.py\/index\/wp-json\/wp\/v2\/product_cat?post=67561"},{"taxonomy":"product_tag","embeddable":true,"href":"https:\/\/brandss.com.py\/index\/wp-json\/wp\/v2\/product_tag?post=67561"}],"curies":[{"name":"wp","href":"https:\/\/api.w.org\/{rel}","templated":true}]}}