{"id":67605,"date":"2025-01-25T14:03:28","date_gmt":"2025-01-25T14:03:28","guid":{"rendered":"https:\/\/brandss.com.py\/index\/?post_type=product&#038;p=67605"},"modified":"2026-03-17T12:08:43","modified_gmt":"2026-03-17T12:08:43","slug":"perfume-masculino-lattafa-the-kingdom-edp-100ml","status":"publish","type":"product","link":"https:\/\/brandss.com.py\/index\/producto\/perfume-masculino-lattafa-the-kingdom-edp-100ml\/","title":{"rendered":"PERFUME MASCULINO LATTAFA THE KINGDOM EDP 100ML"},"content":{"rendered":"<p><img loading=\"lazy\" decoding=\"async\" class=\"\" src=\"https:\/\/seeklogo.com\/images\/L\/lattafa-logo-BF4C5EB5A4-seeklogo.com.png\" alt=\"Lattafa Logo PNG Vector (AI) Free Download\" width=\"77\" height=\"102\" \/><\/p>\n<h1>THE KINGDOM<\/h1>\n<p>Dentro de los cap\u00edtulos de la historia, se encuentra la esencia atemporal de un reino: una historia de poder, resiliencia, unidad y liderazgo; donde la gente se mantiene alta y fuerte, valiente y confiada. A medida que viajamos por el futuro, que podamos liderar co<\/p>\n<p><img loading=\"lazy\" decoding=\"async\" class=\"alignright\" src=\"https:\/\/cdn.quicksell.co\/-NhDgH9TA3RYJycBKu-9\/products\/-OFI9KjtPmnqsGfrObta.jpg\" width=\"251\" height=\"305\" \/><\/p>\n<p>n sabidur\u00eda, inspirar con coraje y construir con ambici\u00f3n. Inspirado en la elegancia y la frescura de las fragancias orientales, The Kingdom\u00a0de Lattafa utiliza notas arom\u00e1ticas y c\u00e1lidas para crear un perfume c\u00f3modo y contempor\u00e1neo, ideal para destacar en cualquier ocasi\u00f3n especial.<\/p>\n<h3>Notas Olfativas<\/h3>\n<p>&nbsp;<\/p>\n<p>Lattafa The Kingdom\u00a0es una fragancia masculina que combina la frescura de la menta y la lavanda con la profundidad del tabaco, creando un aroma moderno y confortable. Este\u00a0Eau de Parfum\u00a0de 100ml es ideal para hombres que buscan un perfume fresco y elegante, perfecto para noches y eventos especiales.<\/p>\n<p>La fragancia se abre con una combinaci\u00f3n vibrante de lavanda, menta y salvia, que ofrece una salida refrescante y energizante. En el coraz\u00f3n de\u00a0The Kingdom\u00a0, la vainilla, el haba tonka y la flor de azahar del naranjo aportan una calidez suave y envolvente, equilibrando la frescura inicial con un toque de dulzura.<\/p>\n<p>&nbsp;<\/p>\n<p><img loading=\"lazy\" decoding=\"async\" class=\"alignleft\" src=\"https:\/\/cdn.quicksell.co\/-NhDgH9TA3RYJycBKu-9\/products\/-OFHjyvCCGQB92GcNr9f.jpg\" width=\"316\" height=\"402\" \/><\/p>\n<p>La base de la fragancia, compuesta por haba tonka, benju\u00ed y l\u00e1dano, crea una estela duradera y c\u00e1lida, dejando una impresi\u00f3n sofisticada y masculina.\u00a0The Kingdom es una joya oculta en el mundo de las fragancias \u00e1rabes, dise\u00f1ada para hombres que buscan un aroma distintivo y atemporal. Esta fragrancia es nueva.<\/p>\n<p>The Kingdom se lanz\u00f3 en 2024.<\/p>\n<p>&nbsp;<\/p>\n<p><strong><span>Notas de salida:<\/span><\/strong><span>\u00a0salvia, lavanda, menta.<\/span><\/p>\n<p><strong><span>Notas de coraz\u00f3n:<\/span><\/strong><span>\u00a0tabaco, vainilla, flor de naranja.<\/span><\/p>\n<p><strong><span>Notas de fondo:<\/span><\/strong><span>\u00a0benju\u00ed, haba tonka, l\u00e1dano.<\/span><\/p>\n<div id=\"shopify-section-template--23394997436749__custom-content\" class=\"shopify-section\">\n<div id=\"m-custom-template--23394997436749__custom-content\" class=\"m-section m-custom-content m-gradient m-color-default sf__custom-5-section-collapse\" data-section-type=\"custom-content\" data-section-id=\"template--23394997436749__custom-content\">\n<div class=\"container m-section-my m-section-py\">\n<div class=\"m-custom-content__wrapper m:flex m:flex-wrap\">\n<div id=\"m-custom__block--1632060681ed6277b4-1\" class=\"m:column m:display-flex m-custom-content__block m-custom-content__block-image lg:m:w-1\/2 m:w-full m:items-center\">\n<div class=\"m-custom-content__block-inner m:w-full\">\n<div class=\"m:w-full m:block\">\n<div><\/div>\n<\/div>\n<\/div>\n<\/div>\n<\/div>\n<\/div>\n<\/div>\n<\/div>\n","protected":false},"excerpt":{"rendered":"<p>THE KINGDOM Dentro de los cap\u00edtulos de la historia, se encuentra la esencia atemporal de un reino: una historia de<\/p>\n","protected":false},"featured_media":67612,"comment_status":"open","ping_status":"closed","template":"","meta":{"nf_dc_page":""},"product_brand":[109],"product_cat":[84],"product_tag":[693],"class_list":{"0":"post-67605","1":"product","2":"type-product","3":"status-publish","4":"has-post-thumbnail","6":"product_brand-lattafa","7":"product_cat-perfumeria","8":"product_tag-693","10":"first","11":"instock","12":"sale","13":"shipping-taxable","14":"purchasable","15":"product-type-simple"},"_links":{"self":[{"href":"https:\/\/brandss.com.py\/index\/wp-json\/wp\/v2\/product\/67605","targetHints":{"allow":["GET"]}}],"collection":[{"href":"https:\/\/brandss.com.py\/index\/wp-json\/wp\/v2\/product"}],"about":[{"href":"https:\/\/brandss.com.py\/index\/wp-json\/wp\/v2\/types\/product"}],"replies":[{"embeddable":true,"href":"https:\/\/brandss.com.py\/index\/wp-json\/wp\/v2\/comments?post=67605"}],"version-history":[{"count":1,"href":"https:\/\/brandss.com.py\/index\/wp-json\/wp\/v2\/product\/67605\/revisions"}],"predecessor-version":[{"id":67619,"href":"https:\/\/brandss.com.py\/index\/wp-json\/wp\/v2\/product\/67605\/revisions\/67619"}],"wp:featuredmedia":[{"embeddable":true,"href":"https:\/\/brandss.com.py\/index\/wp-json\/wp\/v2\/media\/67612"}],"wp:attachment":[{"href":"https:\/\/brandss.com.py\/index\/wp-json\/wp\/v2\/media?parent=67605"}],"wp:term":[{"taxonomy":"product_brand","embeddable":true,"href":"https:\/\/brandss.com.py\/index\/wp-json\/wp\/v2\/product_brand?post=67605"},{"taxonomy":"product_cat","embeddable":true,"href":"https:\/\/brandss.com.py\/index\/wp-json\/wp\/v2\/product_cat?post=67605"},{"taxonomy":"product_tag","embeddable":true,"href":"https:\/\/brandss.com.py\/index\/wp-json\/wp\/v2\/product_tag?post=67605"}],"curies":[{"name":"wp","href":"https:\/\/api.w.org\/{rel}","templated":true}]}}