{"id":67632,"date":"2025-01-25T14:36:19","date_gmt":"2025-01-25T14:36:19","guid":{"rendered":"https:\/\/brandss.com.py\/index\/?post_type=product&#038;p=67632"},"modified":"2026-03-17T12:09:20","modified_gmt":"2026-03-17T12:09:20","slug":"perfume-femenino-lattafa-the-kingdom-edp-100ml","status":"publish","type":"product","link":"https:\/\/brandss.com.py\/index\/producto\/perfume-femenino-lattafa-the-kingdom-edp-100ml\/","title":{"rendered":"PERFUME FEMENINO LATTAFA THE KINGDOM EDP 100ML"},"content":{"rendered":"<p><img loading=\"lazy\" decoding=\"async\" class=\"\" src=\"https:\/\/seeklogo.com\/images\/L\/lattafa-logo-BF4C5EB5A4-seeklogo.com.png\" alt=\"Lattafa Logo PNG Vector (AI) Free Download\" width=\"75\" height=\"99\" \/><\/p>\n<h1>THE KINGDOM<\/h1>\n<p>Es una fragancia refinada y sofisticada, creada para la mujer moderna y segura de s\u00ed misma. Con su combinaci\u00f3n \u00fanica de notas florales, frutales y amaderadas, esta fragancia encarna la feminidad en todas sus formas, ofreciendo una experiencia olfativa intensa y memorable. Dise\u00f1ado para quienes desean destacar, este perfume demuestra ser una verdadera declaraci\u00f3n de estilo y elegancia.<img loading=\"lazy\" decoding=\"async\" class=\"alignleft\" src=\"https:\/\/lilyscent.com.ng\/wp-content\/uploads\/2024\/11\/IMG-20241106-WA0181.jpg\" width=\"672\" height=\"620\" \/><\/p>\n<p>Kingdom Women<span>\u00a0es una fragancia que destaca por su complejidad y equilibrio armonioso entre notas frutales, florales y amaderadas. En cada una de sus aplicaciones, encarna la elegancia y el poder femenino. Gracias a su composici\u00f3n refinada y su proyecci\u00f3n perfecta, este perfume es ideal para la mujer moderna que busca una fragancia a la vez atrevida y sofisticada. Ya sea para un evento formal, una velada o incluso para la vida cotidiana, dejar\u00e1 una huella olfativa inolvidable.<\/span><\/p>\n<h4><strong><span>El Perfume Ideal para la Mujer Elegante y Carism\u00e1tica<\/span><\/strong><\/h4>\n<p>The Kingdom Women<span>\u00a0de Lattafa Parfum es la fragancia perfecta para la mujer moderna, sofisticada y atrevida. Con sus cautivadoras notas florales y profundos acordes amaderados, este perfume transmite una sensaci\u00f3n de poder y sensualidad, dejando al mismo tiempo una huella olfativa inolvidable. Perfecta para quien quiera reafirmar su estilo y personalidad,\u00a0<\/span><strong><span>The Kingdom Women<\/span><\/strong><span>\u00a0resulta ser la compa\u00f1era ideal para cualquier ocasi\u00f3n, ya sea una velada elegante, un evento especial o un d\u00eda cualquiera.<\/span><\/p>\n<p>&nbsp;<\/p>\n<h3>Notas Olfativas<\/h3>\n<p>&nbsp;<\/p>\n<p>Lattafa The Kingdom for Women\u00a0ofrece una\u00a0fragancia\u00a0\u00fanica que combina frescura con una profundidad seductora. Tambi\u00e9n conocido como\u00a0Kingdom of Women, este\u00a0perfume<span>\u00a0impresiona con una sofisticada composici\u00f3n de notas afrutadas y dulces, redondeadas por c\u00e1lidos matices amaderados. El resultado es un equilibrio armonioso entre la elegancia femenina y la sensualidad moderna.<\/span><\/p>\n<h4>Cinco acordes principales: afrutado, dulce, floral, polvoriento y gourmand.<img loading=\"lazy\" decoding=\"async\" class=\"alignleft\" src=\"https:\/\/zaoud.it\/cdn\/shop\/files\/lattafa-the-kingdom-for-women-perfume-bottle-surrounded-with-vanilla-and-amber-against-white-background.jpg?v=1725817574&amp;width=416\" width=\"268\" height=\"335\" \/><\/h4>\n<p>La combinaci\u00f3n de esencias frutales, acentos dulces, elementos florales, suavidad atalcada y un seductor toque gourmand hacen de\u00a0Kingdom of Women una\u00a0fragancia cautivadora. Su textura suave es ideal para ocasiones especiales, realzando el encanto de quien la lleva.<\/p>\n<h4><span>Pir\u00e1mide de fragancias: una mezcla perfecta de aromas<\/span><\/h4>\n<ul>\n<li><strong><span>Notas altas:<\/span><\/strong><span>\u00a0grosella negra, pera, peon\u00eda.\n<p><\/span><\/li>\n<li><strong><span>Notas de coraz\u00f3n:<\/span><\/strong><span> Jazm\u00edn, Pralin\u00e9, Haba Tonka.\n<p><\/span><\/li>\n<li><strong><span>Notas base:<\/span><\/strong><span>\u00a0\u00e1mbar, almizcle, s\u00e1ndalo, vainilla.<\/span><\/li>\n<\/ul>\n<p>&nbsp;<\/p>\n","protected":false},"excerpt":{"rendered":"<p>THE KINGDOM Es una fragancia refinada y sofisticada, creada para la mujer moderna y segura de s\u00ed misma. Con su<\/p>\n","protected":false},"featured_media":67638,"comment_status":"open","ping_status":"closed","template":"","meta":{"nf_dc_page":""},"product_brand":[109],"product_cat":[84],"product_tag":[694],"class_list":{"0":"post-67632","1":"product","2":"type-product","3":"status-publish","4":"has-post-thumbnail","6":"product_brand-lattafa","7":"product_cat-perfumeria","8":"product_tag-694","10":"first","11":"instock","12":"sale","13":"shipping-taxable","14":"purchasable","15":"product-type-simple"},"_links":{"self":[{"href":"https:\/\/brandss.com.py\/index\/wp-json\/wp\/v2\/product\/67632","targetHints":{"allow":["GET"]}}],"collection":[{"href":"https:\/\/brandss.com.py\/index\/wp-json\/wp\/v2\/product"}],"about":[{"href":"https:\/\/brandss.com.py\/index\/wp-json\/wp\/v2\/types\/product"}],"replies":[{"embeddable":true,"href":"https:\/\/brandss.com.py\/index\/wp-json\/wp\/v2\/comments?post=67632"}],"version-history":[{"count":1,"href":"https:\/\/brandss.com.py\/index\/wp-json\/wp\/v2\/product\/67632\/revisions"}],"predecessor-version":[{"id":67647,"href":"https:\/\/brandss.com.py\/index\/wp-json\/wp\/v2\/product\/67632\/revisions\/67647"}],"wp:featuredmedia":[{"embeddable":true,"href":"https:\/\/brandss.com.py\/index\/wp-json\/wp\/v2\/media\/67638"}],"wp:attachment":[{"href":"https:\/\/brandss.com.py\/index\/wp-json\/wp\/v2\/media?parent=67632"}],"wp:term":[{"taxonomy":"product_brand","embeddable":true,"href":"https:\/\/brandss.com.py\/index\/wp-json\/wp\/v2\/product_brand?post=67632"},{"taxonomy":"product_cat","embeddable":true,"href":"https:\/\/brandss.com.py\/index\/wp-json\/wp\/v2\/product_cat?post=67632"},{"taxonomy":"product_tag","embeddable":true,"href":"https:\/\/brandss.com.py\/index\/wp-json\/wp\/v2\/product_tag?post=67632"}],"curies":[{"name":"wp","href":"https:\/\/api.w.org\/{rel}","templated":true}]}}