{"id":67690,"date":"2025-01-25T16:48:07","date_gmt":"2025-01-25T16:48:07","guid":{"rendered":"https:\/\/brandss.com.py\/index\/?post_type=product&#038;p=67690"},"modified":"2025-01-25T18:20:36","modified_gmt":"2025-01-25T18:20:36","slug":"batidora-dsp-a-mano-200w","status":"publish","type":"product","link":"https:\/\/brandss.com.py\/index\/producto\/batidora-dsp-a-mano-200w\/","title":{"rendered":"BATIDORA DSP DE MANO 200W"},"content":{"rendered":"<div class=\"flex-shrink-0 flex flex-col relative items-end\">\n<div>\n<div class=\"pt-0\">\n<div class=\"gizmo-bot-avatar flex h-8 w-8 items-center justify-center overflow-hidden rounded-full\">\n<h1 class=\"relative p-1 rounded-sm flex items-center justify-center bg-token-main-surface-primary text-token-text-primary h-8 w-8\"><img loading=\"lazy\" decoding=\"async\" class=\"\" src=\"https:\/\/encrypted-tbn0.gstatic.com\/images?q=tbn:ANd9GcTorcnxcoamfDSrgnvIycaEOfg3tfqBetVpzaYlX3N86kNK4oP8pHtD6AcPlxlz2otISsU&amp;usqp=CAU\" width=\"206\" height=\"105\" \/><\/h1>\n<\/div>\n<\/div>\n<\/div>\n<\/div>\n<div class=\"group\/conversation-turn relative flex w-full min-w-0 flex-col agent-turn\">\n<div class=\"flex-col gap-1 md:gap-3\">\n<div class=\"flex max-w-full flex-col flex-grow\">\n<div class=\"min-h-8 text-message flex w-full flex-col items-end gap-2 whitespace-normal break-words text-start [.text-message+&amp;]:mt-5\" dir=\"auto\" data-message-author-role=\"assistant\" data-message-id=\"76e51b87-afb4-4aae-a910-c159d884dd3b\" data-message-model-slug=\"gpt-4o\">\n<div class=\"flex w-full flex-col gap-1 empty:hidden first:pt-[3px]\">\n<div class=\"markdown prose w-full break-words dark:prose-invert light\">\n<h1>KM2008<\/h1>\n<p>La batidora de mano DSP KM2008 es una herramienta eficiente y vers\u00e1til para tus necesidades culinarias. A continuaci\u00f3n, se detallan sus caracter\u00edsticas principales:<\/p>\n<p><strong>Caracter\u00edsticas:<\/strong><\/p>\n<ul>\n<li><strong>Marca:<\/strong> DSP<\/li>\n<li><strong>Modelo:<\/strong> KM2008<\/li>\n<li><strong>Potencia:<\/strong> 200W<\/li>\n<li><strong>Voltaje:<\/strong> 220-240V~50\/60Hz<\/li>\n<li><strong>Configuraciones de velocidad:<\/strong> 5 niveles de velocidad con bot\u00f3n turbo para un control preciso durante la mezcla.<\/li>\n<li><strong>Bot\u00f3n de expulsi\u00f3n:<\/strong> Facilita la liberaci\u00f3n de las varillas y ganchos para masa, simplificando la limpieza y el cambio de accesorios.<\/li>\n<li><strong>Dise\u00f1o:<\/strong> Revestimiento plateado en la carcasa de pl\u00e1stico para una apariencia elegante.<\/li>\n<\/ul>\n<p><strong>Especificaciones adicionales:<\/strong><\/p>\n<ul>\n<li><strong>Motor:<\/strong> Motor de cobre completo 4530, que proporciona un rendimiento robusto y duradero.<\/li>\n<li><strong>Accesorios incluidos:<\/strong> Varillas batidoras y ganchos para masa, ideales para una variedad de tareas de mezcla y amasado.<\/li>\n<\/ul>\n<p>Esta batidora de mano es ideal para mezclar, batir y amasar, ofreciendo un rendimiento confiable para diversas preparaciones en la cocina.<\/p>\n<\/div>\n<\/div>\n<\/div>\n<\/div>\n<\/div>\n<\/div>\n","protected":false},"excerpt":{"rendered":"<p>KM2008 La batidora de mano DSP KM2008 es una herramienta eficiente y vers\u00e1til para tus necesidades culinarias. A continuaci\u00f3n, se<\/p>\n","protected":false},"featured_media":67691,"comment_status":"open","ping_status":"closed","template":"","meta":{"nf_dc_page":""},"product_brand":[],"product_cat":[83],"product_tag":[],"class_list":{"0":"post-67690","1":"product","2":"type-product","3":"status-publish","4":"has-post-thumbnail","6":"product_cat-hogar","8":"first","9":"instock","10":"shipping-taxable","11":"purchasable","12":"product-type-simple"},"_links":{"self":[{"href":"https:\/\/brandss.com.py\/index\/wp-json\/wp\/v2\/product\/67690","targetHints":{"allow":["GET"]}}],"collection":[{"href":"https:\/\/brandss.com.py\/index\/wp-json\/wp\/v2\/product"}],"about":[{"href":"https:\/\/brandss.com.py\/index\/wp-json\/wp\/v2\/types\/product"}],"replies":[{"embeddable":true,"href":"https:\/\/brandss.com.py\/index\/wp-json\/wp\/v2\/comments?post=67690"}],"version-history":[{"count":2,"href":"https:\/\/brandss.com.py\/index\/wp-json\/wp\/v2\/product\/67690\/revisions"}],"predecessor-version":[{"id":67755,"href":"https:\/\/brandss.com.py\/index\/wp-json\/wp\/v2\/product\/67690\/revisions\/67755"}],"wp:featuredmedia":[{"embeddable":true,"href":"https:\/\/brandss.com.py\/index\/wp-json\/wp\/v2\/media\/67691"}],"wp:attachment":[{"href":"https:\/\/brandss.com.py\/index\/wp-json\/wp\/v2\/media?parent=67690"}],"wp:term":[{"taxonomy":"product_brand","embeddable":true,"href":"https:\/\/brandss.com.py\/index\/wp-json\/wp\/v2\/product_brand?post=67690"},{"taxonomy":"product_cat","embeddable":true,"href":"https:\/\/brandss.com.py\/index\/wp-json\/wp\/v2\/product_cat?post=67690"},{"taxonomy":"product_tag","embeddable":true,"href":"https:\/\/brandss.com.py\/index\/wp-json\/wp\/v2\/product_tag?post=67690"}],"curies":[{"name":"wp","href":"https:\/\/api.w.org\/{rel}","templated":true}]}}