{"id":67698,"date":"2025-01-25T17:42:26","date_gmt":"2025-01-25T17:42:26","guid":{"rendered":"https:\/\/brandss.com.py\/index\/?post_type=product&#038;p=67698"},"modified":"2025-01-25T17:43:21","modified_gmt":"2025-01-25T17:43:21","slug":"set-de-ollas-y-sartenes-de-8-piezas-dsp-enjoy-exquisite-life","status":"publish","type":"product","link":"https:\/\/brandss.com.py\/index\/producto\/set-de-ollas-y-sartenes-de-8-piezas-dsp-enjoy-exquisite-life\/","title":{"rendered":"SET DE OLLAS Y SARTENES DE 8 PIEZAS DSP ENJOY EXQUISITE LIFE"},"content":{"rendered":"<p><img decoding=\"async\" src=\"https:\/\/encrypted-tbn0.gstatic.com\/images?q=tbn:ANd9GcTorcnxcoamfDSrgnvIycaEOfg3tfqBetVpzaYlX3N86kNK4oP8pHtD6AcPlxlz2otISsU&amp;usqp=CAU\" \/><\/p>\n<p>CS003-S02-627<\/p>\n<p><span>El set de ollas y sartenes DSP CS003-S02-627 est\u00e1 dise\u00f1ado para aquellos que buscan la combinaci\u00f3n perfecta de elegancia, durabilidad y rendimiento en su cocina. Hecho de acero inoxidable 304 de alta calidad y pulido a espejo, este conjunto no solo garantiza una excelente resistencia y longevidad, sino que tambi\u00e9n cuenta con un acabado reflectante tanto en el interior como en el exterior, lo que le otorga una apariencia moderna y sofisticada. , mientras facilita su limpieza.<\/span><\/p>\n<p><span>La caracter\u00edstica m\u00e1s destacada de este conjunto es su facilidad de mantenimiento, ya que es completamente apto para lavavajillas, lo que hace que la limpieza sea un proceso r\u00e1pido y sencillo. Las marcas de medici\u00f3n en el interior de las ollas permiten un control preciso de las cantidades, brind\u00e1ndote comodidad y precisi\u00f3n en cada receta. Adem\u00e1s, las tapas de vidrio templado con ventilaci\u00f3n de vapor te permiten visualizar el progreso de la cocci\u00f3n sin necesidad de destaparlas, manteniendo la temperatura y el sabor intactos.<\/span><\/p>\n<p><span>La base apilable y plana de las ollas facilita un almacenamiento compacto y asegura un contacto uniforme con la estufa, optimizando la distribuci\u00f3n del calor para una cocci\u00f3n m\u00e1s eficiente. Este set incluye tres ollas de diferentes tama\u00f1os, adapt\u00e1ndose a las diversas necesidades culinarias, desde platos peque\u00f1os hasta recetas m\u00e1s grandes.<\/span><\/p>\n<p><strong><span>Caracter\u00edsticas:<\/span><\/strong><\/p>\n<ul>\n<li><strong><span>Marca:<\/span><\/strong><span> DSP<\/span><\/li>\n<li><strong><span>Modelo:<\/span><\/strong><span> CS003-S02<\/span><\/li>\n<li><strong><span>Material:<\/span><\/strong><span> Acero inoxidable 304 pulido a espejo<\/span><\/li>\n<li><strong><span>Acabado:<\/span><\/strong><span> Reflectante por dentro y por fuera, para una mejor apariencia y f\u00e1cil limpieza.<\/span><\/li>\n<li><strong><span>Apto para lavavajillas<\/span><\/strong><span> : Facilita la limpieza<\/span><\/li>\n<li><strong><span>Marcas de medici\u00f3n<\/span><\/strong><span> : Para mayor comodidad al cocinar<\/span><\/li>\n<li><strong><span>Tapas:<\/span><\/strong><span> Vidrio templado con ventilaci\u00f3n de vapor para monitorear la cocci\u00f3n<\/span><\/li>\n<li><strong><span>Base:<\/span><\/strong><span> Apilable y plana para almacenamiento y distribuci\u00f3n uniforme del calor.<\/span><\/li>\n<\/ul>\n<p><strong><span>Contenido del conjunto:<\/span><\/strong><\/p>\n<ul>\n<li><span>1 x Cacerola de 3,6L con tapa (di\u00e1metro de 20 cm x altura de 11,5 cm)<\/span><\/li>\n<li><span>1 x Cacerola de 6,3L con tapa (di\u00e1metro de 24 cm x altura de 14 cm)<\/span><\/li>\n<li><span>1 x Cacerola de 8L con tapa (di\u00e1metro de 26 cm x altura de 15 cm)<\/span><\/li>\n<\/ul>\n<p><span>Este conjunto de ollas y sartenes DSP es la elecci\u00f3n perfecta para quienes desean una cocina pr\u00e1ctica y sofisticada. Su dise\u00f1o resistente, combinado con la elegancia del acero inoxidable y la facilidad de limpieza, lo convierte en una inversi\u00f3n ideal para quienes disfrutan de la cocina diaria o de ocasiones especiales. \u00a1Transforma tu experiencia culinaria con este completo set de calidad superior!<\/span><\/p>\n","protected":false},"excerpt":{"rendered":"<p>CS003-S02-627 El set de ollas y sartenes DSP CS003-S02-627 est\u00e1 dise\u00f1ado para aquellos que buscan la combinaci\u00f3n perfecta de elegancia,<\/p>\n","protected":false},"featured_media":67728,"comment_status":"open","ping_status":"closed","template":"","meta":{"nf_dc_page":""},"product_brand":[],"product_cat":[83],"product_tag":[],"class_list":{"0":"post-67698","1":"product","2":"type-product","3":"status-publish","4":"has-post-thumbnail","6":"product_cat-hogar","8":"first","9":"instock","10":"shipping-taxable","11":"purchasable","12":"product-type-simple"},"_links":{"self":[{"href":"https:\/\/brandss.com.py\/index\/wp-json\/wp\/v2\/product\/67698","targetHints":{"allow":["GET"]}}],"collection":[{"href":"https:\/\/brandss.com.py\/index\/wp-json\/wp\/v2\/product"}],"about":[{"href":"https:\/\/brandss.com.py\/index\/wp-json\/wp\/v2\/types\/product"}],"replies":[{"embeddable":true,"href":"https:\/\/brandss.com.py\/index\/wp-json\/wp\/v2\/comments?post=67698"}],"version-history":[{"count":1,"href":"https:\/\/brandss.com.py\/index\/wp-json\/wp\/v2\/product\/67698\/revisions"}],"predecessor-version":[{"id":67742,"href":"https:\/\/brandss.com.py\/index\/wp-json\/wp\/v2\/product\/67698\/revisions\/67742"}],"wp:featuredmedia":[{"embeddable":true,"href":"https:\/\/brandss.com.py\/index\/wp-json\/wp\/v2\/media\/67728"}],"wp:attachment":[{"href":"https:\/\/brandss.com.py\/index\/wp-json\/wp\/v2\/media?parent=67698"}],"wp:term":[{"taxonomy":"product_brand","embeddable":true,"href":"https:\/\/brandss.com.py\/index\/wp-json\/wp\/v2\/product_brand?post=67698"},{"taxonomy":"product_cat","embeddable":true,"href":"https:\/\/brandss.com.py\/index\/wp-json\/wp\/v2\/product_cat?post=67698"},{"taxonomy":"product_tag","embeddable":true,"href":"https:\/\/brandss.com.py\/index\/wp-json\/wp\/v2\/product_tag?post=67698"}],"curies":[{"name":"wp","href":"https:\/\/api.w.org\/{rel}","templated":true}]}}