{"id":67716,"date":"2025-01-25T17:29:00","date_gmt":"2025-01-25T17:29:00","guid":{"rendered":"https:\/\/brandss.com.py\/index\/?post_type=product&#038;p=67716"},"modified":"2026-04-16T12:26:46","modified_gmt":"2026-04-16T12:26:46","slug":"perfume-femenino-lattafa-haya-edp-100ml","status":"publish","type":"product","link":"https:\/\/brandss.com.py\/index\/producto\/perfume-femenino-lattafa-haya-edp-100ml\/","title":{"rendered":"PERFUME FEMENINO LATTAFA HAYA EDP 100ML"},"content":{"rendered":"<p><img loading=\"lazy\" decoding=\"async\" class=\"\" src=\"https:\/\/seeklogo.com\/images\/L\/lattafa-logo-BF4C5EB5A4-seeklogo.com.png\" alt=\"Lattafa Logo PNG Vector (AI) Free Download\" width=\"70\" height=\"93\" \/><\/p>\n<h1>HAYA<\/h1>\n<p>una fragancia que combina un aire festivo y glamuroso con una calidez sofisticada, ideal para ocasiones especiales o para destacar en momentos importantes. Su composici\u00f3n logra un balance entre lo frutal, floral y amaderado, ofreciendo una experiencia sensorial completa.<img decoding=\"async\" class=\"alignleft\" src=\"https:\/\/acdn.mitiendanube.com\/stores\/002\/909\/262\/products\/1000154229-98b7e365ec70bca62817305552385707-640-0.webp\" \/><\/p>\n<div class=\"custom-text-content\">\n<p>Haya es un perfume vers\u00e1til pero con un enfoque en momentos especiales o en temporadas m\u00e1s frescas, gracias a sus notas c\u00e1lidas y envolventes. Se percibe como una fragancia moderna y femenina que equilibra dulzura y elegancia con un toque de sensualidad.<\/p>\n<p>&nbsp;<\/p>\n<h3>Notas Olfativas<\/h3>\n<p>&nbsp;<\/p>\n<p style=\"font-weight: 400\">Este perfume es una deliciosa mezcla de notas c\u00edtricas, frutales, florales y amaderadas. Las notas de salida se abren con una explosi\u00f3n de c\u00edtricos brillantes y picantes, seguidas de un toque afrutado jugoso y suculento. El coraz\u00f3n de la fragancia presenta un rom\u00e1ntico ramo de rosas y otras notas florales, que agregan un toque suave y femenino al aroma. Las notas de base est\u00e1n ancladas por los tonos c\u00e1lidos y terrosos del s\u00e1ndalo, que le dan a la fragancia una sensaci\u00f3n reconfortante y tranquilizadora. En general, este perfume es un equilibrio armonioso de elementos refrescantes y estimulantes, con un toque de elegancia y sofisticaci\u00f3n. Haya\u00a0de\u00a0Lattafa Perfumes\u00a0es una fragancia de la familia olfativa para Mujeres. Esta fragrancia es nueva.\u00a0Haya\u00a0se lanz\u00f3 en 2022.<\/p>\n<p style=\"font-weight: 400\"><b><strong>\u00a0\u00a0\u00a0\u00a0Notas de salida:<\/strong><\/b>\u00a0champ\u00e1n rosado, bayas rosadas, naranja sanguina y fresia rosa.<\/p>\n<p style=\"font-weight: 400\"><b><strong>\u00a0\u00a0\u00a0\u00a0Notas medias:<\/strong><\/b>\u00a0Gardenia, orqu\u00eddea de vainilla y jazm\u00edn.<\/p>\n<p style=\"font-weight: 400\"><b><strong>\u00a0\u00a0\u00a0\u00a0Nota de fondo:<\/strong><\/b>\u00a0Pralin\u00e9, \u00e1mbar y s\u00e1ndalo.<\/p>\n<\/div>\n","protected":false},"excerpt":{"rendered":"<p>HAYA una fragancia que combina un aire festivo y glamuroso con una calidez sofisticada, ideal para ocasiones especiales o para<\/p>\n","protected":false},"featured_media":67720,"comment_status":"open","ping_status":"closed","template":"","meta":{"nf_dc_page":""},"product_brand":[109],"product_cat":[84],"product_tag":[644],"class_list":{"0":"post-67716","1":"product","2":"type-product","3":"status-publish","4":"has-post-thumbnail","6":"product_brand-lattafa","7":"product_cat-perfumeria","8":"product_tag-644","10":"first","11":"instock","12":"shipping-taxable","13":"purchasable","14":"product-type-simple"},"_links":{"self":[{"href":"https:\/\/brandss.com.py\/index\/wp-json\/wp\/v2\/product\/67716","targetHints":{"allow":["GET"]}}],"collection":[{"href":"https:\/\/brandss.com.py\/index\/wp-json\/wp\/v2\/product"}],"about":[{"href":"https:\/\/brandss.com.py\/index\/wp-json\/wp\/v2\/types\/product"}],"replies":[{"embeddable":true,"href":"https:\/\/brandss.com.py\/index\/wp-json\/wp\/v2\/comments?post=67716"}],"version-history":[{"count":1,"href":"https:\/\/brandss.com.py\/index\/wp-json\/wp\/v2\/product\/67716\/revisions"}],"predecessor-version":[{"id":67727,"href":"https:\/\/brandss.com.py\/index\/wp-json\/wp\/v2\/product\/67716\/revisions\/67727"}],"wp:featuredmedia":[{"embeddable":true,"href":"https:\/\/brandss.com.py\/index\/wp-json\/wp\/v2\/media\/67720"}],"wp:attachment":[{"href":"https:\/\/brandss.com.py\/index\/wp-json\/wp\/v2\/media?parent=67716"}],"wp:term":[{"taxonomy":"product_brand","embeddable":true,"href":"https:\/\/brandss.com.py\/index\/wp-json\/wp\/v2\/product_brand?post=67716"},{"taxonomy":"product_cat","embeddable":true,"href":"https:\/\/brandss.com.py\/index\/wp-json\/wp\/v2\/product_cat?post=67716"},{"taxonomy":"product_tag","embeddable":true,"href":"https:\/\/brandss.com.py\/index\/wp-json\/wp\/v2\/product_tag?post=67716"}],"curies":[{"name":"wp","href":"https:\/\/api.w.org\/{rel}","templated":true}]}}