{"id":67779,"date":"2025-01-25T18:42:52","date_gmt":"2025-01-25T18:42:52","guid":{"rendered":"https:\/\/brandss.com.py\/index\/?post_type=product&#038;p=67779"},"modified":"2025-01-27T12:19:16","modified_gmt":"2025-01-27T12:19:16","slug":"batidora-dsp-de-pie-300w","status":"publish","type":"product","link":"https:\/\/brandss.com.py\/index\/producto\/batidora-dsp-de-pie-300w\/","title":{"rendered":"BATIDORA DSP DE PIE 300W"},"content":{"rendered":"<h1><img loading=\"lazy\" decoding=\"async\" class=\"\" src=\"https:\/\/encrypted-tbn0.gstatic.com\/images?q=tbn:ANd9GcTorcnxcoamfDSrgnvIycaEOfg3tfqBetVpzaYlX3N86kNK4oP8pHtD6AcPlxlz2otISsU&amp;usqp=CAU\" width=\"219\" height=\"112\" \/><\/h1>\n<h1>KM3015A<\/h1>\n<p>La batidora de pie DSP KM3015 es una herramienta vers\u00e1til y potente, dise\u00f1ada para facilitar diversas tareas culinarias. A continuaci\u00f3n, se detallan sus caracter\u00edsticas principales:<\/p>\n<p><strong>Caracter\u00edsticas:<\/strong><\/p>\n<ul>\n<li><strong>Marca:<\/strong> DSP<\/li>\n<li><strong>Modelo:<\/strong> KM3015<\/li>\n<li><strong>Potencia:<\/strong> 300W<\/li>\n<li><strong>Voltaje:<\/strong> 220-240V~50\/60Hz<\/li>\n<li><strong>Material de la carcasa:<\/strong> Pl\u00e1stico<\/li>\n<li><strong>Material del taz\u00f3n:<\/strong> Acero inoxidable<\/li>\n<li><strong>Capacidad del taz\u00f3n:<\/strong> 4L<\/li>\n<li><strong>Velocidades:<\/strong> 5 niveles de velocidad con funci\u00f3n turbo<\/li>\n<li><strong>Accesorios incluidos:<\/strong>\n<ul>\n<li>Batidores de acero inoxidable<\/li>\n<li>Ganchos para masa<\/li>\n<\/ul>\n<\/li>\n<li><strong>Funciones adicionales:<\/strong>\n<ul>\n<li>Bot\u00f3n de expulsi\u00f3n para facilitar el cambio de accesorios<\/li>\n<li>Base antideslizante para mayor estabilidad durante el uso<\/li>\n<\/ul>\n<\/li>\n<\/ul>\n<p>Esta batidora es ideal para mezclar, batir y amasar, ofreciendo un rendimiento confiable para diversas preparaciones en la cocina. Su dise\u00f1o ergon\u00f3mico y ligero facilita su uso y almacenamiento, convirti\u00e9ndola en una excelente adici\u00f3n para cualquier entusiasta de la cocina.<\/p>\n","protected":false},"excerpt":{"rendered":"<p>KM3015A La batidora de pie DSP KM3015 es una herramienta vers\u00e1til y potente, dise\u00f1ada para facilitar diversas tareas culinarias. A<\/p>\n","protected":false},"featured_media":67821,"comment_status":"open","ping_status":"closed","template":"","meta":{"nf_dc_page":""},"product_brand":[],"product_cat":[83],"product_tag":[],"class_list":{"0":"post-67779","1":"product","2":"type-product","3":"status-publish","4":"has-post-thumbnail","6":"product_cat-hogar","8":"first","9":"instock","10":"shipping-taxable","11":"purchasable","12":"product-type-simple"},"_links":{"self":[{"href":"https:\/\/brandss.com.py\/index\/wp-json\/wp\/v2\/product\/67779","targetHints":{"allow":["GET"]}}],"collection":[{"href":"https:\/\/brandss.com.py\/index\/wp-json\/wp\/v2\/product"}],"about":[{"href":"https:\/\/brandss.com.py\/index\/wp-json\/wp\/v2\/types\/product"}],"replies":[{"embeddable":true,"href":"https:\/\/brandss.com.py\/index\/wp-json\/wp\/v2\/comments?post=67779"}],"version-history":[{"count":1,"href":"https:\/\/brandss.com.py\/index\/wp-json\/wp\/v2\/product\/67779\/revisions"}],"predecessor-version":[{"id":67784,"href":"https:\/\/brandss.com.py\/index\/wp-json\/wp\/v2\/product\/67779\/revisions\/67784"}],"wp:featuredmedia":[{"embeddable":true,"href":"https:\/\/brandss.com.py\/index\/wp-json\/wp\/v2\/media\/67821"}],"wp:attachment":[{"href":"https:\/\/brandss.com.py\/index\/wp-json\/wp\/v2\/media?parent=67779"}],"wp:term":[{"taxonomy":"product_brand","embeddable":true,"href":"https:\/\/brandss.com.py\/index\/wp-json\/wp\/v2\/product_brand?post=67779"},{"taxonomy":"product_cat","embeddable":true,"href":"https:\/\/brandss.com.py\/index\/wp-json\/wp\/v2\/product_cat?post=67779"},{"taxonomy":"product_tag","embeddable":true,"href":"https:\/\/brandss.com.py\/index\/wp-json\/wp\/v2\/product_tag?post=67779"}],"curies":[{"name":"wp","href":"https:\/\/api.w.org\/{rel}","templated":true}]}}