{"id":67802,"date":"2025-01-25T19:08:41","date_gmt":"2025-01-25T19:08:41","guid":{"rendered":"https:\/\/brandss.com.py\/index\/?post_type=product&#038;p=67802"},"modified":"2026-04-22T18:03:29","modified_gmt":"2026-04-22T18:03:29","slug":"perfume-masculino-maison-alhambra-salvo-edp-100ml","status":"publish","type":"product","link":"https:\/\/brandss.com.py\/index\/producto\/perfume-masculino-maison-alhambra-salvo-edp-100ml\/","title":{"rendered":"PERFUME MASCULINO MAISON ALHAMBRA SALVO EDP 100ML"},"content":{"rendered":"<p><img loading=\"lazy\" decoding=\"async\" class=\"\" src=\"https:\/\/www.shoppingchina.com.py\/rails\/active_storage\/blobs\/redirect\/eyJfcmFpbHMiOnsibWVzc2FnZSI6IkJBaHBBMU1oQ3c9PSIsImV4cCI6bnVsbCwicHVyIjoiYmxvYl9pZCJ9fQ==--a886d399d7bfe25d99d787d70ce9cca315e11129\/MAISON%20ALHAMBRA.webp\" alt=\"Maison alhambra no Paraguai | Shopping China\" width=\"81\" height=\"81\" \/><\/p>\n<h1>SALVO<\/h1>\n<p>Esta fragancia es como un paseo por un bullicioso mercado de especias, con su energ\u00eda vibrante y aromas embriagadores. Es perfecto para quienes aprecian una fragancia sofisticada e intrigante, adecuada para cualquier ocasi\u00f3n en la que desee causar una impresi\u00f3n duradera de confianza y atractivo. \u00daselo y deje que su aura cautivadora acerque a los dem\u00e1s, dejando un rastro de encanto innegable dondequiera que vaya.<\/p>\n<p><img loading=\"lazy\" decoding=\"async\" class=\"alignleft\" src=\"https:\/\/perfumescardales.com.ar\/wp-content\/uploads\/2024\/06\/salvo-edp-2.jpg\" width=\"628\" height=\"628\" \/><\/p>\n<h3>Notas Olfativas<\/h3>\n<p>&nbsp;<\/p>\n<p>Salvo For Men Eau De Parfum de Maison Alhambra es un viaje a trav\u00e9s de elementos contrastantes, que se abre con el brillo chispeante de la bergamota que energiza instant\u00e1neamente los sentidos. A medida que se despliega el aroma, el coraz\u00f3n revela una mezcla cautivadora de especias arom\u00e1ticas, que incluyen pimienta de Sichuan, lavanda, an\u00eds estrellado y nuez moscada, que ofrecen una calidez y profundidad tentadoras. La fragancia se asienta en una base cremosa y reconfortante de ambroxan y vainilla, que envuelve al usuario en un capullo de elegancia sensual.<\/p>\n<div><strong>&#8211; Notas de salida: <\/strong>Bergamota de Calabria, Pimienta.<\/div>\n<div><strong>&#8211; Notas de coraz\u00f3n: <\/strong>Pimienta de Sichuan, Lavanda, Pimienta rosa, Vetiver, Pachul\u00ed, Geranio, Elem\u00ed.<\/div>\n<div><strong>&#8211; Notas de fondo: <\/strong>Ambroxan, Cedro, L\u00e1dano.<\/div>\n","protected":false},"excerpt":{"rendered":"<p>SALVO Esta fragancia es como un paseo por un bullicioso mercado de especias, con su energ\u00eda vibrante y aromas embriagadores.<\/p>\n","protected":false},"featured_media":67803,"comment_status":"open","ping_status":"closed","template":"","meta":{"nf_dc_page":""},"product_brand":[107],"product_cat":[84],"product_tag":[907],"class_list":{"0":"post-67802","1":"product","2":"type-product","3":"status-publish","4":"has-post-thumbnail","6":"product_brand-maison-alhambra","7":"product_cat-perfumeria","8":"product_tag-907","10":"first","11":"instock","12":"shipping-taxable","13":"purchasable","14":"product-type-simple"},"_links":{"self":[{"href":"https:\/\/brandss.com.py\/index\/wp-json\/wp\/v2\/product\/67802","targetHints":{"allow":["GET"]}}],"collection":[{"href":"https:\/\/brandss.com.py\/index\/wp-json\/wp\/v2\/product"}],"about":[{"href":"https:\/\/brandss.com.py\/index\/wp-json\/wp\/v2\/types\/product"}],"replies":[{"embeddable":true,"href":"https:\/\/brandss.com.py\/index\/wp-json\/wp\/v2\/comments?post=67802"}],"version-history":[{"count":2,"href":"https:\/\/brandss.com.py\/index\/wp-json\/wp\/v2\/product\/67802\/revisions"}],"predecessor-version":[{"id":67809,"href":"https:\/\/brandss.com.py\/index\/wp-json\/wp\/v2\/product\/67802\/revisions\/67809"}],"wp:featuredmedia":[{"embeddable":true,"href":"https:\/\/brandss.com.py\/index\/wp-json\/wp\/v2\/media\/67803"}],"wp:attachment":[{"href":"https:\/\/brandss.com.py\/index\/wp-json\/wp\/v2\/media?parent=67802"}],"wp:term":[{"taxonomy":"product_brand","embeddable":true,"href":"https:\/\/brandss.com.py\/index\/wp-json\/wp\/v2\/product_brand?post=67802"},{"taxonomy":"product_cat","embeddable":true,"href":"https:\/\/brandss.com.py\/index\/wp-json\/wp\/v2\/product_cat?post=67802"},{"taxonomy":"product_tag","embeddable":true,"href":"https:\/\/brandss.com.py\/index\/wp-json\/wp\/v2\/product_tag?post=67802"}],"curies":[{"name":"wp","href":"https:\/\/api.w.org\/{rel}","templated":true}]}}