{"id":67811,"date":"2025-01-27T11:09:51","date_gmt":"2025-01-27T11:09:51","guid":{"rendered":"https:\/\/brandss.com.py\/index\/?post_type=product&#038;p=67811"},"modified":"2026-03-17T17:43:52","modified_gmt":"2026-03-17T17:43:52","slug":"perfume-masculino-maison-alhambra-salvo-intense-edp-100ml","status":"publish","type":"product","link":"https:\/\/brandss.com.py\/index\/producto\/perfume-masculino-maison-alhambra-salvo-intense-edp-100ml\/","title":{"rendered":"PERFUME MASCULINO MAISON ALHAMBRA SALVO INTENSE EDP 100ML"},"content":{"rendered":"<p><img loading=\"lazy\" decoding=\"async\" class=\"\" src=\"https:\/\/www.shoppingchina.com.py\/rails\/active_storage\/blobs\/redirect\/eyJfcmFpbHMiOnsibWVzc2FnZSI6IkJBaHBBMU1oQ3c9PSIsImV4cCI6bnVsbCwicHVyIjoiYmxvYl9pZCJ9fQ==--a886d399d7bfe25d99d787d70ce9cca315e11129\/MAISON%20ALHAMBRA.webp\" alt=\"Maison alhambra no Paraguai | Shopping China\" width=\"92\" height=\"92\" \/><\/p>\n<h1>SALVO INTENSE<\/h1>\n<p>D\u00e9 rienda suelta a su sofisticaci\u00f3n atrevida con Salvo Intense, una fragancia que irradia encanto y elegancia masculina. Elaborada con una mezcla din\u00e1mica de especias, maderas y ricos aromas, esta fragancia irradia confianza y refinamiento, perfecta para usar durante todo el a\u00f1o.<\/p>\n<h4><span>La fragancia definitiva para el hombre moderno y sofisticado.<img loading=\"lazy\" decoding=\"async\" class=\"alignright\" src=\"https:\/\/fragwavebd.com\/wp-content\/uploads\/2024\/09\/d2CXEg0bwpH5KiwQ-768x988.jpg\" width=\"305\" height=\"392\" \/><\/span><\/h4>\n<p>Salvo Intense<span>\u00a0es ideal para hombres que buscan una fragancia que encarne fuerza y \u200b\u200belegancia. Su perfil c\u00e1lido, especiado y amaderado crea un aroma masculino que se puede usar en cualquier ocasi\u00f3n y deja una impresi\u00f3n memorable. La combinaci\u00f3n perfecta de especias arom\u00e1ticas y maderas garantiza que te destacar\u00e1s con sofisticaci\u00f3n, sin ser abrumador.<\/span><\/p>\n<ul>\n<li><span>Aroma masculino para todo el a\u00f1o.<\/span><\/li>\n<li><span>Fragancia duradera y atrevida.<\/span><\/li>\n<li><span>Notas especiadas, amaderadas y arom\u00e1ticas crean una mezcla irresistible.<\/span><\/li>\n<li><span>Lujo asequible inspirado en fragancias de dise\u00f1o<\/span><\/li>\n<li><span>Perfecto para realzar tu presencia en cualquier ocasi\u00f3n.<\/span><\/li>\n<\/ul>\n<p>Salvo Intense Eau De Parfum\u00a0de\u00a0Maison Alhambra<span>\u00a0es una fragancia cautivadora que ofrece sofisticaci\u00f3n audaz y de alta calidad a un precio asequible. Eleve su gama de aromas y adopte este aroma seductor.<\/span><\/p>\n<p>&nbsp;<\/p>\n<h3>Notas Olfativas<\/h3>\n<p>&nbsp;<\/p>\n<p>Salvo Intense<span>\u00a0abre con una cautivadora explosi\u00f3n de\u00a0<\/span>cardamomo,\u00a0canela,\u00a0pomelo\u00a0y\u00a0nuez moscada<span>, que combina una calidez picante con una frescura c\u00edtrica. Este comienzo din\u00e1mico marca el tono para una experiencia olfativa irresistible.<img loading=\"lazy\" decoding=\"async\" class=\"alignleft\" src=\"https:\/\/opulensi.com\/cdn\/shop\/files\/SalvoIntenseEDPMaisonAlhambraPerfumescentprofile.jpg?v=1727982399&amp;width=713\" width=\"502\" height=\"502\" \/><\/span><\/p>\n<p><span>A medida que emerge el coraz\u00f3n de la fragancia,\u00a0<\/span>la lavanda<span>\u00a0aporta un toque relajante y tranquilo, envolviendo el aroma con una dulzura arom\u00e1tica que equilibra el picante de las notas altas.<\/span><\/p>\n<p><span>En la base, una lujosa mezcla de\u00a0<\/span>\u00e1mbar,\u00a0vetiver de Hait\u00ed,\u00a0regaliz,\u00a0pachul\u00ed\u00a0y\u00a0s\u00e1ndalo<span>\u00a0fundamenta la composici\u00f3n, agregando una profundidad terrosa y sensual que perdura mucho despu\u00e9s de la aplicaci\u00f3n. Estos acordes amaderados y c\u00e1lidos dejan una estela inolvidable de encanto y sofisticaci\u00f3n.<\/span><\/p>\n<ul>\n<li><strong><span>Notas de salida:<\/span><\/strong><span>\u00a0Cardamomo, canela, pomelo, nuez moscada.\n<p><\/span><\/li>\n<li><strong><span>Notas de coraz\u00f3n:<\/span><\/strong><span> Lavanda.\n<p><\/span><\/li>\n<li><strong><span>Notas de fondo:<\/span><\/strong><span>\u00a0\u00e1mbar, vetiver de Hait\u00ed, regaliz, pachul\u00ed, s\u00e1ndalo.<\/span><\/li>\n<\/ul>\n","protected":false},"excerpt":{"rendered":"<p>SALVO INTENSE D\u00e9 rienda suelta a su sofisticaci\u00f3n atrevida con Salvo Intense, una fragancia que irradia encanto y elegancia masculina.<\/p>\n","protected":false},"featured_media":67812,"comment_status":"open","ping_status":"closed","template":"","meta":{"nf_dc_page":""},"product_brand":[107],"product_cat":[84],"product_tag":[1911],"class_list":{"0":"post-67811","1":"product","2":"type-product","3":"status-publish","4":"has-post-thumbnail","6":"product_brand-maison-alhambra","7":"product_cat-perfumeria","8":"product_tag-1911","10":"first","11":"instock","12":"shipping-taxable","13":"purchasable","14":"product-type-simple"},"_links":{"self":[{"href":"https:\/\/brandss.com.py\/index\/wp-json\/wp\/v2\/product\/67811","targetHints":{"allow":["GET"]}}],"collection":[{"href":"https:\/\/brandss.com.py\/index\/wp-json\/wp\/v2\/product"}],"about":[{"href":"https:\/\/brandss.com.py\/index\/wp-json\/wp\/v2\/types\/product"}],"replies":[{"embeddable":true,"href":"https:\/\/brandss.com.py\/index\/wp-json\/wp\/v2\/comments?post=67811"}],"version-history":[{"count":1,"href":"https:\/\/brandss.com.py\/index\/wp-json\/wp\/v2\/product\/67811\/revisions"}],"predecessor-version":[{"id":67819,"href":"https:\/\/brandss.com.py\/index\/wp-json\/wp\/v2\/product\/67811\/revisions\/67819"}],"wp:featuredmedia":[{"embeddable":true,"href":"https:\/\/brandss.com.py\/index\/wp-json\/wp\/v2\/media\/67812"}],"wp:attachment":[{"href":"https:\/\/brandss.com.py\/index\/wp-json\/wp\/v2\/media?parent=67811"}],"wp:term":[{"taxonomy":"product_brand","embeddable":true,"href":"https:\/\/brandss.com.py\/index\/wp-json\/wp\/v2\/product_brand?post=67811"},{"taxonomy":"product_cat","embeddable":true,"href":"https:\/\/brandss.com.py\/index\/wp-json\/wp\/v2\/product_cat?post=67811"},{"taxonomy":"product_tag","embeddable":true,"href":"https:\/\/brandss.com.py\/index\/wp-json\/wp\/v2\/product_tag?post=67811"}],"curies":[{"name":"wp","href":"https:\/\/api.w.org\/{rel}","templated":true}]}}