{"id":67820,"date":"2025-01-27T12:33:46","date_gmt":"2025-01-27T12:33:46","guid":{"rendered":"https:\/\/brandss.com.py\/index\/?post_type=product&#038;p=67820"},"modified":"2026-05-04T11:01:40","modified_gmt":"2026-05-04T11:01:40","slug":"perfume-unisex-armaf-club-de-nuit-untold-edp-105ml","status":"publish","type":"product","link":"https:\/\/brandss.com.py\/index\/producto\/perfume-unisex-armaf-club-de-nuit-untold-edp-105ml\/","title":{"rendered":"PERFUME UNISEX ARMAF CLUB DE NUIT UNTOLD EDP 105ML"},"content":{"rendered":"<p><img loading=\"lazy\" decoding=\"async\" class=\"\" src=\"https:\/\/seeklogo.com\/images\/A\/armaf-logo-80292DB199-seeklogo.com.png\" alt=\"ARMAF Logo PNG Vector (AI) Free Download\" width=\"83\" height=\"83\" \/><\/p>\n<h1>CLUB DE NUIT UNTOLD<\/h1>\n<p><span>Ya seas hombre o mujer, Armaf Club de Nuit Untold EDP es lo que necesitas: solo tienes que explorar. Deja que esta cautivadora fragancia eleve tu confianza diaria y se convierta en tu arma secreta para dejar una impresi\u00f3n duradera. Ten la seguridad de que este Armaf Unisex Club de Nuit Untold EDP Spray envolver\u00e1 tus sentidos con su exquisito aroma, cumpliendo su promesa.<\/span><\/p>\n<p><span>Presentado en un elegante frasco de 3,6 oz, el Armaf Unisex Club de Nuit Untold EDP Spray es la opci\u00f3n perfecta para los amantes de las fragancias que buscan calidad. Y es verdaderamente inclusivo, como lo indica Armaf Club de Nuit Untold para unisex.<img loading=\"lazy\" decoding=\"async\" class=\"alignleft\" src=\"https:\/\/perfumeplanet.com.pa\/cdn\/shop\/files\/61N97YVr28L._AC_UF1000_1000_QL80.jpg?v=1690489778&amp;width=823\" width=\"669\" height=\"669\" \/><\/span><\/p>\n<p><span>D\u00e9jate seducir por el encanto de Armaf Club de Nuit Untold sin gastar una fortuna, porque oler de maravilla no tiene por qu\u00e9 ser caro, \u00bfverdad? El &#8220;precio de Club de Nuit Untold&#8221; hace que este Eau de Parfum sea accesible para todos aquellos que quieran hacer una declaraci\u00f3n con su fragancia. Tanto si eres hombre como mujer, esta es una excelente opci\u00f3n para quienes quieren destacarse.<\/span><\/p>\n<p>&nbsp;<\/p>\n<h3>Notas Olfativas<\/h3>\n<p>&nbsp;<\/p>\n<p>Club de Nuit Untold de Armaf es una fragancia cautivadora que envuelve los sentidos con su exquisita combinaci\u00f3n de notas. El azafr\u00e1n, con su toque especiado, se entrelaza sensualmente con la seductora flor de jazm\u00edn, creando un bouquet floral irresistible. La presencia c\u00e1lida del Amberwood y la profundidad del \u00e1mbar gris a\u00f1aden una dimensi\u00f3n sensual, mientras que la resina de abeto y el cedro aportan una elegancia misteriosa. Esta fragancia es una sinfon\u00eda olfativa que sumerge en un aura de seducci\u00f3n, dejando una estela duradera de pasi\u00f3n y sofisticaci\u00f3n. Club de Nuit Untold es el ep\u00edtome del encanto audaz.<\/p>\n<p>Club de Nuit Untold\u00a0de\u00a0Armaf\u00a0es una fragancia de la familia olfativa para Hombres y Mujeres. Esta fragrancia es nueva.\u00a0Club de Nuit Untold\u00a0se lanz\u00f3 en 2022.<\/p>\n<p>El perfume Club de Nuit Untold de Armaf es una fragancia de la familia olfativa \u00e1mbar amaderada para mujeres y hombres.<\/p>\n<ul>\n<li><strong>Notas de salida:<\/strong> Azafr\u00e1n y jazm\u00edn.<\/li>\n<li><strong>Notas de coraz\u00f3n:<\/strong> \u00c1mbar y \u00e1mbar gris.<\/li>\n<li><strong>Notas de fondo:<\/strong> Resina de abeto y cedro.<\/li>\n<\/ul>\n","protected":false},"excerpt":{"rendered":"<p>CLUB DE NUIT UNTOLD Ya seas hombre o mujer, Armaf Club de Nuit Untold EDP es lo que necesitas: solo<\/p>\n","protected":false},"featured_media":67825,"comment_status":"open","ping_status":"closed","template":"","meta":{"nf_dc_page":""},"product_brand":[106],"product_cat":[84],"product_tag":[178],"class_list":{"0":"post-67820","1":"product","2":"type-product","3":"status-publish","4":"has-post-thumbnail","6":"product_brand-armaf","7":"product_cat-perfumeria","8":"product_tag-178","10":"first","11":"instock","12":"sale","13":"shipping-taxable","14":"purchasable","15":"product-type-simple"},"_links":{"self":[{"href":"https:\/\/brandss.com.py\/index\/wp-json\/wp\/v2\/product\/67820","targetHints":{"allow":["GET"]}}],"collection":[{"href":"https:\/\/brandss.com.py\/index\/wp-json\/wp\/v2\/product"}],"about":[{"href":"https:\/\/brandss.com.py\/index\/wp-json\/wp\/v2\/types\/product"}],"replies":[{"embeddable":true,"href":"https:\/\/brandss.com.py\/index\/wp-json\/wp\/v2\/comments?post=67820"}],"version-history":[{"count":1,"href":"https:\/\/brandss.com.py\/index\/wp-json\/wp\/v2\/product\/67820\/revisions"}],"predecessor-version":[{"id":67832,"href":"https:\/\/brandss.com.py\/index\/wp-json\/wp\/v2\/product\/67820\/revisions\/67832"}],"wp:featuredmedia":[{"embeddable":true,"href":"https:\/\/brandss.com.py\/index\/wp-json\/wp\/v2\/media\/67825"}],"wp:attachment":[{"href":"https:\/\/brandss.com.py\/index\/wp-json\/wp\/v2\/media?parent=67820"}],"wp:term":[{"taxonomy":"product_brand","embeddable":true,"href":"https:\/\/brandss.com.py\/index\/wp-json\/wp\/v2\/product_brand?post=67820"},{"taxonomy":"product_cat","embeddable":true,"href":"https:\/\/brandss.com.py\/index\/wp-json\/wp\/v2\/product_cat?post=67820"},{"taxonomy":"product_tag","embeddable":true,"href":"https:\/\/brandss.com.py\/index\/wp-json\/wp\/v2\/product_tag?post=67820"}],"curies":[{"name":"wp","href":"https:\/\/api.w.org\/{rel}","templated":true}]}}