{"id":67842,"date":"2025-01-27T13:59:53","date_gmt":"2025-01-27T13:59:53","guid":{"rendered":"https:\/\/brandss.com.py\/index\/?post_type=product&#038;p=67842"},"modified":"2025-05-03T10:39:26","modified_gmt":"2025-05-03T10:39:26","slug":"bolso-de-mano-femenino-ralph-lauren-hanna-37","status":"publish","type":"product","link":"https:\/\/brandss.com.py\/index\/producto\/bolso-de-mano-femenino-ralph-lauren-hanna-37\/","title":{"rendered":"BOLSO DE MANO FEMENINO RALPH LAUREN HANNA 37"},"content":{"rendered":"<p><img loading=\"lazy\" decoding=\"async\" class=\"\" src=\"https:\/\/1000marcas.net\/wp-content\/uploads\/2020\/01\/Ralph-Lauren-Logo-1.png\" alt=\"Ralph Lauren Logo - s\u00edmbolo, significado logotipo, historia, PNG\" width=\"132\" height=\"74\" \/><\/p>\n<h1>HANNA 37<\/h1>\n<p>Ya sea que lo uses para ir al trabajo o para hacer recados, el bolso grande Hanna presenta una silueta elegante y espaciosa con una gran cantidad de bolsillos para guardar tus art\u00edculos esenciales. Acentuado con un logotipo &#8220;LRL&#8221; pulido, este estilo est\u00e1 hecho en cuero con trama cruzada para una textura sutil y una sensibilidad sofisticada.<\/p>\n<h3 class=\"bullet-list-title\">Detalles<\/h3>\n<div style=\"width: 640px;\" class=\"wp-video\"><video class=\"wp-video-shortcode\" id=\"video-67842-1\" width=\"640\" height=\"800\" preload=\"metadata\" controls=\"controls\"><source type=\"video\/mp4\" src=\"https:\/\/brandss.com.py\/index\/wp-content\/uploads\/2025\/01\/s7-1469516_rlvideo.mp4?_=1\" \/><a href=\"https:\/\/brandss.com.py\/index\/wp-content\/uploads\/2025\/01\/s7-1469516_rlvideo.mp4\">https:\/\/brandss.com.py\/index\/wp-content\/uploads\/2025\/01\/s7-1469516_rlvideo.mp4<\/a><\/video><\/div>\n<ul>\n<li>Dos asas superiores, cada una con una longitud de 11,4 cm. Correa cruzada ajustable y extra\u00edble con una longitud m\u00e1xima de 42,5 cm.<\/li>\n<li>Logotipo &#8220;LRL&#8221; de metal pulido en la parte delantera.<\/li>\n<li>Bolsillo exterior deslizante. Bolsillo con cremallera y bolsillo deslizante en el interior. Compartimento central con cremallera.<\/li>\n<li>Este tama\u00f1o es adecuado para una tableta o un port\u00e1til peque\u00f1o.<\/li>\n<li>25,4 cm de alto x 36,8 cm de largo x 16,5 cm de profundidad.<\/li>\n<li>Pesa aproximadamente 1 kg.<\/li>\n<li>El forro est\u00e1 hecho de poli\u00e9ster y poli\u00e9ster reciclado.<\/li>\n<li>Exterior: piel. Forro: poli\u00e9ster.<\/li>\n<li>Para limpieza por parte de un especialista en cuero. Importado. Incluye bolsa para el polvo.<\/li>\n<li>Color: Negro<\/li>\n<li class=\"style-number js-extra\">Modelo: <span class=\"screen-reader-digits\" aria-label=\"638242\">638242<\/span><\/li>\n<\/ul>\n","protected":false},"excerpt":{"rendered":"<p>HANNA 37 Ya sea que lo uses para ir al trabajo o para hacer recados, el bolso grande Hanna presenta<\/p>\n","protected":false},"featured_media":67843,"comment_status":"open","ping_status":"closed","template":"","meta":{"nf_dc_page":""},"product_brand":[],"product_cat":[74],"product_tag":[],"class_list":{"0":"post-67842","1":"product","2":"type-product","3":"status-publish","4":"has-post-thumbnail","6":"product_cat-accesorios-fem","8":"first","9":"instock","10":"shipping-taxable","11":"purchasable","12":"product-type-simple"},"_links":{"self":[{"href":"https:\/\/brandss.com.py\/index\/wp-json\/wp\/v2\/product\/67842","targetHints":{"allow":["GET"]}}],"collection":[{"href":"https:\/\/brandss.com.py\/index\/wp-json\/wp\/v2\/product"}],"about":[{"href":"https:\/\/brandss.com.py\/index\/wp-json\/wp\/v2\/types\/product"}],"replies":[{"embeddable":true,"href":"https:\/\/brandss.com.py\/index\/wp-json\/wp\/v2\/comments?post=67842"}],"version-history":[{"count":3,"href":"https:\/\/brandss.com.py\/index\/wp-json\/wp\/v2\/product\/67842\/revisions"}],"predecessor-version":[{"id":67856,"href":"https:\/\/brandss.com.py\/index\/wp-json\/wp\/v2\/product\/67842\/revisions\/67856"}],"wp:featuredmedia":[{"embeddable":true,"href":"https:\/\/brandss.com.py\/index\/wp-json\/wp\/v2\/media\/67843"}],"wp:attachment":[{"href":"https:\/\/brandss.com.py\/index\/wp-json\/wp\/v2\/media?parent=67842"}],"wp:term":[{"taxonomy":"product_brand","embeddable":true,"href":"https:\/\/brandss.com.py\/index\/wp-json\/wp\/v2\/product_brand?post=67842"},{"taxonomy":"product_cat","embeddable":true,"href":"https:\/\/brandss.com.py\/index\/wp-json\/wp\/v2\/product_cat?post=67842"},{"taxonomy":"product_tag","embeddable":true,"href":"https:\/\/brandss.com.py\/index\/wp-json\/wp\/v2\/product_tag?post=67842"}],"curies":[{"name":"wp","href":"https:\/\/api.w.org\/{rel}","templated":true}]}}