{"id":67912,"date":"2025-01-27T16:34:02","date_gmt":"2025-01-27T16:34:02","guid":{"rendered":"https:\/\/brandss.com.py\/index\/?post_type=product&#038;p=67912"},"modified":"2026-04-11T13:21:33","modified_gmt":"2026-04-11T13:21:33","slug":"leggings-deportivo-femenino-adidas-how-we-do-tight-7-8-2","status":"publish","type":"product","link":"https:\/\/brandss.com.py\/index\/producto\/leggings-deportivo-femenino-adidas-how-we-do-tight-7-8-2\/","title":{"rendered":"LEGGINGS DEPORTIVO FEMENINO ADIDAS HOW WE DO TIGHT 7\/8"},"content":{"rendered":"<p><img loading=\"lazy\" decoding=\"async\" class=\"\" src=\"https:\/\/logos-world.net\/wp-content\/uploads\/2020\/04\/Adidas-Logo.png\" alt=\"Adidas Logo, symbol, meaning, history, PNG, brand\" width=\"101\" height=\"57\" \/><\/p>\n<h1>HOW WE DO TIGHT 7\/8<\/h1>\n<h3 class=\"subtitle___9ljbp\">Licras de running que te mantienen fresca y seca<\/h3>\n<p class=\"gl-vspace\">Si eres de las que acumula kil\u00f3metros a diario, necesitas unas licras dise\u00f1adas para superar tu mejor marca personal. Estas licras 7\/8 adidas How We Do fueron creadas con base en las caracter\u00edsticas m\u00e1s deseadas de los corredores. Presentan un dise\u00f1o con cord\u00f3n de ajuste en la cintura que las mantiene en su lugar y una confecci\u00f3n en tejido transpirable con paneles de malla que te mantiene seca cuando corres r\u00e1pido bajo el sol.<\/p>\n<h3 class=\"highlight-text__headline___25B2G\">Hecho para el movimiento<\/h3>\n<p>El dise\u00f1o con rodillas preformadas brinda una m\u00e1xima libertad de movimiento.<\/p>\n<h3 class=\"highlight-text__headline___25B2G\">Mantente conectada<\/h3>\n<p>El bolsillo antisudor te permite guardar tu tel\u00e9fono con seguridad.<\/p>\n<h3 class=\"highlight-text__headline___25B2G\">Olv\u00eddate del sudor<\/h3>\n<p>El tejido AEROREADY absorbe el sudor para mantener tu piel fresca y seca en todo momento.<\/p>\n<div class=\"accordion__header-text___2o9Im\">\n<h2 class=\"accordion-title___2sTgR\">Caracter\u00edsticas<\/h2>\n<\/div>\n<div class=\"accordion__header-icon___2FuRa\"><\/div>\n<div class=\"accordion__content___29x9h\">\n<div class=\"content-padding___2kVWQ\">\n<div class=\"features-section___1pumR\">\n<div class=\"item___1X-1_\"><img decoding=\"async\" class=\"img_with_fallback___2aHBu feature-icon___3S9eQ\" src=\"https:\/\/brand.assets.adidas.com\/image\/upload\/waist_medium_3701a54e14.png\" alt=\"\" data-auto-id=\"image\" \/><\/p>\n<p class=\"feature-icon-text___3Owgv\">Pretina media<\/p>\n<\/div>\n<div class=\"item___1X-1_\"><img decoding=\"async\" class=\"img_with_fallback___2aHBu feature-icon___3S9eQ\" src=\"https:\/\/brand.assets.adidas.com\/image\/upload\/lenght_full_2f07c9661d.png\" alt=\"\" data-auto-id=\"image\" \/><\/p>\n<p class=\"feature-icon-text___3Owgv\">Largo completo<\/p>\n<\/div>\n<div class=\"item___1X-1_\"><img decoding=\"async\" class=\"img_with_fallback___2aHBu feature-icon___3S9eQ\" src=\"https:\/\/brand.assets.adidas.com\/image\/upload\/pockets_7aa0bccce2.png\" alt=\"\" data-auto-id=\"image\" \/><\/p>\n<p class=\"feature-icon-text___3Owgv\">Bolsillo en la pierna izquierda<\/p>\n<p class=\"feature-icon-summary-small___31Rc0\">Bolsillo en la pierna derecha<\/p>\n<\/div>\n<div class=\"item___1X-1_\"><img decoding=\"async\" class=\"img_with_fallback___2aHBu feature-icon___3S9eQ\" src=\"https:\/\/brand.assets.adidas.com\/image\/upload\/activity_running_167ce1b92c.png\" alt=\"\" data-auto-id=\"image\" \/><\/p>\n<p class=\"feature-icon-text___3Owgv\">Running<\/p>\n<\/div>\n<div class=\"item___1X-1_\"><img decoding=\"async\" class=\"img_with_fallback___2aHBu feature-icon___3S9eQ\" src=\"https:\/\/brand.assets.adidas.com\/image\/upload\/tech_aeroready_c05f642f69.png\" alt=\"\" data-auto-id=\"image\" \/><\/p>\n<p class=\"feature-icon-text___3Owgv\">AEROREADY<\/p>\n<p class=\"feature-icon-summary-small___31Rc0\">controla la humedad<\/p>\n<div class=\"accordion__header-text___2o9Im\">\n<h2 class=\"accordion-title___2sTgR\">Cuidados<\/h2>\n<\/div>\n<div class=\"accordion__header-icon___2FuRa\"><\/div>\n<div class=\"accordion__content___29x9h\">\n<div class=\"content-padding___2kVWQ\">\n<div class=\"care___2GwB4\" data-auto-id=\"pdp-content-care\">\n<div class=\"care-instructions___3scEd\">\n<h4 class=\"care-title___2YJe1 gl-no-margin-bottom\">Instrucciones de lavado<\/h4>\n<ul class=\"\">\n<li class=\"gl-vspace-bpall-small\"><img loading=\"lazy\" decoding=\"async\" src=\"https:\/\/www.adidas.pe\/glass\/react\/fa5b361\/assets\/img\/washing-instructions\/B1.svg\" alt=\"\" width=\"24\" height=\"24\" \/>No usar blanqueador<\/li>\n<li class=\"gl-vspace-bpall-small\"><img loading=\"lazy\" decoding=\"async\" src=\"https:\/\/www.adidas.pe\/glass\/react\/fa5b361\/assets\/img\/washing-instructions\/C2.svg\" alt=\"\" width=\"24\" height=\"24\" \/>Secar a potencia baja<\/li>\n<li class=\"gl-vspace-bpall-small\"><img loading=\"lazy\" decoding=\"async\" src=\"https:\/\/www.adidas.pe\/glass\/react\/fa5b361\/assets\/img\/washing-instructions\/E1.svg\" alt=\"\" width=\"24\" height=\"24\" \/>No lavar en seco<\/li>\n<li class=\"gl-vspace-bpall-small\"><img loading=\"lazy\" decoding=\"async\" src=\"https:\/\/www.adidas.pe\/glass\/react\/fa5b361\/assets\/img\/washing-instructions\/D2.svg\" alt=\"\" width=\"24\" height=\"24\" \/>Retoque con plancha fria<\/li>\n<li class=\"gl-vspace-bpall-small\"><img loading=\"lazy\" decoding=\"async\" src=\"https:\/\/www.adidas.pe\/glass\/react\/fa5b361\/assets\/img\/washing-instructions\/A3.svg\" alt=\"\" width=\"24\" height=\"24\" \/>Lavado a maquina agua fria<\/li>\n<\/ul>\n<\/div>\n<div class=\"extra-instructions___2TR8b\">\n<h4 class=\"care-title___2YJe1 gl-no-margin-bottom\">Informaci\u00f3n adicional sobre el cuidado<\/h4>\n<ul class=\"gl-list gl-vspace-bpall-small\">\n<li class=\"gl-vspace-bpall-small\">No usar suavizante<\/li>\n<li class=\"gl-vspace-bpall-small\">Usar \u00fanicamente detergente suave<\/li>\n<li class=\"gl-vspace-bpall-small\">Lavar colores oscuros por separado<\/li>\n<li class=\"gl-vspace-bpall-small\">Lavar y planchar al rev\u00e9s<\/li>\n<\/ul>\n<div class=\"accordion__header-text___2o9Im\">\n<h2 class=\"accordion-title___2sTgR\">Detalles<\/h2>\n<\/div>\n<div class=\"accordion__header-icon___2FuRa\"><\/div>\n<div class=\"accordion__content___29x9h\">\n<div class=\"content-padding___2kVWQ\">\n<div class=\"bullets___3bsSs\" data-auto-id=\"specifications-section\">\n<ul class=\"gl-list\">\n<li class=\"gl-vspace-bpall-small\">Corte ajustado<\/li>\n<li class=\"gl-vspace-bpall-small\">Cintura el\u00e1stica con cord\u00f3n de ajuste<\/li>\n<li class=\"gl-vspace-bpall-small\">Tejido entrelazado 79 % poli\u00e9ster reciclado, 21 % elastano<\/li>\n<li class=\"gl-vspace-bpall-small\">Paneles de malla<\/li>\n<li class=\"gl-vspace-bpall-small\">Licras cortas de running<\/li>\n<li class=\"gl-vspace-bpall-small\">Tecnolog\u00eda de absorci\u00f3n AEROREADY<\/li>\n<li class=\"gl-vspace-bpall-small\">Bolsillos<\/li>\n<li class=\"gl-vspace-bpall-small\">Piernas anat\u00f3micas<\/li>\n<li class=\"gl-vspace-bpall-small\">Detalles reflectantes<\/li>\n<li class=\"gl-vspace-bpall-small\">Color: Black<\/li>\n<li class=\"gl-vspace-bpall-small\">Modelo: FM7643<\/li>\n<\/ul>\n<\/div>\n<\/div>\n<\/div>\n<\/div>\n<\/div>\n<\/div>\n<\/div>\n<\/div>\n<\/div>\n<\/div>\n<\/div>\n","protected":false},"excerpt":{"rendered":"<p>HOW WE DO TIGHT 7\/8 Licras de running que te mantienen fresca y seca Si eres de las que acumula<\/p>\n","protected":false},"featured_media":67918,"comment_status":"open","ping_status":"closed","template":"","meta":{"nf_dc_page":""},"product_brand":[],"product_cat":[73],"product_tag":[],"class_list":{"0":"post-67912","1":"product","2":"type-product","3":"status-publish","4":"has-post-thumbnail","6":"product_cat-femenino","8":"first","9":"outofstock","10":"shipping-taxable","11":"purchasable","12":"product-type-simple"},"_links":{"self":[{"href":"https:\/\/brandss.com.py\/index\/wp-json\/wp\/v2\/product\/67912","targetHints":{"allow":["GET"]}}],"collection":[{"href":"https:\/\/brandss.com.py\/index\/wp-json\/wp\/v2\/product"}],"about":[{"href":"https:\/\/brandss.com.py\/index\/wp-json\/wp\/v2\/types\/product"}],"replies":[{"embeddable":true,"href":"https:\/\/brandss.com.py\/index\/wp-json\/wp\/v2\/comments?post=67912"}],"version-history":[{"count":1,"href":"https:\/\/brandss.com.py\/index\/wp-json\/wp\/v2\/product\/67912\/revisions"}],"predecessor-version":[{"id":67932,"href":"https:\/\/brandss.com.py\/index\/wp-json\/wp\/v2\/product\/67912\/revisions\/67932"}],"wp:featuredmedia":[{"embeddable":true,"href":"https:\/\/brandss.com.py\/index\/wp-json\/wp\/v2\/media\/67918"}],"wp:attachment":[{"href":"https:\/\/brandss.com.py\/index\/wp-json\/wp\/v2\/media?parent=67912"}],"wp:term":[{"taxonomy":"product_brand","embeddable":true,"href":"https:\/\/brandss.com.py\/index\/wp-json\/wp\/v2\/product_brand?post=67912"},{"taxonomy":"product_cat","embeddable":true,"href":"https:\/\/brandss.com.py\/index\/wp-json\/wp\/v2\/product_cat?post=67912"},{"taxonomy":"product_tag","embeddable":true,"href":"https:\/\/brandss.com.py\/index\/wp-json\/wp\/v2\/product_tag?post=67912"}],"curies":[{"name":"wp","href":"https:\/\/api.w.org\/{rel}","templated":true}]}}