{"id":67981,"date":"2025-01-27T17:43:42","date_gmt":"2025-01-27T17:43:42","guid":{"rendered":"https:\/\/brandss.com.py\/index\/?post_type=product&#038;p=67981"},"modified":"2025-09-24T18:33:20","modified_gmt":"2025-09-24T18:33:20","slug":"labial-maybelline-lifter-gloss-moon","status":"publish","type":"product","link":"https:\/\/brandss.com.py\/index\/producto\/labial-maybelline-lifter-gloss-moon\/","title":{"rendered":"LABIAL MAYBELLINE LIFTER GLOSS CON \u00c1CIDO HIALUR\u00d3NICO MOON"},"content":{"rendered":"<p><img loading=\"lazy\" decoding=\"async\" class=\"\" src=\"https:\/\/upload.wikimedia.org\/wikipedia\/commons\/thumb\/a\/a3\/Maybelline-Logo.svg\/2560px-Maybelline-Logo.svg.png\" alt=\"File:Maybelline-Logo.svg - Wikipedia\" width=\"118\" height=\"26\" \/><\/p>\n<h1>LIFTER GLOSS MOON<\/h1>\n<p>Brillo de nivel superior: Transforma tus labios con un solo toque con el aplicador de varilla XL que dispensa uniformemente el Lifter Gloss en un acabado suave y superbrillante. Encuentra tu brillo de labios Maybelline ideal en nuestra gama completa de tonos modernos.\u00a0 Lifter Gloss realza el contorno de los labios con un gran brillo. Suaviza visiblemente la superficie de los labios debido a su rica textura y otorga m\u00e1xima sensorialidad. Su f\u00f3rmula con \u00c1cido Hialur\u00f3nico ofrece una hidrataci\u00f3n duradera, sensaci\u00f3n no pegajosa y un uso confortable.<\/p>\n","protected":false},"excerpt":{"rendered":"<p>LIFTER GLOSS MOON Brillo de nivel superior: Transforma tus labios con un solo toque con el aplicador de varilla XL<\/p>\n","protected":false},"featured_media":67987,"comment_status":"open","ping_status":"closed","template":"","meta":{"nf_dc_page":""},"product_brand":[224],"product_cat":[95],"product_tag":[337],"class_list":{"0":"post-67981","1":"product","2":"type-product","3":"status-publish","4":"has-post-thumbnail","6":"product_brand-maybelline","7":"product_cat-maquillaje","8":"product_tag-337","10":"first","11":"instock","12":"shipping-taxable","13":"purchasable","14":"product-type-simple"},"_links":{"self":[{"href":"https:\/\/brandss.com.py\/index\/wp-json\/wp\/v2\/product\/67981","targetHints":{"allow":["GET"]}}],"collection":[{"href":"https:\/\/brandss.com.py\/index\/wp-json\/wp\/v2\/product"}],"about":[{"href":"https:\/\/brandss.com.py\/index\/wp-json\/wp\/v2\/types\/product"}],"replies":[{"embeddable":true,"href":"https:\/\/brandss.com.py\/index\/wp-json\/wp\/v2\/comments?post=67981"}],"version-history":[{"count":2,"href":"https:\/\/brandss.com.py\/index\/wp-json\/wp\/v2\/product\/67981\/revisions"}],"predecessor-version":[{"id":67999,"href":"https:\/\/brandss.com.py\/index\/wp-json\/wp\/v2\/product\/67981\/revisions\/67999"}],"wp:featuredmedia":[{"embeddable":true,"href":"https:\/\/brandss.com.py\/index\/wp-json\/wp\/v2\/media\/67987"}],"wp:attachment":[{"href":"https:\/\/brandss.com.py\/index\/wp-json\/wp\/v2\/media?parent=67981"}],"wp:term":[{"taxonomy":"product_brand","embeddable":true,"href":"https:\/\/brandss.com.py\/index\/wp-json\/wp\/v2\/product_brand?post=67981"},{"taxonomy":"product_cat","embeddable":true,"href":"https:\/\/brandss.com.py\/index\/wp-json\/wp\/v2\/product_cat?post=67981"},{"taxonomy":"product_tag","embeddable":true,"href":"https:\/\/brandss.com.py\/index\/wp-json\/wp\/v2\/product_tag?post=67981"}],"curies":[{"name":"wp","href":"https:\/\/api.w.org\/{rel}","templated":true}]}}