{"id":68017,"date":"2025-01-27T18:36:21","date_gmt":"2025-01-27T18:36:21","guid":{"rendered":"https:\/\/brandss.com.py\/index\/?post_type=product&#038;p=68017"},"modified":"2025-09-24T18:36:04","modified_gmt":"2025-09-24T18:36:04","slug":"labial-maybelline-lifter-gloss-con-acido-hialuronico-brass","status":"publish","type":"product","link":"https:\/\/brandss.com.py\/index\/producto\/labial-maybelline-lifter-gloss-con-acido-hialuronico-brass\/","title":{"rendered":"LABIAL MAYBELLINE LIFTER GLOSS CON \u00c1CIDO HIALUR\u00d3NICO BRASS"},"content":{"rendered":"<p><img loading=\"lazy\" decoding=\"async\" class=\"\" src=\"https:\/\/upload.wikimedia.org\/wikipedia\/commons\/thumb\/a\/a3\/Maybelline-Logo.svg\/2560px-Maybelline-Logo.svg.png\" alt=\"File:Maybelline-Logo.svg - Wikipedia\" width=\"177\" height=\"39\" \/><\/p>\n<h1>LIFTER GLOSS BRASS<\/h1>\n<p>Labios hidratados. Aspecto m\u00e1s voluminoso. Esta innovadora f\u00f3rmula con \u00e1cido hialur\u00f3nico suaviza visiblemente la superficie de los labios y realza el contorno de los mismos con un brillo intenso para lograr unos labios hidratados y con un aspecto m\u00e1s voluminoso. Adem\u00e1s, su aplicador XL transforma los labios con una sencilla aplicaci\u00f3n de una sola pasada.<\/p>\n<p>El brillo de labios de otro nivel de Maybelline New York. Labios hidratados. Look m\u00e1s voluminoso. Esta f\u00f3rmula innovadora con \u00e1cido hialur\u00f3nico alisa visiblemente la superficie de los labios y realza el contorno de los labios con un brillo intenso para unos labios hidratados y con un aspecto m\u00e1s voluminoso. Adem\u00e1s, su aplicador XL transforma los labios con una aplicaci\u00f3n sencilla de una sola pasada. Este brillo de labios hidratante est\u00e1 disponible en una gama completa de tonos modernos. Apl\u00edcalo para conseguir un brillo hidratante y brillante y un look m\u00e1s voluminoso.<\/p>\n","protected":false},"excerpt":{"rendered":"<p>LIFTER GLOSS BRASS Labios hidratados. Aspecto m\u00e1s voluminoso. Esta innovadora f\u00f3rmula con \u00e1cido hialur\u00f3nico suaviza visiblemente la superficie de los<\/p>\n","protected":false},"featured_media":68020,"comment_status":"open","ping_status":"closed","template":"","meta":{"nf_dc_page":""},"product_brand":[224],"product_cat":[95],"product_tag":[341],"class_list":{"0":"post-68017","1":"product","2":"type-product","3":"status-publish","4":"has-post-thumbnail","6":"product_brand-maybelline","7":"product_cat-maquillaje","8":"product_tag-341","10":"first","11":"instock","12":"shipping-taxable","13":"purchasable","14":"product-type-simple"},"_links":{"self":[{"href":"https:\/\/brandss.com.py\/index\/wp-json\/wp\/v2\/product\/68017","targetHints":{"allow":["GET"]}}],"collection":[{"href":"https:\/\/brandss.com.py\/index\/wp-json\/wp\/v2\/product"}],"about":[{"href":"https:\/\/brandss.com.py\/index\/wp-json\/wp\/v2\/types\/product"}],"replies":[{"embeddable":true,"href":"https:\/\/brandss.com.py\/index\/wp-json\/wp\/v2\/comments?post=68017"}],"version-history":[{"count":1,"href":"https:\/\/brandss.com.py\/index\/wp-json\/wp\/v2\/product\/68017\/revisions"}],"predecessor-version":[{"id":68024,"href":"https:\/\/brandss.com.py\/index\/wp-json\/wp\/v2\/product\/68017\/revisions\/68024"}],"wp:featuredmedia":[{"embeddable":true,"href":"https:\/\/brandss.com.py\/index\/wp-json\/wp\/v2\/media\/68020"}],"wp:attachment":[{"href":"https:\/\/brandss.com.py\/index\/wp-json\/wp\/v2\/media?parent=68017"}],"wp:term":[{"taxonomy":"product_brand","embeddable":true,"href":"https:\/\/brandss.com.py\/index\/wp-json\/wp\/v2\/product_brand?post=68017"},{"taxonomy":"product_cat","embeddable":true,"href":"https:\/\/brandss.com.py\/index\/wp-json\/wp\/v2\/product_cat?post=68017"},{"taxonomy":"product_tag","embeddable":true,"href":"https:\/\/brandss.com.py\/index\/wp-json\/wp\/v2\/product_tag?post=68017"}],"curies":[{"name":"wp","href":"https:\/\/api.w.org\/{rel}","templated":true}]}}