{"id":68064,"date":"2025-01-28T12:35:39","date_gmt":"2025-01-28T12:35:39","guid":{"rendered":"https:\/\/brandss.com.py\/index\/?post_type=product&#038;p=68064"},"modified":"2025-09-24T18:37:55","modified_gmt":"2025-09-24T18:37:55","slug":"gloss-voluminizador-maybelline-lifter-plump-con-chili-y-acido-hialuronico-pink-sting","status":"publish","type":"product","link":"https:\/\/brandss.com.py\/index\/producto\/gloss-voluminizador-maybelline-lifter-plump-con-chili-y-acido-hialuronico-pink-sting\/","title":{"rendered":"GLOSS VOLUMINIZADOR MAYBELLINE LIFTER PLUMP CON CHILI Y \u00c1CIDO HIALUR\u00d3NICO PINK STING"},"content":{"rendered":"<p><img loading=\"lazy\" decoding=\"async\" class=\"\" src=\"https:\/\/upload.wikimedia.org\/wikipedia\/commons\/thumb\/a\/a3\/Maybelline-Logo.svg\/2560px-Maybelline-Logo.svg.png\" alt=\"File:Maybelline-Logo.svg - Wikipedia\" width=\"186\" height=\"41\" \/><\/p>\n<h1>LIFTER PLUMP PINK STING<\/h1>\n<p>Descubre el nuevo\u00a0LifterPlump\u00a0brillo\u00a0voluminizador\u00a0de labios con chili y Maxi-Lip\u2122, proporciona un efecto\u00a0voluminizador\u00a0instant\u00e1neo y duradero. Formulado con \u00e1cido hialur\u00f3nico y chili\u00a0pepper.<br \/>\nWARNING! LABIOS QUE PICAN. VOLUMEN QUE DURA. Labios\u00a0 rellenos y brillo que no te abandona. Consigue unos labios 30% m\u00e1s rellenos* *Basado en una\u00a0gradacion\u00a0de un experto, con 55 sujetos.<img decoding=\"async\" class=\"alignleft\" src=\"https:\/\/www.maybelline.es\/-\/media\/project\/loreal\/brand-sites\/mny\/emea\/iberic\/products\/lip-makeup\/lip-gloss\/lifter-plump-gloss-chili\/mny_lifter-plump-atf-benefits-checklist-es\/mny_lifter-plump-atf-benefits-checklist-es.jpg?rev=0e01a3d182354c0d83edb822ba29497e&amp;cx=0.5&amp;cy=0.48&amp;cw=380&amp;ch=565&amp;hash=716D0DF0F1C5B3A085EEC01A9E3C62FC\" \/><\/p>\n<p>Experimente la ardiente sensaci\u00f3n de unos labios m\u00e1s voluminosos con\u00a0<strong>Lifter<\/strong>\u00a0Plump, con una infusi\u00f3n de chile y Maxi-Lip.<\/p>\n<blockquote><p>Suba la temperatura de sus labios con Lifter Plump, donde el picante se une al volumen para conseguir unos labios irresistibles.<\/p><\/blockquote>\n<p><strong>Beneficios clave:<\/strong><\/p>\n<ul>\n<li>Intensa sensaci\u00f3n de calor para un efecto voluminizador instant\u00e1neo;<\/li>\n<li>Efecto volumen duradero con la tecnolog\u00eda Maxi-Lip;<\/li>\n<li>Formulado con \u00e1cido hialur\u00f3nico y guindilla para un toque picante.<\/li>\n<\/ul>\n<p><strong>Ingredientes activos:<\/strong><\/p>\n<ul>\n<li>Guindilla;<\/li>\n<li>Maxi-Lip;<\/li>\n<li>\u00c1cido hialur\u00f3nico.<\/li>\n<\/ul>\n<p><strong>Atr\u00e9vase a sentir el calor y d\u00e9 rienda suelta a sus labios m\u00e1s carnosos con Lifter Plump, la sensaci\u00f3n de volumen definitiva.<\/strong><\/p>\n","protected":false},"excerpt":{"rendered":"<p>LIFTER PLUMP PINK STING Descubre el nuevo\u00a0LifterPlump\u00a0brillo\u00a0voluminizador\u00a0de labios con chili y Maxi-Lip\u2122, proporciona un efecto\u00a0voluminizador\u00a0instant\u00e1neo y duradero. Formulado con \u00e1cido<\/p>\n","protected":false},"featured_media":68065,"comment_status":"open","ping_status":"closed","template":"","meta":{"nf_dc_page":""},"product_brand":[224],"product_cat":[95],"product_tag":[345],"class_list":{"0":"post-68064","1":"product","2":"type-product","3":"status-publish","4":"has-post-thumbnail","6":"product_brand-maybelline","7":"product_cat-maquillaje","8":"product_tag-345","10":"first","11":"instock","12":"shipping-taxable","13":"purchasable","14":"product-type-simple"},"_links":{"self":[{"href":"https:\/\/brandss.com.py\/index\/wp-json\/wp\/v2\/product\/68064","targetHints":{"allow":["GET"]}}],"collection":[{"href":"https:\/\/brandss.com.py\/index\/wp-json\/wp\/v2\/product"}],"about":[{"href":"https:\/\/brandss.com.py\/index\/wp-json\/wp\/v2\/types\/product"}],"replies":[{"embeddable":true,"href":"https:\/\/brandss.com.py\/index\/wp-json\/wp\/v2\/comments?post=68064"}],"version-history":[{"count":1,"href":"https:\/\/brandss.com.py\/index\/wp-json\/wp\/v2\/product\/68064\/revisions"}],"predecessor-version":[{"id":68071,"href":"https:\/\/brandss.com.py\/index\/wp-json\/wp\/v2\/product\/68064\/revisions\/68071"}],"wp:featuredmedia":[{"embeddable":true,"href":"https:\/\/brandss.com.py\/index\/wp-json\/wp\/v2\/media\/68065"}],"wp:attachment":[{"href":"https:\/\/brandss.com.py\/index\/wp-json\/wp\/v2\/media?parent=68064"}],"wp:term":[{"taxonomy":"product_brand","embeddable":true,"href":"https:\/\/brandss.com.py\/index\/wp-json\/wp\/v2\/product_brand?post=68064"},{"taxonomy":"product_cat","embeddable":true,"href":"https:\/\/brandss.com.py\/index\/wp-json\/wp\/v2\/product_cat?post=68064"},{"taxonomy":"product_tag","embeddable":true,"href":"https:\/\/brandss.com.py\/index\/wp-json\/wp\/v2\/product_tag?post=68064"}],"curies":[{"name":"wp","href":"https:\/\/api.w.org\/{rel}","templated":true}]}}