{"id":68089,"date":"2025-01-28T13:30:21","date_gmt":"2025-01-28T13:30:21","guid":{"rendered":"https:\/\/brandss.com.py\/index\/?post_type=product&#038;p=68089"},"modified":"2026-04-14T17:08:19","modified_gmt":"2026-04-14T17:08:19","slug":"labial-liquido-maybelline-superstay-vinyl-ink-rogue","status":"publish","type":"product","link":"https:\/\/brandss.com.py\/index\/producto\/labial-liquido-maybelline-superstay-vinyl-ink-rogue\/","title":{"rendered":"LABIAL L\u00cdQUIDO MAYBELLINE SUPERSTAY VINYL INK ROGUE"},"content":{"rendered":"<p><img loading=\"lazy\" decoding=\"async\" class=\"\" src=\"https:\/\/1000marcas.net\/wp-content\/uploads\/2020\/02\/logo-Maybelline.png\" alt=\"Maybelline Logo - s\u00edmbolo, significado logotipo, historia, PNG\" width=\"208\" height=\"117\" \/><\/p>\n<h1>SUPERSTAY VINYL INK<\/h1>\n<p>Obt\u00e9n un color de impacto con un acabado vinilo brillante en tus labios que no se corre ni se transfiere, hasta 16 horas de duraci\u00f3n de color intenso con una textura confortable. Adem\u00e1s de tener una f\u00f3rmula vegana enriquecida con Vitamina E y aloe.<\/p>\n<div id=\"ac-tabitem-1738067933369_1\" class=\"accordion__trigger is-active\" data-qa=\"ac-show\">\n<h2 class=\"accordion-action--inner-text\">Beneficios<img decoding=\"async\" class=\"alignleft\" src=\"https:\/\/www.maybelline.cl\/-\/media\/project\/loreal\/brand-sites\/mny\/americas\/latam\/products\/lip-makeup\/lip-color\/super-stay-vinil-ink-pinks\/1-superstay-vinyl-ink-pink.jpg?rev=9ca84f2899784454bc4457b714018911&amp;cx=0.25&amp;cy=0.31&amp;cw=530&amp;ch=530&amp;hash=3C3DB6261B4C67F3204FA7441EB96853\" \/><\/h2>\n<\/div>\n<div id=\"ac-panel-1738067933369_1\" class=\"accordion__content\" role=\"region\" aria-labelledby=\"ac-trigger-1738067933369_1\" aria-hidden=\"false\" data-qa=\"ac-panel\">\n<p>\u2022El labial l\u00edquido SuperStay Vinyl Ink le da a tus labios un color vinilo de larga duraci\u00f3n. Consigue un brillo instant\u00e1neo que dura hasta 16 horas. \u00a1Atr\u00e9vete a lucir unos labios de impacto con sus 5 nuevos tonos rosas!<\/p>\n<p>\u2022Para aplicar este lipstick de larga duraci\u00f3n simplemente agita, desliza y listo. Para lograr el acabado vinilo perfecto, primero agita tu Vinyl Ink antes de aplicarlo. Despu\u00e9s apl\u00edcalo en tus labios utilizando su aplicador de punta. Por \u00faltimo, d\u00e9jalo secar y \u00a1LISTO!<\/p>\n<p>\u2022Para un acabado brillante instant\u00e1neo en tus labios. SuperStay Vinyl Ink se convertir\u00e1 en tu aliado favorito para lograr hasta 16 horas de un color de impacto.<\/p>\n<p>\u2022F\u00f3rmula vegana enriquecida con Vitamina E y aloe para una sensaci\u00f3n c\u00f3moda en tus labios.<\/p>\n<\/div>\n","protected":false},"excerpt":{"rendered":"<p>SUPERSTAY VINYL INK Obt\u00e9n un color de impacto con un acabado vinilo brillante en tus labios que no se corre<\/p>\n","protected":false},"featured_media":68090,"comment_status":"open","ping_status":"closed","template":"","meta":{"nf_dc_page":""},"product_brand":[224],"product_cat":[95],"product_tag":[348],"class_list":{"0":"post-68089","1":"product","2":"type-product","3":"status-publish","4":"has-post-thumbnail","6":"product_brand-maybelline","7":"product_cat-maquillaje","8":"product_tag-348","10":"first","11":"instock","12":"shipping-taxable","13":"purchasable","14":"product-type-simple"},"_links":{"self":[{"href":"https:\/\/brandss.com.py\/index\/wp-json\/wp\/v2\/product\/68089","targetHints":{"allow":["GET"]}}],"collection":[{"href":"https:\/\/brandss.com.py\/index\/wp-json\/wp\/v2\/product"}],"about":[{"href":"https:\/\/brandss.com.py\/index\/wp-json\/wp\/v2\/types\/product"}],"replies":[{"embeddable":true,"href":"https:\/\/brandss.com.py\/index\/wp-json\/wp\/v2\/comments?post=68089"}],"version-history":[{"count":3,"href":"https:\/\/brandss.com.py\/index\/wp-json\/wp\/v2\/product\/68089\/revisions"}],"predecessor-version":[{"id":102021,"href":"https:\/\/brandss.com.py\/index\/wp-json\/wp\/v2\/product\/68089\/revisions\/102021"}],"wp:featuredmedia":[{"embeddable":true,"href":"https:\/\/brandss.com.py\/index\/wp-json\/wp\/v2\/media\/68090"}],"wp:attachment":[{"href":"https:\/\/brandss.com.py\/index\/wp-json\/wp\/v2\/media?parent=68089"}],"wp:term":[{"taxonomy":"product_brand","embeddable":true,"href":"https:\/\/brandss.com.py\/index\/wp-json\/wp\/v2\/product_brand?post=68089"},{"taxonomy":"product_cat","embeddable":true,"href":"https:\/\/brandss.com.py\/index\/wp-json\/wp\/v2\/product_cat?post=68089"},{"taxonomy":"product_tag","embeddable":true,"href":"https:\/\/brandss.com.py\/index\/wp-json\/wp\/v2\/product_tag?post=68089"}],"curies":[{"name":"wp","href":"https:\/\/api.w.org\/{rel}","templated":true}]}}