{"id":68107,"date":"2025-01-28T14:26:56","date_gmt":"2025-01-28T14:26:56","guid":{"rendered":"https:\/\/brandss.com.py\/index\/?post_type=product&#038;p=68107"},"modified":"2025-09-24T18:46:27","modified_gmt":"2025-09-24T18:46:27","slug":"mascara-de-pestanas-maybelline-the-falsies-lash-lift-waterproof-202-very-black","status":"publish","type":"product","link":"https:\/\/brandss.com.py\/index\/producto\/mascara-de-pestanas-maybelline-the-falsies-lash-lift-waterproof-202-very-black\/","title":{"rendered":"M\u00c1SCARA DE PESTA\u00d1AS MAYBELLINE THE FALSIES LASH LIFT WATERPROOF 202 VERY BLACK"},"content":{"rendered":"<p><img loading=\"lazy\" decoding=\"async\" class=\"\" src=\"https:\/\/upload.wikimedia.org\/wikipedia\/commons\/thumb\/a\/a3\/Maybelline-Logo.svg\/2560px-Maybelline-Logo.svg.png\" alt=\"File:Maybelline-Logo.svg - Wikipedia\" width=\"191\" height=\"42\" \/><\/p>\n<h1>THE FALSIES LASH LIFT WATERPROOF<\/h1>\n<p>Falsies Lash Lift es una m\u00e1scara de pesta\u00f1as que proporciona una longitud y un volumen incre\u00edbles: \u00a1un look lifting de pesta\u00f1as en un solo producto! M\u00e1scara de pesta\u00f1as resistente al agua, logra un volumen y una longitud espectaculares para un efecto lifting instant\u00e1neo. Su cepillo doble curvado levanta las pesta\u00f1as desde la ra\u00edz. \u00a1Te enamorar\u00e1s de los resultados! Adecuado para ojos sensibles <img loading=\"lazy\" decoding=\"async\" class=\"alignleft\" src=\"https:\/\/www.amadeus.com.py\/image\/cache\/catalog\/maybelline\/anovo1\/anovo2\/anovo3\/mascaraparaciliosmaybellinethefalsieslashlift202-veryblack-aprovadagua-8.5ml-1024x768.jpg\" width=\"460\" height=\"345\" \/><\/p>\n<div id=\"ac-tabitem-1738074058703_1\" class=\"accordion__trigger is-active\" data-qa=\"ac-show\">\n<h2 class=\"accordion-action--inner-text\">Beneficios<\/h2>\n<\/div>\n<div id=\"ac-panel-1738074058703_1\" class=\"accordion__content\" role=\"region\" aria-labelledby=\"ac-trigger-1738074058703_1\" aria-hidden=\"false\" data-qa=\"ac-panel\">\n<p>\u00a1Logr\u00e1 un efecto lifting de pesta\u00f1as al instante con una m\u00e1scara a prueba de agua! Esta m\u00e1scara proporciona un volumen espectacular y unas pesta\u00f1as largas y levantadas, como si fueran postizas.\u00a0 Su cepillo curvo de doble acci\u00f3n y su f\u00f3rmula con fibras, agarran las pesta\u00f1as desde la ra\u00edz para levantarlas, darles volumen y longitud. Sin grumos, ni manchas, solo volumen y una mirada con pesta\u00f1as m\u00e1s largas que dura todo el d\u00eda.<\/p>\n<\/div>\n","protected":false},"excerpt":{"rendered":"<p>THE FALSIES LASH LIFT WATERPROOF Falsies Lash Lift es una m\u00e1scara de pesta\u00f1as que proporciona una longitud y un volumen<\/p>\n","protected":false},"featured_media":68108,"comment_status":"open","ping_status":"closed","template":"","meta":{"nf_dc_page":""},"product_brand":[224],"product_cat":[95],"product_tag":[355],"class_list":{"0":"post-68107","1":"product","2":"type-product","3":"status-publish","4":"has-post-thumbnail","6":"product_brand-maybelline","7":"product_cat-maquillaje","8":"product_tag-355","10":"first","11":"instock","12":"shipping-taxable","13":"purchasable","14":"product-type-simple"},"_links":{"self":[{"href":"https:\/\/brandss.com.py\/index\/wp-json\/wp\/v2\/product\/68107","targetHints":{"allow":["GET"]}}],"collection":[{"href":"https:\/\/brandss.com.py\/index\/wp-json\/wp\/v2\/product"}],"about":[{"href":"https:\/\/brandss.com.py\/index\/wp-json\/wp\/v2\/types\/product"}],"replies":[{"embeddable":true,"href":"https:\/\/brandss.com.py\/index\/wp-json\/wp\/v2\/comments?post=68107"}],"version-history":[{"count":1,"href":"https:\/\/brandss.com.py\/index\/wp-json\/wp\/v2\/product\/68107\/revisions"}],"predecessor-version":[{"id":68117,"href":"https:\/\/brandss.com.py\/index\/wp-json\/wp\/v2\/product\/68107\/revisions\/68117"}],"wp:featuredmedia":[{"embeddable":true,"href":"https:\/\/brandss.com.py\/index\/wp-json\/wp\/v2\/media\/68108"}],"wp:attachment":[{"href":"https:\/\/brandss.com.py\/index\/wp-json\/wp\/v2\/media?parent=68107"}],"wp:term":[{"taxonomy":"product_brand","embeddable":true,"href":"https:\/\/brandss.com.py\/index\/wp-json\/wp\/v2\/product_brand?post=68107"},{"taxonomy":"product_cat","embeddable":true,"href":"https:\/\/brandss.com.py\/index\/wp-json\/wp\/v2\/product_cat?post=68107"},{"taxonomy":"product_tag","embeddable":true,"href":"https:\/\/brandss.com.py\/index\/wp-json\/wp\/v2\/product_tag?post=68107"}],"curies":[{"name":"wp","href":"https:\/\/api.w.org\/{rel}","templated":true}]}}