{"id":68118,"date":"2025-01-28T16:30:41","date_gmt":"2025-01-28T16:30:41","guid":{"rendered":"https:\/\/brandss.com.py\/index\/?post_type=product&#038;p=68118"},"modified":"2025-09-24T18:46:53","modified_gmt":"2025-09-24T18:46:53","slug":"mascara-de-pestana-maybelline-great-lash-washable-101-black","status":"publish","type":"product","link":"https:\/\/brandss.com.py\/index\/producto\/mascara-de-pestana-maybelline-great-lash-washable-101-black\/","title":{"rendered":"M\u00c1SCARA DE PESTA\u00d1A MAYBELLINE GREAT LASH WASHABLE 101 BLACK"},"content":{"rendered":"<p><img loading=\"lazy\" decoding=\"async\" class=\"\" src=\"https:\/\/upload.wikimedia.org\/wikipedia\/commons\/thumb\/a\/a3\/Maybelline-Logo.svg\/2560px-Maybelline-Logo.svg.png\" alt=\"File:Maybelline-Logo.svg - Wikipedia\" width=\"150\" height=\"33\" \/><\/p>\n<h1>GREAT LASH WASHABLE 101 BLACK<\/h1>\n<p>Cepillo peque\u00f1o, gran control. La m\u00e1scara de pesta\u00f1as Great Lash es tu opci\u00f3n atemporal para lograr un volumen de aspecto natural. El cepillo peque\u00f1o es f\u00e1cil de controlar para lograr un volumen modulable. Nuestra f\u00f3rmula que duplica las pesta\u00f1as alarga y acondiciona las pesta\u00f1as para lograr un look de maquillaje f\u00e1cil y cotidiano. La f\u00f3rmula hipoalerg\u00e9nica est\u00e1 probada por oftalm\u00f3logos y es segura para quienes usan lentes de contacto. Descubre por qu\u00e9 ha habido miles de millones de Great Lashes desde 1971.<\/p>\n<div id=\"ac-tabitem-1738081483049_1\" class=\"accordion__trigger is-active\" data-qa=\"ac-show\">\n<h2 class=\"accordion-action--inner-text\"><span>Beneficios<img decoding=\"async\" class=\"alignleft\" src=\"https:\/\/www.kroger.com\/product\/images\/large\/left\/0004155453272\" \/><\/span><\/h2>\n<\/div>\n<div id=\"ac-panel-1738081483049_1\" class=\"accordion__content\" role=\"region\" aria-labelledby=\"ac-trigger-1738081483049_1\" aria-hidden=\"false\" data-qa=\"ac-panel\">\n<p><span>\u2022 M\u00e1scara de pesta\u00f1as voluminizadora: esta f\u00f3rmula lavable y voluminizadora crea y acondiciona las pesta\u00f1as para lograr un volumen de apariencia natural.<br \/>\n<\/span><br \/>\n<span>\u2022 El cepillo peque\u00f1o es f\u00e1cil de usar y te brinda el control para lograr un volumen modulable.<br \/>\n<\/span><br \/>\n<span>\u2022 Encuentra tu cepillo ideal: Great Lash Mascara tiene cepillos para todos los objetivos de pesta\u00f1as, ya sea que quieras volumen, un rizo levantado o volumen de esquina a esquina.<br \/>\n<\/span><br \/>\n<span>\u2022 Suave con las pesta\u00f1as: Great Lash Volumizing Mascara para lograr un volumen de pesta\u00f1as natural es adecuada para quienes usan lentes de contacto y est\u00e1 probada por oftalm\u00f3logos.<\/span><\/p>\n<\/div>\n","protected":false},"excerpt":{"rendered":"<p>GREAT LASH WASHABLE 101 BLACK Cepillo peque\u00f1o, gran control. La m\u00e1scara de pesta\u00f1as Great Lash es tu opci\u00f3n atemporal para<\/p>\n","protected":false},"featured_media":68119,"comment_status":"open","ping_status":"closed","template":"","meta":{"nf_dc_page":""},"product_brand":[224],"product_cat":[95],"product_tag":[356],"class_list":{"0":"post-68118","1":"product","2":"type-product","3":"status-publish","4":"has-post-thumbnail","6":"product_brand-maybelline","7":"product_cat-maquillaje","8":"product_tag-356","10":"first","11":"instock","12":"shipping-taxable","13":"purchasable","14":"product-type-simple"},"_links":{"self":[{"href":"https:\/\/brandss.com.py\/index\/wp-json\/wp\/v2\/product\/68118","targetHints":{"allow":["GET"]}}],"collection":[{"href":"https:\/\/brandss.com.py\/index\/wp-json\/wp\/v2\/product"}],"about":[{"href":"https:\/\/brandss.com.py\/index\/wp-json\/wp\/v2\/types\/product"}],"replies":[{"embeddable":true,"href":"https:\/\/brandss.com.py\/index\/wp-json\/wp\/v2\/comments?post=68118"}],"version-history":[{"count":1,"href":"https:\/\/brandss.com.py\/index\/wp-json\/wp\/v2\/product\/68118\/revisions"}],"predecessor-version":[{"id":68127,"href":"https:\/\/brandss.com.py\/index\/wp-json\/wp\/v2\/product\/68118\/revisions\/68127"}],"wp:featuredmedia":[{"embeddable":true,"href":"https:\/\/brandss.com.py\/index\/wp-json\/wp\/v2\/media\/68119"}],"wp:attachment":[{"href":"https:\/\/brandss.com.py\/index\/wp-json\/wp\/v2\/media?parent=68118"}],"wp:term":[{"taxonomy":"product_brand","embeddable":true,"href":"https:\/\/brandss.com.py\/index\/wp-json\/wp\/v2\/product_brand?post=68118"},{"taxonomy":"product_cat","embeddable":true,"href":"https:\/\/brandss.com.py\/index\/wp-json\/wp\/v2\/product_cat?post=68118"},{"taxonomy":"product_tag","embeddable":true,"href":"https:\/\/brandss.com.py\/index\/wp-json\/wp\/v2\/product_tag?post=68118"}],"curies":[{"name":"wp","href":"https:\/\/api.w.org\/{rel}","templated":true}]}}