{"id":68128,"date":"2025-01-28T17:03:41","date_gmt":"2025-01-28T17:03:41","guid":{"rendered":"https:\/\/brandss.com.py\/index\/?post_type=product&#038;p=68128"},"modified":"2026-04-28T17:05:41","modified_gmt":"2026-04-28T17:05:41","slug":"mascara-de-pestana-maybelline-volumen-express-the-colossal-classic-waterproof-black","status":"publish","type":"product","link":"https:\/\/brandss.com.py\/index\/producto\/mascara-de-pestana-maybelline-volumen-express-the-colossal-classic-waterproof-black\/","title":{"rendered":"M\u00c1SCARA DE PESTA\u00d1A MAYBELLINE VOLUMEN EXPRESS THE COLOSSAL CLASSIC WATERPROOF BLACK"},"content":{"rendered":"<p><img loading=\"lazy\" decoding=\"async\" class=\"\" src=\"https:\/\/upload.wikimedia.org\/wikipedia\/commons\/thumb\/a\/a3\/Maybelline-Logo.svg\/2560px-Maybelline-Logo.svg.png\" alt=\"File:Maybelline-Logo.svg - Wikipedia\" width=\"136\" height=\"30\" \/><\/p>\n<h1>VOLUMEN EXPRESS THE COLOSSAL CLASSIC WATERPROOF<\/h1>\n<p>La M\u00e1scara de pesta\u00f1as Waterproof Volum&#8217; Express\u00ae The Colossal\u00ae realza al instante las pesta\u00f1as con un volumen inmenso y sin grumos. The Colossal Mascara Waterproof Volum&#8217; Express realza instant\u00e1neamente las pesta\u00f1as con un volumen inmenso y sin grumos.<br \/>\n\u00a1Pesta\u00f1as colosales en tan solo una \u00faltima vez! Esta f\u00f3rmula para aumentar el volumen contiene col\u00e1geno, mientras que Megaceps multiplica instant\u00e1neamente el volumen por 9, todo ello sin rastro de grumos. Probado oftalmol\u00f3gicamente. Adecuado incluso si usas lentes de contacto.<img loading=\"lazy\" decoding=\"async\" class=\"alignleft\" src=\"https:\/\/www.maybelline.com\/-\/media\/project\/loreal\/brand-sites\/mny\/americas\/us\/eye-makeup\/mascara\/volum-express-the-colossal-washable-mascara\/modules\/multi-image-carousel\/colossal_brush_swipe_1440x1440.jpg?rev=3dca4c1e66b4481a893758154f8ad68f&amp;cx=0&amp;cy=0&amp;cw=1440&amp;ch=1440&amp;hash=14A8670A05D75A5664A367B9E200ED0F\" width=\"613\" height=\"613\" \/><\/p>\n<p><strong>M\u00e1scara voluminizadora:<\/strong> libere un potente volumen de pesta\u00f1as de la ra\u00edz a la punta en colores potentes para un impacto de pesta\u00f1as audaz; la f\u00f3rmula rellenadora sin grumos infundida con col\u00e1geno proporciona 9 veces el volumen en una sola capa.<\/p>\n<p><strong>Mega Brush rellenador:<\/strong> el cepillo mega brush cuenta con cerdas onduladas \u00fanicas que sostienen las pesta\u00f1as, mientras que el col\u00e1geno f\u00f3rmula ofrece un volumen espectacular; probado por oftalm\u00f3logos y adecuado para usuarios de lentes de contacto.<\/p>\n<p><strong>Tu look de pesta\u00f1as perfecto:<\/strong> encuentra tu look de pesta\u00f1as perfecto con nuestra m\u00e1scara; si lo que deseas son pesta\u00f1as m\u00e1s largas o la apariencia de pesta\u00f1as m\u00e1s gruesas, hay una marca ic\u00f3nica de m\u00e1scara de pesta\u00f1as.<\/p>\n<p><strong>De Maybelline para ti. Los ojos:<\/strong> las posibilidades son infinitas con nuestras colecciones de imprimadores de sombras de ojos y sombras de ojos, delineador de ojos, maquillaje de cejas y r\u00edmel dise\u00f1adas para transformar tu look en un abrir y cerrar de ojos.<\/p>\n","protected":false},"excerpt":{"rendered":"<p>VOLUMEN EXPRESS THE COLOSSAL CLASSIC WATERPROOF La M\u00e1scara de pesta\u00f1as Waterproof Volum&#8217; Express\u00ae The Colossal\u00ae realza al instante las pesta\u00f1as<\/p>\n","protected":false},"featured_media":68129,"comment_status":"open","ping_status":"closed","template":"","meta":{"nf_dc_page":""},"product_brand":[224],"product_cat":[95],"product_tag":[357],"class_list":{"0":"post-68128","1":"product","2":"type-product","3":"status-publish","4":"has-post-thumbnail","6":"product_brand-maybelline","7":"product_cat-maquillaje","8":"product_tag-357","10":"first","11":"instock","12":"shipping-taxable","13":"purchasable","14":"product-type-simple"},"_links":{"self":[{"href":"https:\/\/brandss.com.py\/index\/wp-json\/wp\/v2\/product\/68128","targetHints":{"allow":["GET"]}}],"collection":[{"href":"https:\/\/brandss.com.py\/index\/wp-json\/wp\/v2\/product"}],"about":[{"href":"https:\/\/brandss.com.py\/index\/wp-json\/wp\/v2\/types\/product"}],"replies":[{"embeddable":true,"href":"https:\/\/brandss.com.py\/index\/wp-json\/wp\/v2\/comments?post=68128"}],"version-history":[{"count":1,"href":"https:\/\/brandss.com.py\/index\/wp-json\/wp\/v2\/product\/68128\/revisions"}],"predecessor-version":[{"id":68138,"href":"https:\/\/brandss.com.py\/index\/wp-json\/wp\/v2\/product\/68128\/revisions\/68138"}],"wp:featuredmedia":[{"embeddable":true,"href":"https:\/\/brandss.com.py\/index\/wp-json\/wp\/v2\/media\/68129"}],"wp:attachment":[{"href":"https:\/\/brandss.com.py\/index\/wp-json\/wp\/v2\/media?parent=68128"}],"wp:term":[{"taxonomy":"product_brand","embeddable":true,"href":"https:\/\/brandss.com.py\/index\/wp-json\/wp\/v2\/product_brand?post=68128"},{"taxonomy":"product_cat","embeddable":true,"href":"https:\/\/brandss.com.py\/index\/wp-json\/wp\/v2\/product_cat?post=68128"},{"taxonomy":"product_tag","embeddable":true,"href":"https:\/\/brandss.com.py\/index\/wp-json\/wp\/v2\/product_tag?post=68128"}],"curies":[{"name":"wp","href":"https:\/\/api.w.org\/{rel}","templated":true}]}}