{"id":68171,"date":"2025-01-28T18:43:34","date_gmt":"2025-01-28T18:43:34","guid":{"rendered":"https:\/\/brandss.com.py\/index\/?post_type=product&#038;p=68171"},"modified":"2026-04-28T16:41:34","modified_gmt":"2026-04-28T16:41:34","slug":"mascara-de-pestana-maybelline-the-falsies-surreal-waterproof-185","status":"publish","type":"product","link":"https:\/\/brandss.com.py\/index\/producto\/mascara-de-pestana-maybelline-the-falsies-surreal-waterproof-185\/","title":{"rendered":"M\u00c1SCARA DE PESTA\u00d1A MAYBELLINE THE FALSIES SURREAL WATERPROOF 185"},"content":{"rendered":"<p><img loading=\"lazy\" decoding=\"async\" class=\"\" src=\"https:\/\/upload.wikimedia.org\/wikipedia\/commons\/thumb\/a\/a3\/Maybelline-Logo.svg\/2560px-Maybelline-Logo.svg.png\" alt=\"File:Maybelline-Logo.svg - Wikipedia\" width=\"195\" height=\"43\" \/><\/p>\n<h1>THE FALSIES SURREAL WATERPROOF 185<\/h1>\n<p>\u00bfHASTA D\u00d3NDE PUEDEN LLEGAR TUS PESTA\u00d1AS NATURALES? Consigue un impacto surreal y resistente al agua con la nueva m\u00e1scara de pesta\u00f1as The Falsies Surreal Extensions Waterproof.<\/p>\n<p><img decoding=\"async\" class=\"alignleft\" src=\"https:\/\/www.maybelline.com.ar\/-\/media\/project\/loreal\/brand-sites\/mny\/americas\/latam\/about-us\/the-falsies-surreal-extensions-mascara\/2_webp.png?rev=093cf05ec5f54e41926d837202a7f278&amp;cx=0.51&amp;cy=0.5&amp;cw=380&amp;ch=565&amp;hash=A5E35F7B7CA98F463419AD55B2F344EE\" \/><\/p>\n<p>Su f\u00f3rmula con fibras h\u00edbridas y su cepillo en h\u00e9lice, con cerdas que extienden cada pesta\u00f1a, te brindar\u00e1n hasta 10 veces m\u00e1s volumen y un 36% m\u00e1s de longitud. \u00a0\u00a1Efecto de extensiones de pesta\u00f1as en casa!<\/p>\n<div id=\"ac-tabitem-1738088855235_1\" class=\"accordion__trigger is-active\" data-qa=\"ac-show\">\n<h2 class=\"accordion-action--inner-text\">Beneficios<\/h2>\n<\/div>\n<p>&nbsp;<\/p>\n<div id=\"ac-panel-1738088855235_1\" class=\"accordion__content\" role=\"region\" aria-labelledby=\"ac-trigger-1738088855235_1\" aria-hidden=\"false\" data-qa=\"ac-panel\">\n<p>&#8211; Tecnolog\u00eda Surreal inspirada en las extensiones de pesta\u00f1as h\u00edbridas, combinando fibras m\u00e1s largas y cortas para lograr longitud y volumen.<\/p>\n<p>&#8211; Aumenta la longitud en un 36% y el volumen hasta 10 veces en tus pesta\u00f1as.<\/p>\n<p>&#8211; A prueba de agua<\/p>\n<p>\u2022\u00a0Efecto de extensiones de pesta\u00f1as h\u00edbridas en tus pesta\u00f1as naturales<\/p>\n<\/div>\n","protected":false},"excerpt":{"rendered":"<p>THE FALSIES SURREAL WATERPROOF 185 \u00bfHASTA D\u00d3NDE PUEDEN LLEGAR TUS PESTA\u00d1AS NATURALES? Consigue un impacto surreal y resistente al agua<\/p>\n","protected":false},"featured_media":68172,"comment_status":"open","ping_status":"closed","template":"","meta":{"nf_dc_page":""},"product_brand":[224],"product_cat":[95],"product_tag":[3465],"class_list":{"0":"post-68171","1":"product","2":"type-product","3":"status-publish","4":"has-post-thumbnail","6":"product_brand-maybelline","7":"product_cat-maquillaje","8":"product_tag-3465","10":"first","11":"instock","12":"shipping-taxable","13":"purchasable","14":"product-type-simple"},"_links":{"self":[{"href":"https:\/\/brandss.com.py\/index\/wp-json\/wp\/v2\/product\/68171","targetHints":{"allow":["GET"]}}],"collection":[{"href":"https:\/\/brandss.com.py\/index\/wp-json\/wp\/v2\/product"}],"about":[{"href":"https:\/\/brandss.com.py\/index\/wp-json\/wp\/v2\/types\/product"}],"replies":[{"embeddable":true,"href":"https:\/\/brandss.com.py\/index\/wp-json\/wp\/v2\/comments?post=68171"}],"version-history":[{"count":1,"href":"https:\/\/brandss.com.py\/index\/wp-json\/wp\/v2\/product\/68171\/revisions"}],"predecessor-version":[{"id":68181,"href":"https:\/\/brandss.com.py\/index\/wp-json\/wp\/v2\/product\/68171\/revisions\/68181"}],"wp:featuredmedia":[{"embeddable":true,"href":"https:\/\/brandss.com.py\/index\/wp-json\/wp\/v2\/media\/68172"}],"wp:attachment":[{"href":"https:\/\/brandss.com.py\/index\/wp-json\/wp\/v2\/media?parent=68171"}],"wp:term":[{"taxonomy":"product_brand","embeddable":true,"href":"https:\/\/brandss.com.py\/index\/wp-json\/wp\/v2\/product_brand?post=68171"},{"taxonomy":"product_cat","embeddable":true,"href":"https:\/\/brandss.com.py\/index\/wp-json\/wp\/v2\/product_cat?post=68171"},{"taxonomy":"product_tag","embeddable":true,"href":"https:\/\/brandss.com.py\/index\/wp-json\/wp\/v2\/product_tag?post=68171"}],"curies":[{"name":"wp","href":"https:\/\/api.w.org\/{rel}","templated":true}]}}