{"id":68182,"date":"2025-01-28T18:52:41","date_gmt":"2025-01-28T18:52:41","guid":{"rendered":"https:\/\/brandss.com.py\/index\/?post_type=product&#038;p=68182"},"modified":"2026-04-28T16:42:28","modified_gmt":"2026-04-28T16:42:28","slug":"mascara-de-pestana-maybelline-the-falsies-surreal-washable-175","status":"publish","type":"product","link":"https:\/\/brandss.com.py\/index\/producto\/mascara-de-pestana-maybelline-the-falsies-surreal-washable-175\/","title":{"rendered":"M\u00c1SCARA DE PESTA\u00d1A MAYBELLINE THE FALSIES SURREAL WASHABLE 175"},"content":{"rendered":"<p><img loading=\"lazy\" decoding=\"async\" class=\"\" src=\"https:\/\/upload.wikimedia.org\/wikipedia\/commons\/thumb\/a\/a3\/Maybelline-Logo.svg\/2560px-Maybelline-Logo.svg.png\" alt=\"File:Maybelline-Logo.svg - Wikipedia\" width=\"191\" height=\"42\" \/><\/p>\n<h1>THE FALSIES SURREAL WASHABLE 175<\/h1>\n<p>\u00bfHASTA D\u00d3NDE PUEDEN LLEGARTUS PESTA\u00d1AS NATURALES? Consigue un impacto surreal con la nueva m\u00e1scara de pesta\u00f1as The Falsies Surreal Extensions. Su f\u00f3rmula con fibras h\u00edbridas y su cepillo en h\u00e9lice, con cerdas que extienden cada pesta\u00f1a, te brindar\u00e1n hasta 10 veces m\u00e1s volumen y un 36% m\u00e1s de longitud. \u00a1Efecto extensiones de pesta\u00f1as en casa!<\/p>\n<div id=\"ac-tabitem-1738089753464_1\" class=\"accordion__trigger is-active\" data-qa=\"ac-show\">\n<h2 class=\"accordion-action--inner-text\">Beneficios<img decoding=\"async\" class=\"alignleft\" src=\"https:\/\/www.maybelline.com.ar\/-\/media\/project\/loreal\/brand-sites\/mny\/americas\/latam\/about-us\/the-falsies-surreal-extensions-mascara\/1-wsh.png?rev=695255311a66406cb7e8d8e60c263799&amp;cx=0.25&amp;cy=0.31&amp;cw=380&amp;ch=565&amp;hash=D8D8315951BD7EA087691822673D75AD\" \/><\/h2>\n<\/div>\n<div id=\"ac-panel-1738089753464_1\" class=\"accordion__content\" role=\"region\" aria-labelledby=\"ac-trigger-1738089753464_1\" aria-hidden=\"false\" data-qa=\"ac-panel\">\n<p>&nbsp;<\/p>\n<p>\u2022\u00a0Tecnolog\u00eda Surreal inspirada en las extensiones de pesta\u00f1as h\u00edbridas, combinando fibras m\u00e1s largas y cortas para lograr longitud y volumen.<\/p>\n<p>\u2022 Aumenta la longitud en un 36% y el volumen hasta 10 veces en tus pesta\u00f1as.<\/p>\n<p>\u2022 Efecto de extensiones de pesta\u00f1as h\u00edbridas en tus pesta\u00f1as naturales.<\/p>\n<\/div>\n","protected":false},"excerpt":{"rendered":"<p>THE FALSIES SURREAL WASHABLE 175 \u00bfHASTA D\u00d3NDE PUEDEN LLEGARTUS PESTA\u00d1AS NATURALES? Consigue un impacto surreal con la nueva m\u00e1scara de<\/p>\n","protected":false},"featured_media":68183,"comment_status":"open","ping_status":"closed","template":"","meta":{"nf_dc_page":""},"product_brand":[224],"product_cat":[95],"product_tag":[3466],"class_list":{"0":"post-68182","1":"product","2":"type-product","3":"status-publish","4":"has-post-thumbnail","6":"product_brand-maybelline","7":"product_cat-maquillaje","8":"product_tag-3466","10":"first","11":"instock","12":"shipping-taxable","13":"purchasable","14":"product-type-simple"},"_links":{"self":[{"href":"https:\/\/brandss.com.py\/index\/wp-json\/wp\/v2\/product\/68182","targetHints":{"allow":["GET"]}}],"collection":[{"href":"https:\/\/brandss.com.py\/index\/wp-json\/wp\/v2\/product"}],"about":[{"href":"https:\/\/brandss.com.py\/index\/wp-json\/wp\/v2\/types\/product"}],"replies":[{"embeddable":true,"href":"https:\/\/brandss.com.py\/index\/wp-json\/wp\/v2\/comments?post=68182"}],"version-history":[{"count":1,"href":"https:\/\/brandss.com.py\/index\/wp-json\/wp\/v2\/product\/68182\/revisions"}],"predecessor-version":[{"id":68191,"href":"https:\/\/brandss.com.py\/index\/wp-json\/wp\/v2\/product\/68182\/revisions\/68191"}],"wp:featuredmedia":[{"embeddable":true,"href":"https:\/\/brandss.com.py\/index\/wp-json\/wp\/v2\/media\/68183"}],"wp:attachment":[{"href":"https:\/\/brandss.com.py\/index\/wp-json\/wp\/v2\/media?parent=68182"}],"wp:term":[{"taxonomy":"product_brand","embeddable":true,"href":"https:\/\/brandss.com.py\/index\/wp-json\/wp\/v2\/product_brand?post=68182"},{"taxonomy":"product_cat","embeddable":true,"href":"https:\/\/brandss.com.py\/index\/wp-json\/wp\/v2\/product_cat?post=68182"},{"taxonomy":"product_tag","embeddable":true,"href":"https:\/\/brandss.com.py\/index\/wp-json\/wp\/v2\/product_tag?post=68182"}],"curies":[{"name":"wp","href":"https:\/\/api.w.org\/{rel}","templated":true}]}}