{"id":68238,"date":"2025-01-29T14:05:28","date_gmt":"2025-01-29T14:05:28","guid":{"rendered":"https:\/\/brandss.com.py\/index\/?post_type=product&#038;p=68238"},"modified":"2026-03-11T12:36:36","modified_gmt":"2026-03-11T12:36:36","slug":"perfume-femenino-versace-dylan-blue-pour-femme-edp-100ml","status":"publish","type":"product","link":"https:\/\/brandss.com.py\/index\/producto\/perfume-femenino-versace-dylan-blue-pour-femme-edp-100ml\/","title":{"rendered":"PERFUME FEMENINO VERSACE DYLAN BLUE POUR FEMME EDP 100ML"},"content":{"rendered":"<p><img loading=\"lazy\" decoding=\"async\" class=\"\" src=\"https:\/\/cdn.freebiesupply.com\/logos\/large\/2x\/versace-medusa-2-logo-png-transparent.png\" alt=\"versace symbol\" width=\"64\" height=\"80\" \/><\/p>\n<h1>DYLAN BLUE POUR FEMME<\/h1>\n<p>En palabras de Donatella Versace: \u00abDylan Blue pour femme es un tributo a la feminidad. Es una fragancia fuerte, sensual y refinada creada para una mujer que conoce el poder de su sensualidad y de su mente\u00bb. El frasco con forma de \u00e1nfora evoca la mitolog\u00eda griega, decorada con emblemas de Medusa.<img decoding=\"async\" class=\"alignleft\" src=\"https:\/\/aromatica.cr\/cdn\/shop\/files\/Versace-Pour-Femme-Dylan-Blue-EDP-100-ml-Aromatica-CR-322676.jpg?v=1727562175&amp;width=713\" \/><\/p>\n<p>Singularidad. Fuerza. Sensualidad y elegancia.Notas juguetonas que componen la f\u00f3rmula de esta fragancia, giran en una danza hipnotizadora, seduciendo y envolviendo con una estela elegante.El frasco de Versace Dylan Blue Pour Femme es la encarnaci\u00f3n de un dise\u00f1o innovador. Sus refinadas l\u00edneas recuerdan a un \u00e1nfora, uno de los elementos principales de la cultura y mitolog\u00eda de la antigua Grecia.<\/p>\n<p>&nbsp;<\/p>\n<h3>Notas Olfativas<\/h3>\n<p>&nbsp;<\/p>\n<p>Dylan Blue Pour Femme Eau de Parfum Versace, lanzada en 2017, est\u00e1 clasificada como una fragancia para mujeres y pertenece a las familias amaderada, afrutada y floral. Kalis Asancheva-Becker y Donatella Versace han trabajado en ella. Dylan Blue Pour Femme Eau de Parfum forma parte de la colecci\u00f3n Versace Pour Femme.<\/p>\n<p><strong>Familia olfativa:<\/strong> floral, afrutada y amaderada<\/p>\n<ul>\n<li><strong>Notas de salida:<\/strong> grosella negra, manzana verde, acorde de tr\u00e9bol, acorde de nomeolvides y shisolia<\/li>\n<li><strong>Notas de coraz\u00f3n:<\/strong> rosa Eglantyne, p\u00e9talia, rosyfolia, jazm\u00edn e infusi\u00f3n helada de melocot\u00f3n<\/li>\n<li><strong>Notas de fondo:<\/strong> estoraque, blanco liso, maderas, almizcle y coraz\u00f3n de pachul\u00ed<\/li>\n<\/ul>\n","protected":false},"excerpt":{"rendered":"<p>DYLAN BLUE POUR FEMME En palabras de Donatella Versace: \u00abDylan Blue pour femme es un tributo a la feminidad. Es<\/p>\n","protected":false},"featured_media":68239,"comment_status":"open","ping_status":"closed","template":"","meta":{"nf_dc_page":""},"product_brand":[121],"product_cat":[84],"product_tag":[1915],"class_list":{"0":"post-68238","1":"product","2":"type-product","3":"status-publish","4":"has-post-thumbnail","6":"product_brand-versace","7":"product_cat-perfumeria","8":"product_tag-1915","10":"first","11":"outofstock","12":"shipping-taxable","13":"purchasable","14":"product-type-simple"},"_links":{"self":[{"href":"https:\/\/brandss.com.py\/index\/wp-json\/wp\/v2\/product\/68238","targetHints":{"allow":["GET"]}}],"collection":[{"href":"https:\/\/brandss.com.py\/index\/wp-json\/wp\/v2\/product"}],"about":[{"href":"https:\/\/brandss.com.py\/index\/wp-json\/wp\/v2\/types\/product"}],"replies":[{"embeddable":true,"href":"https:\/\/brandss.com.py\/index\/wp-json\/wp\/v2\/comments?post=68238"}],"version-history":[{"count":1,"href":"https:\/\/brandss.com.py\/index\/wp-json\/wp\/v2\/product\/68238\/revisions"}],"predecessor-version":[{"id":68247,"href":"https:\/\/brandss.com.py\/index\/wp-json\/wp\/v2\/product\/68238\/revisions\/68247"}],"wp:featuredmedia":[{"embeddable":true,"href":"https:\/\/brandss.com.py\/index\/wp-json\/wp\/v2\/media\/68239"}],"wp:attachment":[{"href":"https:\/\/brandss.com.py\/index\/wp-json\/wp\/v2\/media?parent=68238"}],"wp:term":[{"taxonomy":"product_brand","embeddable":true,"href":"https:\/\/brandss.com.py\/index\/wp-json\/wp\/v2\/product_brand?post=68238"},{"taxonomy":"product_cat","embeddable":true,"href":"https:\/\/brandss.com.py\/index\/wp-json\/wp\/v2\/product_cat?post=68238"},{"taxonomy":"product_tag","embeddable":true,"href":"https:\/\/brandss.com.py\/index\/wp-json\/wp\/v2\/product_tag?post=68238"}],"curies":[{"name":"wp","href":"https:\/\/api.w.org\/{rel}","templated":true}]}}