{"id":68256,"date":"2025-01-29T16:40:53","date_gmt":"2025-01-29T16:40:53","guid":{"rendered":"https:\/\/brandss.com.py\/index\/?post_type=product&#038;p=68256"},"modified":"2026-03-11T12:36:24","modified_gmt":"2026-03-11T12:36:24","slug":"perfume-femenino-versace-yellow-diamond-edt-90ml","status":"publish","type":"product","link":"https:\/\/brandss.com.py\/index\/producto\/perfume-femenino-versace-yellow-diamond-edt-90ml\/","title":{"rendered":"PERFUME FEMENINO VERSACE YELLOW DIAMOND EDT 90ML"},"content":{"rendered":"<p><img loading=\"lazy\" decoding=\"async\" class=\"\" src=\"https:\/\/encrypted-tbn0.gstatic.com\/images?q=tbn:ANd9GcQyISi4AHNZ-ttDM0cq35WuVlgMPxt6YqqZBw&amp;s\" alt=\"versace symbol\" width=\"92\" height=\"115\" \/><\/p>\n<h1>YELLOW DIAMOND<\/h1>\n<p>Una fragancia que evoca la sensaci\u00f3n m\u00e1gica y c\u00e1lida del sol sobre la piel y la embriagadora luz de los atardeceres de verano. Versace Yellow Diamond tiene un aroma floral con acentos frutales y amaderados que le dan un toque sensual y femenino, aterciopelado. Luminoso como un diamante. Pura sensualidad, pura transparencia, clara y pura como la luz: esta nueva y aut\u00e9ntica joya tambi\u00e9n desprende frescura y una incre\u00edble belleza floral.<\/p>\n<p><strong><span>La Fragancia<\/span><\/strong><\/p>\n<div class=\"product-details baseline-small\">\n<p>Como un estallido de luz, la fragancia brilla y reluce mientras se abre con notas de cidra brillante, un sorbete de pera fresco, bergamota chispeante y un acento de neroli.<\/p>\n<p>A medida que emerge su coraz\u00f3n, la rara elegancia de la flor de naranja brilla a trav\u00e9s de la luz de la fresia y la mimosa con la transparencia natural de la ninfea. Las notas de fondo persistentes agregan una fascinante sensaci\u00f3n de sensualidad con maderas ambaradas, el car\u00e1cter soleado y vibrante de la madera de palo santo y la presencia refinada del almizcle.<\/p>\n<p><strong>La botella:<\/strong><\/p>\n<p>El frasco es una creaci\u00f3n \u00fanica que presenta el lujo de una geometr\u00eda limpia. Es un dise\u00f1o de elegancia atemporal, una exquisita pieza moderna de belleza inigualable. \u201cEl color amarillo recuerda el brillo, la sensualidad y la gran energ\u00eda de esta fragancia, capaz de representar y enfatizar el encanto y la feminidad de una mujer\u201d \u2014Donatella Versace<\/p>\n<p><img decoding=\"async\" class=\"alignleft\" src=\"https:\/\/aliss.do\/media\/catalog\/product\/d\/7\/d702eea52fb66502be64c49f57b32d8be08544f2_file.jpg?optimize=medium&amp;bg-color=255,255,255&amp;fit=bounds&amp;height=700&amp;width=700&amp;canvas=700:700\" \/><\/p>\n<h3>Notas Olfativas<\/h3>\n<p>&nbsp;<\/p>\n<p><span>Yellow Diamond es un perfume que encanta con su Bergamota, Cidra de Diamante y Neroli noble con sorbete de pera.<\/span><\/p>\n<p><span>El coraz\u00f3n celebra la feminidad, expres\u00e1ndose con p\u00e9talos de jazm\u00edn y osmanto con flor de naranja y fresia. El fondo se basa en madera de \u00e1mbar y palo santo con benju\u00ed y almizcle chispeante y seductor.<\/span><\/p>\n<p><span>La belleza infinita se refleja en la transparencia de un diamante y se irradia a su alrededor con rayos de luz cristalina. La extraordinaria luz amarilla irradia con una intensidad ardiente y brilla como solo un diamante puede hacerlo. Una aut\u00e9ntica joya de belleza poco com\u00fan se encuentra en Yellow Diamond, un perfume floral fresco y vivo de Versace.<\/span><\/p>\n<p>&nbsp;<\/p>\n<p>&nbsp;<\/p>\n<ul>\n<li><span><strong>Notas de salida:<\/strong> lim\u00f3n de Amalfi, pera, bergamota y neroli.<\/span><\/li>\n<li><span><strong>Notas de coraz\u00f3n:<\/strong> Mimosa, fresia, nen\u00fafar y flor de naranja africana.<\/span><\/li>\n<li><span><strong>Notas de fondo:<\/strong> almizcle, madera de guayaco y \u00e1mbar.<\/span><\/li>\n<\/ul>\n<\/div>\n","protected":false},"excerpt":{"rendered":"<p>YELLOW DIAMOND Una fragancia que evoca la sensaci\u00f3n m\u00e1gica y c\u00e1lida del sol sobre la piel y la embriagadora luz<\/p>\n","protected":false},"featured_media":68257,"comment_status":"open","ping_status":"closed","template":"","meta":{"nf_dc_page":""},"product_brand":[121],"product_cat":[84],"product_tag":[1917],"class_list":{"0":"post-68256","1":"product","2":"type-product","3":"status-publish","4":"has-post-thumbnail","6":"product_brand-versace","7":"product_cat-perfumeria","8":"product_tag-1917","10":"first","11":"outofstock","12":"shipping-taxable","13":"purchasable","14":"product-type-simple"},"_links":{"self":[{"href":"https:\/\/brandss.com.py\/index\/wp-json\/wp\/v2\/product\/68256","targetHints":{"allow":["GET"]}}],"collection":[{"href":"https:\/\/brandss.com.py\/index\/wp-json\/wp\/v2\/product"}],"about":[{"href":"https:\/\/brandss.com.py\/index\/wp-json\/wp\/v2\/types\/product"}],"replies":[{"embeddable":true,"href":"https:\/\/brandss.com.py\/index\/wp-json\/wp\/v2\/comments?post=68256"}],"version-history":[{"count":1,"href":"https:\/\/brandss.com.py\/index\/wp-json\/wp\/v2\/product\/68256\/revisions"}],"predecessor-version":[{"id":68264,"href":"https:\/\/brandss.com.py\/index\/wp-json\/wp\/v2\/product\/68256\/revisions\/68264"}],"wp:featuredmedia":[{"embeddable":true,"href":"https:\/\/brandss.com.py\/index\/wp-json\/wp\/v2\/media\/68257"}],"wp:attachment":[{"href":"https:\/\/brandss.com.py\/index\/wp-json\/wp\/v2\/media?parent=68256"}],"wp:term":[{"taxonomy":"product_brand","embeddable":true,"href":"https:\/\/brandss.com.py\/index\/wp-json\/wp\/v2\/product_brand?post=68256"},{"taxonomy":"product_cat","embeddable":true,"href":"https:\/\/brandss.com.py\/index\/wp-json\/wp\/v2\/product_cat?post=68256"},{"taxonomy":"product_tag","embeddable":true,"href":"https:\/\/brandss.com.py\/index\/wp-json\/wp\/v2\/product_tag?post=68256"}],"curies":[{"name":"wp","href":"https:\/\/api.w.org\/{rel}","templated":true}]}}