{"id":68265,"date":"2025-01-29T17:14:24","date_gmt":"2025-01-29T17:14:24","guid":{"rendered":"https:\/\/brandss.com.py\/index\/?post_type=product&#038;p=68265"},"modified":"2026-03-11T12:36:17","modified_gmt":"2026-03-11T12:36:17","slug":"perfume-femenino-versace-crystal-noir-edt-90ml","status":"publish","type":"product","link":"https:\/\/brandss.com.py\/index\/producto\/perfume-femenino-versace-crystal-noir-edt-90ml\/","title":{"rendered":"PERFUME FEMENINO VERSACE CRYSTAL NOIR EDT 90ML"},"content":{"rendered":"<p><img loading=\"lazy\" decoding=\"async\" class=\"\" src=\"https:\/\/cdn.freebiesupply.com\/logos\/large\/2x\/versace-medusa-2-logo-png-transparent.png\" alt=\"versace symbol\" width=\"66\" height=\"82\" \/><\/p>\n<h1>CRYSTAL NOIR<\/h1>\n<p>Una fragancia para la verdadera mujer Versace. Es sexy, segura de s\u00ed misma y ama la moda, la suntuosidad y la excentricidad. La fragancia es un perfume m\u00e1gico, transparente y sensual al mismo tiempo. Un aroma floral, absolutamente femenino, suave y que deja una impresi\u00f3n duradera. Crystal Noir es una de las fragancias femeninas de mayor \u00e9xito de la casa de moda Versace y, seg\u00fan la propia Donatella Versace, \u201ces una esencia rara, sensual y delicada\u201d. Misterioso y provocador a la vez, Crystal Noir es un perfume para una femme fatale. Es el complemento perfecto para su arsenal de armas que le ayudan a conquistar los corazones de los hombres sin esfuerzo. El frasco est\u00e1 hecho de cristal macizo de color violeta oscuro, mientras que su tap\u00f3n recuerda a la faceta de un diamante.<\/p>\n<p><img loading=\"lazy\" decoding=\"async\" class=\"alignleft\" src=\"https:\/\/www.atlanticoshop.com.py\/image\/catalog\/212%20FRAGANCIAS\/versace%20crystal%20noir%20desc%20esp.jpg\" width=\"794\" height=\"532\" \/><\/p>\n<h3>Notas Olfativas<\/h3>\n<p>&nbsp;<\/p>\n<p>Crystal Noir Eau de Toilette de Versace es una fragancia de la familia olfativa Floral para Mujeres. En su salida se aprecia el toque especiado y un tanto picante del jengibre, el cardamomo y la pimienta. En su fase media, tiene lugar un coraz\u00f3n hechizado por las notas principales de la fragancia: la sensual gardenia y el coco que se acompa\u00f1an con flor de azahar de naranjo y peonia. En la fase final, su estela nos deleita con un irresistible efecto seductor, misterioso y sensual recreado por s\u00e1ndalo, el almizcle y el \u00e1mbar. Crystal Noir es una esencia rara, sensual y delicada. La nota central de la composici\u00f3n es gardenia misteriosa, fresco, sensual, luminosa y cremosa. \u00c1mbar y almizcle en la base proporcionan un aroma oscuro, misterioso y sensual. Esta fragancia Est\u00e1 dedicada a una mujer enigm\u00e1tica y atractiva, distinta al com\u00fan y capaz de seducir con todo lo que ella es, al sexo opuesto!!!<\/p>\n<p><strong>Notas de salida:<\/strong> pimienta, jengibre y cardamomo<\/p>\n<p><strong>Notas de coraz\u00f3n:<\/strong> coco, gardenia, flor de azahar del naranjo y peon\u00eda<\/p>\n<p><strong>Notas de fondo:<\/strong> s\u00e1ndalo, almizcle y \u00e1mbar.<\/p>\n","protected":false},"excerpt":{"rendered":"<p>CRYSTAL NOIR Una fragancia para la verdadera mujer Versace. Es sexy, segura de s\u00ed misma y ama la moda, la<\/p>\n","protected":false},"featured_media":68266,"comment_status":"open","ping_status":"closed","template":"","meta":{"nf_dc_page":""},"product_brand":[121],"product_cat":[84],"product_tag":[1918],"class_list":{"0":"post-68265","1":"product","2":"type-product","3":"status-publish","4":"has-post-thumbnail","6":"product_brand-versace","7":"product_cat-perfumeria","8":"product_tag-1918","10":"first","11":"outofstock","12":"shipping-taxable","13":"purchasable","14":"product-type-simple"},"_links":{"self":[{"href":"https:\/\/brandss.com.py\/index\/wp-json\/wp\/v2\/product\/68265","targetHints":{"allow":["GET"]}}],"collection":[{"href":"https:\/\/brandss.com.py\/index\/wp-json\/wp\/v2\/product"}],"about":[{"href":"https:\/\/brandss.com.py\/index\/wp-json\/wp\/v2\/types\/product"}],"replies":[{"embeddable":true,"href":"https:\/\/brandss.com.py\/index\/wp-json\/wp\/v2\/comments?post=68265"}],"version-history":[{"count":1,"href":"https:\/\/brandss.com.py\/index\/wp-json\/wp\/v2\/product\/68265\/revisions"}],"predecessor-version":[{"id":68273,"href":"https:\/\/brandss.com.py\/index\/wp-json\/wp\/v2\/product\/68265\/revisions\/68273"}],"wp:featuredmedia":[{"embeddable":true,"href":"https:\/\/brandss.com.py\/index\/wp-json\/wp\/v2\/media\/68266"}],"wp:attachment":[{"href":"https:\/\/brandss.com.py\/index\/wp-json\/wp\/v2\/media?parent=68265"}],"wp:term":[{"taxonomy":"product_brand","embeddable":true,"href":"https:\/\/brandss.com.py\/index\/wp-json\/wp\/v2\/product_brand?post=68265"},{"taxonomy":"product_cat","embeddable":true,"href":"https:\/\/brandss.com.py\/index\/wp-json\/wp\/v2\/product_cat?post=68265"},{"taxonomy":"product_tag","embeddable":true,"href":"https:\/\/brandss.com.py\/index\/wp-json\/wp\/v2\/product_tag?post=68265"}],"curies":[{"name":"wp","href":"https:\/\/api.w.org\/{rel}","templated":true}]}}