{"id":68274,"date":"2025-01-29T17:46:29","date_gmt":"2025-01-29T17:46:29","guid":{"rendered":"https:\/\/brandss.com.py\/index\/?post_type=product&#038;p=68274"},"modified":"2026-03-11T12:52:35","modified_gmt":"2026-03-11T12:52:35","slug":"perfume-femenino-hugo-boss-femme-edp-75ml","status":"publish","type":"product","link":"https:\/\/brandss.com.py\/index\/producto\/perfume-femenino-hugo-boss-femme-edp-75ml\/","title":{"rendered":"PERFUME FEMENINO HUGO BOSS FEMME EDP 75ML"},"content":{"rendered":"<p><img loading=\"lazy\" decoding=\"async\" class=\"\" src=\"https:\/\/cdn.freebiesupply.com\/logos\/large\/2x\/boss-hugo-boss-logo-png-transparent.png\" alt=\"Boss Hugo Boss Logo PNG Transparent &amp; SVG Vector - Freebie Supply\" width=\"96\" height=\"96\" \/><\/p>\n<h1>FEMME<\/h1>\n<div>Una experiencia que seduce con el perfume m\u00e1s rabiosamente femenino de BOSS: Femme by BOSS es armon\u00eda en un frasco; una met\u00e1fora perfumada de la feminidad moderna. Femme es una oda dedicada a la mujer, rom\u00e1ntica y alegre. So\u00f1adora, esencia de la feminidad. El perfume es alegre, brillante y casual.<img loading=\"lazy\" decoding=\"async\" class=\"alignright\" src=\"https:\/\/imagedelivery.net\/4fYuQyy-r8_rpBpcY7lH_A\/falabellaCL\/5349769_3\/w=800,h=800,fit=pad\" width=\"459\" height=\"459\" \/><\/div>\n<div>El perfume presenta una base cremosa parecida al almizcle, que se realza con las notas de entrada afrutadas de mandarina y grosella negra. Estos aromas combinan perfectamente con la stephanotis, la rosa y el lirio oriental, tres flores blancas que emanan la sutil aura de calidez del aroma. Ampl\u00ede su selecci\u00f3n de perfumes con este irresistible aroma.<\/div>\n<div>\n<div id=\"description\" class=\"collapse in product\">\n<p>Femme By Boss Eau de Parfum\u00a0es una met\u00e1fora olfativa de la feminidad moderna.<\/p>\n<blockquote>\n<p class=\"text-center\">Una experiencia seductora y la fragancia m\u00e1s liberadoramente femenina.<\/p>\n<\/blockquote>\n<p>Boss Femme es la\u00a0armon\u00eda en un frasco.<\/p>\n<p>Proyectada por las afrutadas notas de salida de mandarina y grosella negra, la fragancia se asienta sobre una base cremosa y almizclada.<\/p>\n<p>\u00c9sta trabaja con el tr\u00edo floral blanco de estefanotis, rosa y lirio oriental para dejar tras de s\u00ed s\u00f3lo un aura sutil y c\u00e1lida del aroma.<\/p>\n<p>Un parfum radiante, suave y terso.<\/p>\n<p><img loading=\"lazy\" decoding=\"async\" class=\"alignleft\" src=\"https:\/\/aromatica.cr\/cdn\/shop\/files\/Boss-Femme-EDP-para-mujer-75-ml-Aromatica-CR-67815844.jpg?v=1727906201&amp;width=713\" width=\"473\" height=\"473\" \/><\/p>\n<h3>Notas Olfativas<\/h3>\n<p>&nbsp;<\/p>\n<p>Boss Femme Eau de Parfum Hugo Boss, lanzada en 2006, est\u00e1 clasificada como una fragancia para mujeres y pertenece a las familias Frutal y Floral. Boss Femme Eau de Parfum forma parte de la colecci\u00f3n Boss Femme.<\/p>\n<p><b>Notas de salida<\/b>: Mandarina, brotes de grosella negra, fresia.<\/p>\n<p><b>Notas de<\/b>\u00a0<strong>coraz\u00f3n<\/strong>: Lirio oriental, Staphanotis, P\u00e9talo de rosa.<\/p>\n<p><b>Nota<\/b><strong>s\u00a0de fondo:<\/strong> Notas almizcladas, albaricoque, madera de sat\u00e9n.<\/p>\n<\/div>\n<\/div>\n","protected":false},"excerpt":{"rendered":"<p>FEMME Una experiencia que seduce con el perfume m\u00e1s rabiosamente femenino de BOSS: Femme by BOSS es armon\u00eda en un<\/p>\n","protected":false},"featured_media":68275,"comment_status":"open","ping_status":"closed","template":"","meta":{"nf_dc_page":""},"product_brand":[130],"product_cat":[84],"product_tag":[857],"class_list":{"0":"post-68274","1":"product","2":"type-product","3":"status-publish","4":"has-post-thumbnail","6":"product_brand-hugo-boss","7":"product_cat-perfumeria","8":"product_tag-857","10":"first","11":"outofstock","12":"sale","13":"shipping-taxable","14":"purchasable","15":"product-type-simple"},"_links":{"self":[{"href":"https:\/\/brandss.com.py\/index\/wp-json\/wp\/v2\/product\/68274","targetHints":{"allow":["GET"]}}],"collection":[{"href":"https:\/\/brandss.com.py\/index\/wp-json\/wp\/v2\/product"}],"about":[{"href":"https:\/\/brandss.com.py\/index\/wp-json\/wp\/v2\/types\/product"}],"replies":[{"embeddable":true,"href":"https:\/\/brandss.com.py\/index\/wp-json\/wp\/v2\/comments?post=68274"}],"version-history":[{"count":1,"href":"https:\/\/brandss.com.py\/index\/wp-json\/wp\/v2\/product\/68274\/revisions"}],"predecessor-version":[{"id":68281,"href":"https:\/\/brandss.com.py\/index\/wp-json\/wp\/v2\/product\/68274\/revisions\/68281"}],"wp:featuredmedia":[{"embeddable":true,"href":"https:\/\/brandss.com.py\/index\/wp-json\/wp\/v2\/media\/68275"}],"wp:attachment":[{"href":"https:\/\/brandss.com.py\/index\/wp-json\/wp\/v2\/media?parent=68274"}],"wp:term":[{"taxonomy":"product_brand","embeddable":true,"href":"https:\/\/brandss.com.py\/index\/wp-json\/wp\/v2\/product_brand?post=68274"},{"taxonomy":"product_cat","embeddable":true,"href":"https:\/\/brandss.com.py\/index\/wp-json\/wp\/v2\/product_cat?post=68274"},{"taxonomy":"product_tag","embeddable":true,"href":"https:\/\/brandss.com.py\/index\/wp-json\/wp\/v2\/product_tag?post=68274"}],"curies":[{"name":"wp","href":"https:\/\/api.w.org\/{rel}","templated":true}]}}