{"id":68282,"date":"2025-01-29T18:16:20","date_gmt":"2025-01-29T18:16:20","guid":{"rendered":"https:\/\/brandss.com.py\/index\/?post_type=product&#038;p=68282"},"modified":"2025-12-09T12:26:10","modified_gmt":"2025-12-09T12:26:10","slug":"perfume-masculino-antonio-banderas-the-golden-secret-edt-100ml","status":"publish","type":"product","link":"https:\/\/brandss.com.py\/index\/producto\/perfume-masculino-antonio-banderas-the-golden-secret-edt-100ml\/","title":{"rendered":"PERFUME MASCULINO ANTONIO BANDERAS THE GOLDEN SECRET EDT 100ML"},"content":{"rendered":"<p><img loading=\"lazy\" decoding=\"async\" class=\"\" src=\"https:\/\/www.shoppingchina.com.py\/rails\/active_storage\/blobs\/redirect\/eyJfcmFpbHMiOnsibWVzc2FnZSI6IkJBaHBBMVJFQlE9PSIsImV4cCI6bnVsbCwicHVyIjoiYmxvYl9pZCJ9fQ==--adbaa680ab01e41c542cd151fbaf853b469c4e45\/antonioban.webp\" alt=\"KIT PERFUME ANTONIO BANDERAS DIAVOLO FOR ME...\" width=\"111\" height=\"111\" \/><\/p>\n<h1>THE GOLDEN SECRET<\/h1>\n<p><span>The Golden Secret es un perfume especiado de Banderas para hombre, con aroma a menta y notas de madera y cuero.<\/span><\/p>\n<p><span>El perfume masculino The Golden Secret de Banderas nos trae un concentrado de inconfundible seducci\u00f3n gracias a la perfecta combinaci\u00f3n de acordes especiados de pimiento rojo y nuez moscada, junto con la calidez de la madera de cedro y el cuero. Una fragancia especiada amaderada con aroma a cuero, presentada en un lujoso frasco dorado para las ocasiones m\u00e1s especiales.<\/span><\/p>\n<p><span>El secreto m\u00e1s escondido de un seductor. La locion The Golden Secret no es solo una fragancia, sino una declaraci\u00f3n de estilo y presencia. Con su empaque elegante y su aroma inigualable, es el complemento perfecto para el hombre moderno que desea destacar en cualquier situaci\u00f3n. Este perfume encarna el secreto m\u00e1s preciado del verdadero seductor, convirti\u00e9ndose en un aliado indispensable para realzar su atractivo natural.<\/span><\/p>\n<p><img loading=\"lazy\" decoding=\"async\" class=\"alignleft\" src=\"https:\/\/resources.sanborns.com.mx\/imagenes-sanborns-ii\/1200\/8411061067604_7.jpg?scale=700&amp;qlty=80\" width=\"648\" height=\"648\" \/><\/p>\n<h3>Notas Olfativas<\/h3>\n<p>&nbsp;<\/p>\n<p>El perfume The Golden Secret de Antonio Banderas es una fragancia creada para el hombre que posee un aire de misterio y sofisticaci\u00f3n. Esta Eau de Toilette pertenece a la familia olfativa Arom\u00e1tica Especiada, ideal para ocasiones especiales y momentos donde la elegancia y el carisma son esenciales.<\/p>\n<p><strong>Notas de Salida:<\/strong> Arom\u00e1ticas, Notas de Menta y Licor de Manzana.<\/p>\n<p><strong>Notas de Coraz\u00f3n:<\/strong> Nuez Moscada, Pimienta y Comino.<\/p>\n<p><strong>Notas de Fondo:<\/strong> musgo, madera de cedro y cuero.<\/p>\n","protected":false},"excerpt":{"rendered":"<p>THE GOLDEN SECRET The Golden Secret es un perfume especiado de Banderas para hombre, con aroma a menta y notas<\/p>\n","protected":false},"featured_media":68283,"comment_status":"open","ping_status":"closed","template":"","meta":{"nf_dc_page":""},"product_brand":[870],"product_cat":[84],"product_tag":[1642],"class_list":{"0":"post-68282","1":"product","2":"type-product","3":"status-publish","4":"has-post-thumbnail","6":"product_brand-antonio-banderas","7":"product_cat-perfumeria","8":"product_tag-1642","10":"first","11":"instock","12":"shipping-taxable","13":"purchasable","14":"product-type-simple"},"_links":{"self":[{"href":"https:\/\/brandss.com.py\/index\/wp-json\/wp\/v2\/product\/68282","targetHints":{"allow":["GET"]}}],"collection":[{"href":"https:\/\/brandss.com.py\/index\/wp-json\/wp\/v2\/product"}],"about":[{"href":"https:\/\/brandss.com.py\/index\/wp-json\/wp\/v2\/types\/product"}],"replies":[{"embeddable":true,"href":"https:\/\/brandss.com.py\/index\/wp-json\/wp\/v2\/comments?post=68282"}],"version-history":[{"count":1,"href":"https:\/\/brandss.com.py\/index\/wp-json\/wp\/v2\/product\/68282\/revisions"}],"predecessor-version":[{"id":68290,"href":"https:\/\/brandss.com.py\/index\/wp-json\/wp\/v2\/product\/68282\/revisions\/68290"}],"wp:featuredmedia":[{"embeddable":true,"href":"https:\/\/brandss.com.py\/index\/wp-json\/wp\/v2\/media\/68283"}],"wp:attachment":[{"href":"https:\/\/brandss.com.py\/index\/wp-json\/wp\/v2\/media?parent=68282"}],"wp:term":[{"taxonomy":"product_brand","embeddable":true,"href":"https:\/\/brandss.com.py\/index\/wp-json\/wp\/v2\/product_brand?post=68282"},{"taxonomy":"product_cat","embeddable":true,"href":"https:\/\/brandss.com.py\/index\/wp-json\/wp\/v2\/product_cat?post=68282"},{"taxonomy":"product_tag","embeddable":true,"href":"https:\/\/brandss.com.py\/index\/wp-json\/wp\/v2\/product_tag?post=68282"}],"curies":[{"name":"wp","href":"https:\/\/api.w.org\/{rel}","templated":true}]}}