{"id":68292,"date":"2025-01-29T18:38:52","date_gmt":"2025-01-29T18:38:52","guid":{"rendered":"https:\/\/brandss.com.py\/index\/?post_type=product&#038;p=68292"},"modified":"2026-03-11T11:48:33","modified_gmt":"2026-03-11T11:48:33","slug":"perfume-masculino-antonio-banderas-the-secret-edt-100ml","status":"publish","type":"product","link":"https:\/\/brandss.com.py\/index\/producto\/perfume-masculino-antonio-banderas-the-secret-edt-100ml\/","title":{"rendered":"PERFUME MASCULINO ANTONIO BANDERAS THE SECRET EDT 100ML"},"content":{"rendered":"<p><img loading=\"lazy\" decoding=\"async\" class=\"\" src=\"https:\/\/www.shoppingchina.com.py\/rails\/active_storage\/blobs\/redirect\/eyJfcmFpbHMiOnsibWVzc2FnZSI6IkJBaHBBMVJFQlE9PSIsImV4cCI6bnVsbCwicHVyIjoiYmxvYl9pZCJ9fQ==--adbaa680ab01e41c542cd151fbaf853b469c4e45\/antonioban.webp\" alt=\"KIT PERFUME ANTONIO BANDERAS DIAVOLO FOR ME...\" width=\"69\" height=\"69\" \/><\/p>\n<h1>THE SECRET<\/h1>\n<p>The Secret de Banderas, un perfume masculino misterioso y magn\u00e9tico, que encierra el secreto del \u00e9xito del aut\u00e9ntico seductor con un aroma a menta. The Secret de Banderas es la esencia del poder de seducci\u00f3n. Una personalidad rica y vital capturada en un perfume de hombre sensual, refinado y extremadamente cautivador. Un secreto que se revela para el hombre moderno que se burla de las leyes cl\u00e1sicas de la seducci\u00f3n y que fusiona con elegancia lo natural y lo esencial.<br \/>\nMagnetismo en estado puro.<\/p>\n<p><img loading=\"lazy\" decoding=\"async\" class=\"alignleft\" src=\"https:\/\/acdn.mitiendanube.com\/stores\/001\/487\/363\/products\/thesecreteaudetoiletteantonioban-3-511c1ce095803ef30c17007638322014-1024-1024.png\" width=\"695\" height=\"695\" \/><\/p>\n<h3>Notas Olfativas<\/h3>\n<p>&nbsp;<\/p>\n<p>The Secret de Antonio Banderas es una fragancia de la familia olfativa \u00c1mbar Especiada para Hombres. Un perfume misterioso y magn\u00e9tico que encierra el secreto del \u00e9xito del aut\u00e9ntico seductor.<\/p>\n<p><big>La fragancia Secret es una expresi\u00f3n de la esencia de la masculinidad y misterio de la sensualidad, a trav\u00e9s de la combinaci\u00f3n de madera, \u00e1mbar\u00a0y los acuerdos de cuero, que aportan un interesante vibraciones a la base de lo moderno. Las notas superiores sorprender con un licor y la frescura picante que realza los sentidos y evoluciona a una muy masculina, base irresistible y sensual.\u00a0T\u00fa tienes la llave para abrir el frasco que ser\u00e1 el secreto de tu \u00e9xito.<\/big><\/p>\n<p>&nbsp;<\/p>\n<ul>\n<li><strong>Notas de salida:<\/strong> C\u00edtrico arom\u00e1tico, pomelo blanco, bergamota y menta.<\/li>\n<li><strong>Notas de coraz\u00f3n:<\/strong> Frescor especiado, afrutado licoroso, cardamomo, canela, pimienta y acorde de manzana licorosa.<\/li>\n<li><strong>Notas de fondo:<\/strong> Madera, oriental, musk, pachul\u00ed, vainilla, haba tonka y notas de cuero.<\/li>\n<\/ul>\n","protected":false},"excerpt":{"rendered":"<p>THE SECRET The Secret de Banderas, un perfume masculino misterioso y magn\u00e9tico, que encierra el secreto del \u00e9xito del aut\u00e9ntico<\/p>\n","protected":false},"featured_media":68293,"comment_status":"open","ping_status":"closed","template":"","meta":{"nf_dc_page":""},"product_brand":[870],"product_cat":[84],"product_tag":[3065],"class_list":{"0":"post-68292","1":"product","2":"type-product","3":"status-publish","4":"has-post-thumbnail","6":"product_brand-antonio-banderas","7":"product_cat-perfumeria","8":"product_tag-3065","10":"first","11":"instock","12":"shipping-taxable","13":"purchasable","14":"product-type-simple"},"_links":{"self":[{"href":"https:\/\/brandss.com.py\/index\/wp-json\/wp\/v2\/product\/68292","targetHints":{"allow":["GET"]}}],"collection":[{"href":"https:\/\/brandss.com.py\/index\/wp-json\/wp\/v2\/product"}],"about":[{"href":"https:\/\/brandss.com.py\/index\/wp-json\/wp\/v2\/types\/product"}],"replies":[{"embeddable":true,"href":"https:\/\/brandss.com.py\/index\/wp-json\/wp\/v2\/comments?post=68292"}],"version-history":[{"count":1,"href":"https:\/\/brandss.com.py\/index\/wp-json\/wp\/v2\/product\/68292\/revisions"}],"predecessor-version":[{"id":68298,"href":"https:\/\/brandss.com.py\/index\/wp-json\/wp\/v2\/product\/68292\/revisions\/68298"}],"wp:featuredmedia":[{"embeddable":true,"href":"https:\/\/brandss.com.py\/index\/wp-json\/wp\/v2\/media\/68293"}],"wp:attachment":[{"href":"https:\/\/brandss.com.py\/index\/wp-json\/wp\/v2\/media?parent=68292"}],"wp:term":[{"taxonomy":"product_brand","embeddable":true,"href":"https:\/\/brandss.com.py\/index\/wp-json\/wp\/v2\/product_brand?post=68292"},{"taxonomy":"product_cat","embeddable":true,"href":"https:\/\/brandss.com.py\/index\/wp-json\/wp\/v2\/product_cat?post=68292"},{"taxonomy":"product_tag","embeddable":true,"href":"https:\/\/brandss.com.py\/index\/wp-json\/wp\/v2\/product_tag?post=68292"}],"curies":[{"name":"wp","href":"https:\/\/api.w.org\/{rel}","templated":true}]}}