{"id":68313,"date":"2025-01-30T11:29:41","date_gmt":"2025-01-30T11:29:41","guid":{"rendered":"https:\/\/brandss.com.py\/index\/?post_type=product&#038;p=68313"},"modified":"2025-12-11T14:16:49","modified_gmt":"2025-12-11T14:16:49","slug":"perfume-femenino-antonio-banderas-blue-seduction-edt-80ml","status":"publish","type":"product","link":"https:\/\/brandss.com.py\/index\/producto\/perfume-femenino-antonio-banderas-blue-seduction-edt-80ml\/","title":{"rendered":"PERFUME FEMENINO ANTONIO BANDERAS BLUE SEDUCTION EDT 80ML"},"content":{"rendered":"<p><img loading=\"lazy\" decoding=\"async\" class=\"\" src=\"https:\/\/www.shoppingchina.com.py\/rails\/active_storage\/blobs\/redirect\/eyJfcmFpbHMiOnsibWVzc2FnZSI6IkJBaHBBMVJFQlE9PSIsImV4cCI6bnVsbCwicHVyIjoiYmxvYl9pZCJ9fQ==--adbaa680ab01e41c542cd151fbaf853b469c4e45\/antonioban.webp\" alt=\"KIT PERFUME ANTONIO BANDERAS DIAVOLO FOR ME...\" width=\"69\" height=\"69\" \/><\/p>\n<h1>BLUE SEDUCTION<\/h1>\n<p><span>Es un perfume femenino floral acu\u00e1tico para mujeres espont\u00e1neas, sensuales y divertidas. Blue Seduction for Women combina a la perfecci\u00f3n la feminidad, a trav\u00e9s de notas dulces, con un delicado frescor, con flores y frutas. <\/span><\/p>\n<p><span>Con notas combinadas armoniosamente entre s\u00ed, el resultado de Antonio Banderas Blue Seduction Feminino no pod\u00eda ser diferente: un perfume para mujeres din\u00e1micas, alegres y con un alto poder de atracci\u00f3n.<img loading=\"lazy\" decoding=\"async\" class=\"alignleft\" src=\"https:\/\/m.media-amazon.com\/images\/I\/61meATv7U+L._AC_SX679_.jpg\" width=\"654\" height=\"654\" \/><\/span><\/p>\n<p style=\"font-weight: 400\">Blue Seduction es el reflejo de una mujer sexy, elegante, seductora y muy femenina. Una mujer con personalidad, moderna y espont\u00e1nea, fuerte en el arte de la seducci\u00f3n y que vive cada momento intensamente.<\/p>\n<p>Conoce a la Mujer Seducci\u00f3n Azul de Banderas.<\/p>\n<p>&nbsp;<\/p>\n<h3>Notas Olfativas<\/h3>\n<p>&nbsp;<\/p>\n<p><span>El perfume Antonio Banderas Blue Seduction es una fragancia de la familia olfativa floral acu\u00e1tica para mujeres. Desarrollada por el perfumista Olivier Cresp, esta fragancia se lanz\u00f3 en 2008 y tiene una &#8220;frescura acu\u00e1tica&#8221;. Las notas de Blue Seduction incluyen:<\/span><\/p>\n<ul>\n<li><strong><span>Notas de salida:<\/span><\/strong><span>\u00a0\u00a0bergamota, pera, mel\u00f3n y hojas de violeta.<\/span><\/li>\n<li><strong><span>Notas de coraz\u00f3n: <\/span><\/strong><span>\u00a0Gardenia, peon\u00eda, jazm\u00edn, lirio de los valles y rosa de Bulgaria.<\/span><\/li>\n<li><strong><span>Notas de fondo:\u00a0<\/span><\/strong><span>\u00a0pachul\u00ed, almizcle, frambuesa y benju\u00ed.<\/span><\/li>\n<\/ul>\n","protected":false},"excerpt":{"rendered":"<p>BLUE SEDUCTION Es un perfume femenino floral acu\u00e1tico para mujeres espont\u00e1neas, sensuales y divertidas. Blue Seduction for Women combina a<\/p>\n","protected":false},"featured_media":68315,"comment_status":"open","ping_status":"closed","template":"","meta":{"nf_dc_page":""},"product_brand":[870],"product_cat":[84],"product_tag":[1920],"class_list":{"0":"post-68313","1":"product","2":"type-product","3":"status-publish","4":"has-post-thumbnail","6":"product_brand-antonio-banderas","7":"product_cat-perfumeria","8":"product_tag-1920","10":"first","11":"instock","12":"shipping-taxable","13":"purchasable","14":"product-type-simple"},"_links":{"self":[{"href":"https:\/\/brandss.com.py\/index\/wp-json\/wp\/v2\/product\/68313","targetHints":{"allow":["GET"]}}],"collection":[{"href":"https:\/\/brandss.com.py\/index\/wp-json\/wp\/v2\/product"}],"about":[{"href":"https:\/\/brandss.com.py\/index\/wp-json\/wp\/v2\/types\/product"}],"replies":[{"embeddable":true,"href":"https:\/\/brandss.com.py\/index\/wp-json\/wp\/v2\/comments?post=68313"}],"version-history":[{"count":1,"href":"https:\/\/brandss.com.py\/index\/wp-json\/wp\/v2\/product\/68313\/revisions"}],"predecessor-version":[{"id":68321,"href":"https:\/\/brandss.com.py\/index\/wp-json\/wp\/v2\/product\/68313\/revisions\/68321"}],"wp:featuredmedia":[{"embeddable":true,"href":"https:\/\/brandss.com.py\/index\/wp-json\/wp\/v2\/media\/68315"}],"wp:attachment":[{"href":"https:\/\/brandss.com.py\/index\/wp-json\/wp\/v2\/media?parent=68313"}],"wp:term":[{"taxonomy":"product_brand","embeddable":true,"href":"https:\/\/brandss.com.py\/index\/wp-json\/wp\/v2\/product_brand?post=68313"},{"taxonomy":"product_cat","embeddable":true,"href":"https:\/\/brandss.com.py\/index\/wp-json\/wp\/v2\/product_cat?post=68313"},{"taxonomy":"product_tag","embeddable":true,"href":"https:\/\/brandss.com.py\/index\/wp-json\/wp\/v2\/product_tag?post=68313"}],"curies":[{"name":"wp","href":"https:\/\/api.w.org\/{rel}","templated":true}]}}